{"id":14281,"date":"2024-06-25T04:06:30","date_gmt":"2024-06-24T18:06:30","guid":{"rendered":"https:\/\/standify.org\/shop\/anime-gym-shorts\/"},"modified":"2026-04-06T13:35:06","modified_gmt":"2026-04-06T03:35:06","slug":"anime-gym-shorts","status":"publish","type":"product","link":"https:\/\/standify.org\/pl\/shop\/anime-gym-shorts\/","title":{"rendered":"Spodenki gimnastyczne anime"},"content":{"rendered":"<p><strong>Wyj\u0105tkowy materia\u0142: Spodenki m\u0119skie 2 w 1 s\u0105 wykonane z ulepszonego materia\u0142u poliester + spandex, mi\u0119kkiego i wygodnego, a 4-kierunkowa technologia rozci\u0105gania zapewnia elastyczno\u015b\u0107 i swobod\u0119 ruch\u00f3w. Szybkoschn\u0105cy materia\u0142 nie b\u0119dzie duszny podczas \u0107wicze\u0144, ch\u0142odny, oddychaj\u0105cy i wygodny.<\/strong><\/p>\n<p>Doskona\u0142y kr\u00f3j: Sznurek w pasie mo\u017cna dopasowa\u0107 do sylwetki, a elastyczna talia zapewnia maksymalny komfort. Dwie boczne kieszenie, wystarczaj\u0105ce do przenoszenia telefonu, portfela i innych drobiazg\u00f3w.<\/p>\n<p>Ulepszona podszewka: Wewn\u0119trzna podszewka jest wzmocniona i bardziej elastyczna. Mo\u017cna poczu\u0107 r\u00f3\u017cnic\u0119 mi\u0119dzy ni\u0105 a zwyk\u0142ymi szortami, gdy jej dotkniesz, i ma wy\u017csz\u0105 jako\u015b\u0107. Tkanina jest dobrze wykonana, delikatna i wygodna, i nie ma z\u0142ego uczucia, takiego jak tarcie.<\/p>\n<p>Unikalny nadruk: Graficzny nadruk zapewnia stylowy wygl\u0105d, inspirowany ulubion\u0105 postaci\u0105 z anime, modny i fajny.<\/p>\n<p>Odpowiednie scenariusze: Spodenki 2 w 1 s\u0105 odpowiednie do noszenia w domu, biegania na \u015bwie\u017cym powietrzu, uprawiania sportu, si\u0142owni, \u0107wicze\u0144, jogi, pla\u017cy i innych okazji, z wysokim komfortem, klasycznym i modnym stylem.<\/p>\n<p>Wskaz\u00f3wki dotycz\u0105ce prania: Mo\u017cna pra\u0107 r\u0119cznie lub w pralce. Kolor nie blaknie po wielokrotnym czyszczeniu. Nie wybiela\u0107.<br \/>\n<img decoding=\"async\" src=\"https:\/\/ae01.alicdn.com\/kf\/S7696f4a1b2a7483fbbfa3933408d6b6fz.jpg?width=606&amp;height=340&amp;hash=946\" alt=\"Standify Figurki anime Dragon Ball Z i stojak na s\u0142uchawki Goku\"><br \/>\n<img decoding=\"async\" src=\"https:\/\/ae01.alicdn.com\/kf\/Sfdae12f0a0b54f5ea6f1c6e12f26aebbB.jpg?width=800&amp;height=800&amp;hash=1600\" alt=\"Standify Figurki anime Dragon Ball Z i stojak na s\u0142uchawki Goku\"><br \/>\n<strong>. <\/strong> <img decoding=\"async\" src=\"https:\/\/ae01.alicdn.com\/kf\/Sb9bc18c5b15d4a6f89911f7bb4a35161d.jpg?width=800&amp;height=800&amp;hash=1600\" alt=\"Standify Figurki anime Dragon Ball Z i stojak na s\u0142uchawki Goku\">\u00a0<img decoding=\"async\" src=\"https:\/\/ae01.alicdn.com\/kf\/Sdae5e77c1f224ec2a2765f75c49da18aQ.jpg?width=750&amp;height=1333&amp;hash=2083\" alt=\"Standify Figurki anime Dragon Ball Z i stojak na s\u0142uchawki Goku\"> <img decoding=\"async\" src=\"https:\/\/ae01.alicdn.com\/kf\/S2b118ff0eeff486c81e12e57f35b580eH.jpg?width=800&amp;height=800&amp;hash=1600\" alt=\"Standify Figurki anime Dragon Ball Z i stojak na s\u0142uchawki Goku\"> <img decoding=\"async\" src=\"https:\/\/ae01.alicdn.com\/kf\/S93043a3799ce48549641fa1c266d6e2eI.jpg?width=800&amp;height=800&amp;hash=1600\" alt=\"Standify Figurki anime Dragon Ball Z i stojak na s\u0142uchawki Goku\"> <img decoding=\"async\" src=\"https:\/\/ae01.alicdn.com\/kf\/Sf06bec503a9a47389f8fc3b8ec2d225eU.jpg?width=800&amp;height=800&amp;hash=1600\" alt=\"Standify Figurki anime Dragon Ball Z i stojak na s\u0142uchawki Goku\"> <img decoding=\"async\" src=\"https:\/\/ae01.alicdn.com\/kf\/S4a24b1b0b9bd45dca0d8c52cedde39eaW.jpg?width=800&amp;height=800&amp;hash=1600\" alt=\"Standify Figurki anime Dragon Ball Z i stojak na s\u0142uchawki Goku\"><\/p>","protected":false},"excerpt":{"rendered":"<p>Outstanding Material: The 2 In 1 men&#8217;s shorts are made of polyester + spandex upgraded fabric, soft and comfortable, the<\/p>","protected":false},"featured_media":14227,"comment_status":"open","ping_status":"closed","template":"","meta":[],"product_brand":[],"product_cat":[641,16,20],"product_tag":[],"class_list":{"0":"post-14281","1":"product","2":"type-product","3":"status-publish","4":"has-post-thumbnail","6":"product_cat-dragon-ball-z-super-saiyan","7":"product_cat-standify","8":"product_cat-apparel","10":"first","11":"instock","12":"sale","13":"taxable","14":"shipping-taxable","15":"purchasable","16":"product-type-variable"},"jetpack_sharing_enabled":true,"_links":{"self":[{"href":"https:\/\/standify.org\/pl\/wp-json\/wp\/v2\/product\/14281","targetHints":{"allow":["GET"]}}],"collection":[{"href":"https:\/\/standify.org\/pl\/wp-json\/wp\/v2\/product"}],"about":[{"href":"https:\/\/standify.org\/pl\/wp-json\/wp\/v2\/types\/product"}],"replies":[{"embeddable":true,"href":"https:\/\/standify.org\/pl\/wp-json\/wp\/v2\/comments?post=14281"}],"version-history":[{"count":0,"href":"https:\/\/standify.org\/pl\/wp-json\/wp\/v2\/product\/14281\/revisions"}],"wp:featuredmedia":[{"embeddable":true,"href":"https:\/\/standify.org\/pl\/wp-json\/wp\/v2\/media\/14227"}],"wp:attachment":[{"href":"https:\/\/standify.org\/pl\/wp-json\/wp\/v2\/media?parent=14281"}],"wp:term":[{"taxonomy":"product_brand","embeddable":true,"href":"https:\/\/standify.org\/pl\/wp-json\/wp\/v2\/product_brand?post=14281"},{"taxonomy":"product_cat","embeddable":true,"href":"https:\/\/standify.org\/pl\/wp-json\/wp\/v2\/product_cat?post=14281"},{"taxonomy":"product_tag","embeddable":true,"href":"https:\/\/standify.org\/pl\/wp-json\/wp\/v2\/product_tag?post=14281"}],"curies":[{"name":"wp","href":"https:\/\/api.w.org\/{rel}","templated":true}]}}