{"id":13934,"date":"2024-06-25T03:04:52","date_gmt":"2024-06-24T17:04:52","guid":{"rendered":"https:\/\/standify.org\/shop\/dragon-ball-dbz-wallet\/"},"modified":"2025-11-01T03:12:41","modified_gmt":"2025-10-31T17:12:41","slug":"dragon-ball-dbz-wallet","status":"publish","type":"product","link":"https:\/\/standify.org\/pl\/shop\/dragon-ball-dbz-wallet\/","title":{"rendered":"Portfel Dragon Ball DBZ"},"content":{"rendered":"<p>Uwolnij swojego wewn\u0119trznego Saiyana dzi\u0119ki <strong>Portfele Dragon Ball Z Goku<\/strong>! Niezale\u017cnie od tego, czy wcielasz si\u0119 w ducha Goku, Super Saiyana, czy opanowujesz Ultra Instynkt, te portfele s\u0105 obowi\u0105zkowe dla ka\u017cdego fana Dragon Ball Z.<\/p>\n<p>Wykonany z trwa\u0142ych materia\u0142\u00f3w i wyposa\u017cony w \u017cywe, wysokiej jako\u015bci nadruki, ka\u017cdy portfel przedstawia kultowe wizerunki Goku w jego najpot\u0119\u017cniejszych formach. Dzi\u0119ki du\u017cej ilo\u015bci miejsc na karty i eleganckiemu designowi portfele te s\u0105 idealne do codziennego u\u017cytku lub dodania odrobiny stylu DBZ do swojej kolekcji.<\/p>\n<p>Do\u0142\u0105cz do Goku w jego przygodach i no\u015b ze sob\u0105 kawa\u0142ek uniwersum Dragon Ball Z, gdziekolwiek jeste\u015b! Idealny dla fan\u00f3w w ka\u017cdym wieku, ten portfel jest nie tylko praktycznym dodatkiem, ale tak\u017ce wyrazem mi\u0142o\u015bci do jednej z najwi\u0119kszych sag anime wszechczas\u00f3w. Przygotuj si\u0119 na podkr\u0119cenie swojego stylu!<\/p>","protected":false},"excerpt":{"rendered":"<p>Uwolnij swojego wewn\u0119trznego Saiyana dzi\u0119ki portfelom Dragon Ball Z Goku! Niezale\u017cnie od tego, czy wcielasz si\u0119 w ducha Goku, Super Saiyan,<\/p>","protected":false},"featured_media":13904,"comment_status":"open","ping_status":"closed","template":"","meta":[],"product_brand":[],"product_cat":[641,20],"product_tag":[19],"class_list":{"0":"post-13934","1":"product","2":"type-product","3":"status-publish","4":"has-post-thumbnail","6":"product_cat-dragon-ball-z-super-saiyan","7":"product_cat-apparel","8":"product_tag-clothing","10":"first","11":"instock","12":"sale","13":"taxable","14":"shipping-taxable","15":"purchasable","16":"product-type-variable"},"jetpack_sharing_enabled":true,"_links":{"self":[{"href":"https:\/\/standify.org\/pl\/wp-json\/wp\/v2\/product\/13934","targetHints":{"allow":["GET"]}}],"collection":[{"href":"https:\/\/standify.org\/pl\/wp-json\/wp\/v2\/product"}],"about":[{"href":"https:\/\/standify.org\/pl\/wp-json\/wp\/v2\/types\/product"}],"replies":[{"embeddable":true,"href":"https:\/\/standify.org\/pl\/wp-json\/wp\/v2\/comments?post=13934"}],"version-history":[{"count":0,"href":"https:\/\/standify.org\/pl\/wp-json\/wp\/v2\/product\/13934\/revisions"}],"wp:featuredmedia":[{"embeddable":true,"href":"https:\/\/standify.org\/pl\/wp-json\/wp\/v2\/media\/13904"}],"wp:attachment":[{"href":"https:\/\/standify.org\/pl\/wp-json\/wp\/v2\/media?parent=13934"}],"wp:term":[{"taxonomy":"product_brand","embeddable":true,"href":"https:\/\/standify.org\/pl\/wp-json\/wp\/v2\/product_brand?post=13934"},{"taxonomy":"product_cat","embeddable":true,"href":"https:\/\/standify.org\/pl\/wp-json\/wp\/v2\/product_cat?post=13934"},{"taxonomy":"product_tag","embeddable":true,"href":"https:\/\/standify.org\/pl\/wp-json\/wp\/v2\/product_tag?post=13934"}],"curies":[{"name":"wp","href":"https:\/\/api.w.org\/{rel}","templated":true}]}}