{"id":1391,"date":"2024-02-28T13:11:58","date_gmt":"2024-02-28T13:11:58","guid":{"rendered":"https:\/\/standify.org\/?post_type=product&#038;p=1391"},"modified":"2026-02-10T03:26:29","modified_gmt":"2026-02-09T17:26:29","slug":"playstation-premium-rgb-3mm-desk-pads-15-designs","status":"publish","type":"product","link":"https:\/\/standify.org\/pl\/shop\/playstation-premium-rgb-3mm-desk-pads-15-designs\/","title":{"rendered":"Podk\u0142adki na biurko Playstation Premium RGB 3mm - 16 wzor\u00f3w"},"content":{"rendered":"<p>Wkrocz do \u015bwiata, w kt\u00f3rym kultowy \u015bwiat PlayStation spotyka si\u0119 z najnowocze\u015bniejszym designem dzi\u0119ki naszym podk\u0142adkom na biurko RGB z serii PlayStation. Przekszta\u0142\u0107 swoje biurko w gamingow\u0105 pot\u0119g\u0119, kt\u00f3ra zostawi zwyk\u0142e podk\u0142adki pod mysz daleko w tyle!<\/p>\n<p>Dlaczego jest to podk\u0142adka na biurko, kt\u00f3rej potrzebuje ka\u017cdy gracz: Niezr\u00f3wnane motywy PlayStation: Wybieraj spo\u015br\u00f3d szerokiej gamy 19 efektownych, wysokiej jako\u015bci niestandardowych wzor\u00f3w. Zanurz si\u0119 we wszech\u015bwiecie PlayStation dzi\u0119ki \u017cywym obrazom, kt\u00f3re wyr\u00f3\u017cni\u0105 Twoj\u0105 stacj\u0119 do gier.<\/p>\n<p>Doskona\u0142o\u015b\u0107 RGB: Wzboga\u0107 swoje biurko czym\u015b wi\u0119cej ni\u017c tylko kolorem. Zanurz si\u0119 w dynamicznym, konfigurowalnym o\u015bwietleniu LED RGB, kt\u00f3re zosta\u0142o zaprojektowane tak, aby odzwierciedla\u0107 ka\u017cdy nastr\u00f3j i sesj\u0119 gamingow\u0105.<\/p>\n<p>\ud83d\uddb1\ufe0f Najwy\u017csza wydajno\u015b\u0107 w grach: Zapomnij o cienkich podk\u0142adkach pod mysz. Nasze podk\u0142adki na biurko maj\u0105 grubo\u015b\u0107 3 mm, zapewniaj\u0105c g\u0142adki, amortyzowany po\u015blizg przy ka\u017cdym ruchu myszy, zar\u00f3wno podczas intensywnych bitew w grach, jak i nawigacji w pracy.<\/p>\n<p>Wysokiej jako\u015bci materia\u0142: Wykonane z najwy\u017cszej jako\u015bci gumy podk\u0142adki na biurko to co\u015b wi\u0119cej ni\u017c tylko wygl\u0105d. Do\u015bwiadcz niezr\u00f3wnanej stabilno\u015bci dzi\u0119ki antypo\u015blizgowej podstawie i trwa\u0142o\u015bci, kt\u00f3ra przewy\u017csza konkurencj\u0119.<\/p>\n<p>Cechy, kt\u00f3re nas wyr\u00f3\u017cniaj\u0105:<\/p>\n<p>Zaawansowane funkcje pod\u015bwietlenia i LED: Nie zadowalaj si\u0119 bylejako\u015bci\u0105. Roz\u015bwietl swoj\u0105 rozgrywk\u0119 wspania\u0142ymi efektami \u015bwietlnymi. Niezb\u0119dny sprz\u0119t gamingowy: To co\u015b wi\u0119cej ni\u017c tylko podk\u0142adka pod mysz; to niezb\u0119dna cz\u0119\u015b\u0107 arsena\u0142u do gier. PlayStation Pride: Poka\u017c swoj\u0105 mi\u0142o\u015b\u0107 do PlayStation dzi\u0119ki tym unikalnym podk\u0142adkom na biurko. Optymalny rozmiar dla ka\u017cdej konfiguracji: Po\u017cegnaj si\u0119 z ma\u0142ymi, nieadekwatnymi podk\u0142adkami. Nasza gama rozmiar\u00f3w zapewnia idealne pokrycie dla ka\u017cdego biurka. Dost\u0119pne rozmiary dla ka\u017cdego gracza:<\/p>\n<p>RGB 300x600x3mm RGB 300x700x3mm RGB 250x350x3mm RGB 300x800x3mm RGB 400x900x3mm Po co zadowala\u0107 si\u0119 bylejako\u015bci\u0105, skoro mo\u017cna wznie\u015b\u0107 si\u0119 na wy\u017cyny gamingowej doskona\u0142o\u015bci? Nasza podk\u0142adka na biurko RGB z serii PlayStation to nie tylko ulepszenie; to deklaracja twoich gamingowych umiej\u0119tno\u015bci. Nie przegap najlepszego akcesorium do gier. Przekszta\u0142\u0107 swoje biurko w stref\u0119 mocy PlayStation! \ud83c\udf1f\ud83c\udfae<\/p>","protected":false},"excerpt":{"rendered":"<p>Wkrocz do \u015bwiata, w kt\u00f3rym kultowy \u015bwiat PlayStation spotyka si\u0119 z najnowocze\u015bniejszym wzornictwem dzi\u0119ki naszym podk\u0142adkom na biurko RGB z serii PlayStation.<\/p>","protected":false},"featured_media":1488,"comment_status":"open","ping_status":"closed","template":"","meta":[],"product_brand":[],"product_cat":[16,28],"product_tag":[],"class_list":{"0":"post-1391","1":"product","2":"type-product","3":"status-publish","4":"has-post-thumbnail","6":"product_cat-standify","7":"product_cat-desk-pad","9":"first","10":"instock","11":"taxable","12":"shipping-taxable","13":"purchasable","14":"product-type-variable"},"jetpack_sharing_enabled":true,"_links":{"self":[{"href":"https:\/\/standify.org\/pl\/wp-json\/wp\/v2\/product\/1391","targetHints":{"allow":["GET"]}}],"collection":[{"href":"https:\/\/standify.org\/pl\/wp-json\/wp\/v2\/product"}],"about":[{"href":"https:\/\/standify.org\/pl\/wp-json\/wp\/v2\/types\/product"}],"replies":[{"embeddable":true,"href":"https:\/\/standify.org\/pl\/wp-json\/wp\/v2\/comments?post=1391"}],"version-history":[{"count":0,"href":"https:\/\/standify.org\/pl\/wp-json\/wp\/v2\/product\/1391\/revisions"}],"wp:featuredmedia":[{"embeddable":true,"href":"https:\/\/standify.org\/pl\/wp-json\/wp\/v2\/media\/1488"}],"wp:attachment":[{"href":"https:\/\/standify.org\/pl\/wp-json\/wp\/v2\/media?parent=1391"}],"wp:term":[{"taxonomy":"product_brand","embeddable":true,"href":"https:\/\/standify.org\/pl\/wp-json\/wp\/v2\/product_brand?post=1391"},{"taxonomy":"product_cat","embeddable":true,"href":"https:\/\/standify.org\/pl\/wp-json\/wp\/v2\/product_cat?post=1391"},{"taxonomy":"product_tag","embeddable":true,"href":"https:\/\/standify.org\/pl\/wp-json\/wp\/v2\/product_tag?post=1391"}],"curies":[{"name":"wp","href":"https:\/\/api.w.org\/{rel}","templated":true}]}}