{"id":1376,"date":"2023-11-07T15:23:50","date_gmt":"2023-11-07T15:23:50","guid":{"rendered":"https:\/\/standify.org\/?product=pink-crystal-controller-stand"},"modified":"2024-11-19T03:38:31","modified_gmt":"2024-11-18T17:38:31","slug":"pink-crystal-controller-stand","status":"publish","type":"product","link":"https:\/\/standify.org\/pl\/shop\/pink-crystal-controller-stand\/","title":{"rendered":"Stojak na kontroler z r\u00f3\u017cowym kryszta\u0142em"},"content":{"rendered":"<h1><\/h1>\n<p>Podnie\u015b swoj\u0105 konfiguracj\u0119 do gier dzi\u0119ki odrobinie elegancji i kaprysu - stojak na kontroler Pastel Pink Crystal jest tutaj, aby oczarowa\u0107! \ud83c\udfae\ud83d\udc96<\/p>\n<p><strong>Szykowny i mocny<\/strong> - Rzu\u0107 urok na swoje biurko do gier dzi\u0119ki eterycznemu pi\u0119knu tej pastelowo r\u00f3\u017cowej kryszta\u0142owej podstawki. Perfekcyjnie wydrukowany w 3D, \u0142\u0105czy w sobie sfer\u0119 fantazji i funkcjonalno\u015bci, oferuj\u0105c trwa\u0142e schronienie dla kontrolera.<\/p>\n<p><strong>Universally Enchanting<\/strong> - Stworzony, aby pomie\u015bci\u0107 r\u00f3\u017cne kontrolery z r\u00f3\u017cnych konsol do gier, ten stojak jest tak wszechstronny, jak osza\u0142amiaj\u0105cy. Tw\u00f3j sprz\u0119t do gier b\u0119dzie bezpiecznie trzymany, otoczony delikatnym u\u015bciskiem krystalicznego uroku.<\/p>\n<p><strong>Magia oszcz\u0119dzaj\u0105ca miejsce<\/strong> - Jego kompaktowa konstrukcja sprawia, \u017ce idealnie wpasowuje si\u0119 w przestrze\u0144 do grania, zapewniaj\u0105c bogaty wy\u015bwietlacz bez ba\u0142aganu.<\/p>\n<p>Dodaj odrobin\u0119 delikatnego koloru i magicznego uroku do swojego \u015brodowiska gamingowego dzi\u0119ki temu stojakowi na kontroler z kryszta\u0142u w kolorze pastelowego r\u00f3\u017cu - gdzie design \u0142\u0105czy si\u0119 z u\u017cyteczno\u015bci\u0105 w bajkowym po\u0142\u0105czeniu.<\/p>","protected":false},"excerpt":{"rendered":"<p>Elevate your gaming setup with a touch of elegance and whimsy \u2013 the Pastel Pink Crystal Controller Stand is here<\/p>","protected":false},"featured_media":1381,"comment_status":"open","ping_status":"closed","template":"","meta":[],"product_brand":[],"product_cat":[16],"product_tag":[22,24],"class_list":{"0":"post-1376","1":"product","2":"type-product","3":"status-publish","4":"has-post-thumbnail","6":"product_cat-standify","7":"product_tag-for-her","8":"product_tag-controller-stand","10":"first","11":"instock","12":"taxable","13":"shipping-taxable","14":"purchasable","15":"product-type-variable"},"jetpack_sharing_enabled":true,"_links":{"self":[{"href":"https:\/\/standify.org\/pl\/wp-json\/wp\/v2\/product\/1376","targetHints":{"allow":["GET"]}}],"collection":[{"href":"https:\/\/standify.org\/pl\/wp-json\/wp\/v2\/product"}],"about":[{"href":"https:\/\/standify.org\/pl\/wp-json\/wp\/v2\/types\/product"}],"replies":[{"embeddable":true,"href":"https:\/\/standify.org\/pl\/wp-json\/wp\/v2\/comments?post=1376"}],"version-history":[{"count":0,"href":"https:\/\/standify.org\/pl\/wp-json\/wp\/v2\/product\/1376\/revisions"}],"wp:featuredmedia":[{"embeddable":true,"href":"https:\/\/standify.org\/pl\/wp-json\/wp\/v2\/media\/1381"}],"wp:attachment":[{"href":"https:\/\/standify.org\/pl\/wp-json\/wp\/v2\/media?parent=1376"}],"wp:term":[{"taxonomy":"product_brand","embeddable":true,"href":"https:\/\/standify.org\/pl\/wp-json\/wp\/v2\/product_brand?post=1376"},{"taxonomy":"product_cat","embeddable":true,"href":"https:\/\/standify.org\/pl\/wp-json\/wp\/v2\/product_cat?post=1376"},{"taxonomy":"product_tag","embeddable":true,"href":"https:\/\/standify.org\/pl\/wp-json\/wp\/v2\/product_tag?post=1376"}],"curies":[{"name":"wp","href":"https:\/\/api.w.org\/{rel}","templated":true}]}}