{"id":13687,"date":"2024-06-25T02:47:09","date_gmt":"2024-06-24T16:47:09","guid":{"rendered":"https:\/\/standify.org\/shop\/dbz-colorful-phone-cases\/"},"modified":"2025-12-11T07:17:05","modified_gmt":"2025-12-10T21:17:05","slug":"dbz-colorful-phone-cases","status":"publish","type":"product","link":"https:\/\/standify.org\/pl\/shop\/dbz-colorful-phone-cases\/","title":{"rendered":"Kolorowe etui na iPhone'a DBZ"},"content":{"rendered":"<p>Wzmocnij sw\u00f3j telefon dzi\u0119ki Dragon Ball Z! \ud83d\udc09\ud83d\udca5<\/p>\n<p>Przekszta\u0142\u0107 swoje urz\u0105dzenie w Super Saiyana dzi\u0119ki naszej epickiej kolekcji etui DBZ:<\/p>\n<p>Przyci\u0105gaj\u0105ce wzrok wzory z kultowymi postaciami \ud83d\udee1\ufe0f Trwa\u0142a ochrona godna wojownika Z \ud83c\udfa8 \u017bywe kolory, kt\u00f3re wygl\u0105daj\u0105 jak Kamehameha<\/p>\n<p>Wybierz swojego wojownika:<\/p>\n<ul>\n<li>Zaciek\u0142a ziele\u0144 i fiolet Piccolo<\/li>\n<li>Charakterystyczny pomara\u0144czowo-niebieski str\u00f3j Goku \ud83d\udfe0\ud83d\udd35<\/li>\n<li>Z\u0142owrogie ciemne odcienie dla antybohater\u00f3w \ud83d\udda4<\/li>\n<\/ul>\n<p>Dlaczego te obudowy dzia\u0142aj\u0105:<\/p>\n<ol>\n<li>Wyr\u00f3\u017cnij si\u0119 z t\u0142umu<\/li>\n<li>Prze\u017cyj swoje ulubione chwile z DBZ<\/li>\n<li>Nawi\u0105zuj rozmowy z innymi fanami<\/li>\n<li>Chro\u0144 sw\u00f3j telefon w dobrym stylu<\/li>\n<\/ol>\n<p>Podnie\u015b poziom swojego urz\u0105dzenia! \ud83d\udcf1\u2b06\ufe0f Nie zadowalaj si\u0119 nudnym etui. Poka\u017c sw\u00f3j poziom mocy i pasj\u0119 do anime gdziekolwiek jeste\u015b!<\/p>\n<p>Gotowy, by sta\u0107 si\u0119 Super Saiyanem? Chwy\u0107 etui DBZ ju\u017c teraz i pozw\u00f3l swojemu telefonowi osi\u0105gn\u0105\u0107 ostateczn\u0105 form\u0119! \ud83d\udd25\ud83d\udc4a<\/p>","protected":false},"excerpt":{"rendered":"<p>Wzmocnij sw\u00f3j telefon dzi\u0119ki Dragon Ball Z! \ud83d\udc09\ud83d\udca5 Przekszta\u0142\u0107 swoje urz\u0105dzenie w Super Saiyana dzi\u0119ki naszemu epickiemu DBZ<\/p>","protected":false},"featured_media":13669,"comment_status":"open","ping_status":"closed","template":"","meta":[],"product_brand":[],"product_cat":[641,658,16,20],"product_tag":[19],"class_list":{"0":"post-13687","1":"product","2":"type-product","3":"status-publish","4":"has-post-thumbnail","6":"product_cat-dragon-ball-z-super-saiyan","7":"product_cat-phone-cases","8":"product_cat-standify","9":"product_cat-apparel","10":"product_tag-clothing","12":"first","13":"instock","14":"sale","15":"taxable","16":"shipping-taxable","17":"purchasable","18":"product-type-variable","19":"has-default-attributes"},"jetpack_sharing_enabled":true,"_links":{"self":[{"href":"https:\/\/standify.org\/pl\/wp-json\/wp\/v2\/product\/13687","targetHints":{"allow":["GET"]}}],"collection":[{"href":"https:\/\/standify.org\/pl\/wp-json\/wp\/v2\/product"}],"about":[{"href":"https:\/\/standify.org\/pl\/wp-json\/wp\/v2\/types\/product"}],"replies":[{"embeddable":true,"href":"https:\/\/standify.org\/pl\/wp-json\/wp\/v2\/comments?post=13687"}],"version-history":[{"count":0,"href":"https:\/\/standify.org\/pl\/wp-json\/wp\/v2\/product\/13687\/revisions"}],"wp:featuredmedia":[{"embeddable":true,"href":"https:\/\/standify.org\/pl\/wp-json\/wp\/v2\/media\/13669"}],"wp:attachment":[{"href":"https:\/\/standify.org\/pl\/wp-json\/wp\/v2\/media?parent=13687"}],"wp:term":[{"taxonomy":"product_brand","embeddable":true,"href":"https:\/\/standify.org\/pl\/wp-json\/wp\/v2\/product_brand?post=13687"},{"taxonomy":"product_cat","embeddable":true,"href":"https:\/\/standify.org\/pl\/wp-json\/wp\/v2\/product_cat?post=13687"},{"taxonomy":"product_tag","embeddable":true,"href":"https:\/\/standify.org\/pl\/wp-json\/wp\/v2\/product_tag?post=13687"}],"curies":[{"name":"wp","href":"https:\/\/api.w.org\/{rel}","templated":true}]}}