{"id":13040,"date":"2024-05-05T16:34:57","date_gmt":"2024-05-05T06:34:57","guid":{"rendered":"https:\/\/standify.org\/?post_type=product&#038;p=13040"},"modified":"2025-11-07T00:00:38","modified_gmt":"2025-11-06T14:00:38","slug":"pokemon-friends-og-rug-switch-pikachu-charmander-bulbasaur-squirtle","status":"publish","type":"product","link":"https:\/\/standify.org\/pl\/shop\/pokemon-friends-og-rug-switch-pikachu-charmander-bulbasaur-squirtle\/","title":{"rendered":"Dywanik Pok\u00e9mon Friends OG"},"content":{"rendered":"<p>Wkrocz do \u015bwiata, w kt\u00f3rym przygoda czeka na ka\u017cdym rogu dzi\u0119ki naszemu dywanowi Pok\u00e9mon! Przekszta\u0142\u0107 swoj\u0105 stref\u0119 gier w najlepsze pole bitwy Pok\u00e9mon dzi\u0119ki temu \u017cywemu, inspirowanemu Nintendo Switch dywanowi z ukochanymi Pikachu, Charmanderem, Squirtle i Bulbasaurem.<\/p>\n<h5>Po co zadowala\u0107 si\u0119 zwyczajno\u015bci\u0105, skoro mo\u017cna gra\u0107 stylowo?<\/h5>\n<ul>\n<li><strong>Iconic Design<\/strong>: Ciesz si\u0119 obecno\u015bci\u0105 ulubionych postaci Pok\u00e9mon w osza\u0142amiaj\u0105cych kolorach i szczeg\u00f3\u0142ach.<\/li>\n<li><strong>Komfort i styl<\/strong>: Wykonana z mi\u0119kkich i wytrzyma\u0142ych materia\u0142\u00f3w, jest idealna na d\u0142ugie sesje grania.<\/li>\n<li><strong>Uniwersalny rozmiar:<\/strong> Pi\u0119knie pasuje do sypialni, salonu lub przestrzeni do gier.<\/li>\n<\/ul>\n<p><strong>Oferta specjalna:<\/strong> Przez ograniczony czas mo\u017cesz kupi\u0107 dywanik Pok\u00e9mon w obni\u017conej cenie i otrzyma\u0107 darmowy plakat Pok\u00e9mon przy ka\u017cdym zakupie!<\/p>\n<p>Nie tylko graj - \u017cyj gr\u0105! Przynie\u015b do domu magi\u0119 Pok\u00e9mon i uczy\u0144 ka\u017cd\u0105 sesj\u0119 gry legendarn\u0105. Kliknij poni\u017cej, aby zam\u00f3wi\u0107 teraz i zamieni\u0107 sw\u00f3j pok\u00f3j w raj Pok\u00e9mon! \ud83c\udfae\u2728<\/p>\n<p>Zam\u00f3w teraz - przynie\u015b Pok\u00e9mona do swojego pokoju<\/p>","protected":false},"excerpt":{"rendered":"<p>\u2665\ufe0f Makes You Happy<br \/>\n\u2600\ufe0f Przynie\u015b przyjaci\u00f3\u0142 z dzieci\u0144stwa do domu<br \/>\nCzuje si\u0119 tak mi\u0119kko<\/p>","protected":false},"featured_media":13045,"comment_status":"open","ping_status":"closed","template":"","meta":[],"product_brand":[],"product_cat":[861,443,16,28,20,141],"product_tag":[413,442],"class_list":{"0":"post-13040","1":"product","2":"type-product","3":"status-publish","4":"has-post-thumbnail","6":"product_cat-pokemon","7":"product_cat-rugs","8":"product_cat-standify","9":"product_cat-desk-pad","10":"product_cat-apparel","11":"product_cat-for-her","12":"product_tag-pokemon","13":"product_tag-rug","15":"first","16":"instock","17":"sale","18":"taxable","19":"shipping-taxable","20":"purchasable","21":"product-type-variable","22":"has-default-attributes"},"jetpack_sharing_enabled":true,"_links":{"self":[{"href":"https:\/\/standify.org\/pl\/wp-json\/wp\/v2\/product\/13040","targetHints":{"allow":["GET"]}}],"collection":[{"href":"https:\/\/standify.org\/pl\/wp-json\/wp\/v2\/product"}],"about":[{"href":"https:\/\/standify.org\/pl\/wp-json\/wp\/v2\/types\/product"}],"replies":[{"embeddable":true,"href":"https:\/\/standify.org\/pl\/wp-json\/wp\/v2\/comments?post=13040"}],"version-history":[{"count":1,"href":"https:\/\/standify.org\/pl\/wp-json\/wp\/v2\/product\/13040\/revisions"}],"predecessor-version":[{"id":33445,"href":"https:\/\/standify.org\/pl\/wp-json\/wp\/v2\/product\/13040\/revisions\/33445"}],"wp:featuredmedia":[{"embeddable":true,"href":"https:\/\/standify.org\/pl\/wp-json\/wp\/v2\/media\/13045"}],"wp:attachment":[{"href":"https:\/\/standify.org\/pl\/wp-json\/wp\/v2\/media?parent=13040"}],"wp:term":[{"taxonomy":"product_brand","embeddable":true,"href":"https:\/\/standify.org\/pl\/wp-json\/wp\/v2\/product_brand?post=13040"},{"taxonomy":"product_cat","embeddable":true,"href":"https:\/\/standify.org\/pl\/wp-json\/wp\/v2\/product_cat?post=13040"},{"taxonomy":"product_tag","embeddable":true,"href":"https:\/\/standify.org\/pl\/wp-json\/wp\/v2\/product_tag?post=13040"}],"curies":[{"name":"wp","href":"https:\/\/api.w.org\/{rel}","templated":true}]}}