{"id":1254,"date":"2024-02-28T13:13:24","date_gmt":"2024-02-28T13:13:24","guid":{"rendered":"https:\/\/standify.org\/?post_type=product&#038;p=1254"},"modified":"2024-11-19T03:37:42","modified_gmt":"2024-11-18T17:37:42","slug":"holographic-dbz-stickers-25-designs%ef%bc%89","status":"publish","type":"product","link":"https:\/\/standify.org\/pl\/shop\/holographic-dbz-stickers-25-designs%ef%bc%89\/","title":{"rendered":"Holograficzne naklejki DBZ (25 wzor\u00f3w\uff09"},"content":{"rendered":"<p><strong>\u00a0Kresk\u00f3wkowe holograficzne naklejki laserowe Anime (25 wzor\u00f3w)<\/p>\n<p>~Wodoodporny, odporny na burze, odporny na s\u0142o\u0144ce, nie uszkadza lakieru samochodowego i mo\u017cna go zdj\u0105\u0107.<\/p>\n<p>~Ta naklejka jest wykonana z wysokiej jako\u015bci winylu.<\/p>\n<p>~Wszystkie nasze naklejki s\u0105 usuwalne, ale NIE nadaj\u0105 si\u0119 do ponownego umieszczenia.<\/p>\n<p>~Te naklejki wygl\u0105daj\u0105 niesamowicie i dodaj\u0105 niestandardowego wygl\u0105du!<\/p>\n<p>~Naklejki \u0142atwo przylegaj\u0105 do ka\u017cdej g\u0142adkiej powierzchni.<\/p>\n<p>~Komputery wycinane. Brak t\u0142a na tych naklejkach.<\/p>\n<p>~Przyjazny dla \u015brodowiska i samoprzylepny materia\u0142 winylowy.<\/p>\n<p>~Wodoodporny i wyj\u0105tkowo odporny na warunki atmosferyczne.<\/p>\n<p>~\u0141atwe nak\u0142adanie i usuwanie bez pozostawiania \u015blad\u00f3w.<\/p>\n<p>Uwaga: Kolory otrzymanego przedmiotu mog\u0105 si\u0119 nieznacznie r\u00f3\u017cni\u0107 ze wzgl\u0119du na r\u00f3\u017cne ustawienia monitora, sprz\u0119t fotograficzny, warunki o\u015bwietleniowe itp.<br \/>\n<strong><strong><img decoding=\"async\" src=\"https:\/\/ae01.alicdn.com\/kf\/S24e588a3cb6b46ada3a8ff3210ae44f86.jpg?width=1200&amp;height=1200&amp;hash=2400\" alt=\"Standify Figurki anime Dragon Ball Z i stojak na s\u0142uchawki Goku\"><strong><strong><img decoding=\"async\" src=\"https:\/\/ae01.alicdn.com\/kf\/S7b2e9525279e43a2a879ca91f4d05cedX.jpg?width=1001&amp;height=1001&amp;hash=2002\" alt=\"Standify Figurki anime Dragon Ball Z i stojak na s\u0142uchawki Goku\"><\/strong><\/strong><\/strong><\/strong><\/strong><br \/>\n\u00a0<\/p>\n<p>\u00a0<\/p>\n<p>\u00a0<\/p>","protected":false},"excerpt":{"rendered":"<p>\u00a0Cartoon Holographic Anime Laser Stickers (25\u00a0designs) ~Waterproof, Storm Proof, Sun-proof, No harm to car paint &amp; Removable. ~This decal is<\/p>","protected":false},"featured_media":1280,"comment_status":"open","ping_status":"closed","template":"","meta":[],"product_brand":[],"product_cat":[641,16],"product_tag":[],"class_list":{"0":"post-1254","1":"product","2":"type-product","3":"status-publish","4":"has-post-thumbnail","6":"product_cat-dragon-ball-z-super-saiyan","7":"product_cat-standify","9":"first","10":"instock","11":"taxable","12":"shipping-taxable","13":"purchasable","14":"product-type-variable"},"jetpack_sharing_enabled":true,"_links":{"self":[{"href":"https:\/\/standify.org\/pl\/wp-json\/wp\/v2\/product\/1254","targetHints":{"allow":["GET"]}}],"collection":[{"href":"https:\/\/standify.org\/pl\/wp-json\/wp\/v2\/product"}],"about":[{"href":"https:\/\/standify.org\/pl\/wp-json\/wp\/v2\/types\/product"}],"replies":[{"embeddable":true,"href":"https:\/\/standify.org\/pl\/wp-json\/wp\/v2\/comments?post=1254"}],"version-history":[{"count":0,"href":"https:\/\/standify.org\/pl\/wp-json\/wp\/v2\/product\/1254\/revisions"}],"wp:featuredmedia":[{"embeddable":true,"href":"https:\/\/standify.org\/pl\/wp-json\/wp\/v2\/media\/1280"}],"wp:attachment":[{"href":"https:\/\/standify.org\/pl\/wp-json\/wp\/v2\/media?parent=1254"}],"wp:term":[{"taxonomy":"product_brand","embeddable":true,"href":"https:\/\/standify.org\/pl\/wp-json\/wp\/v2\/product_brand?post=1254"},{"taxonomy":"product_cat","embeddable":true,"href":"https:\/\/standify.org\/pl\/wp-json\/wp\/v2\/product_cat?post=1254"},{"taxonomy":"product_tag","embeddable":true,"href":"https:\/\/standify.org\/pl\/wp-json\/wp\/v2\/product_tag?post=1254"}],"curies":[{"name":"wp","href":"https:\/\/api.w.org\/{rel}","templated":true}]}}