{"id":1168,"date":"2024-02-28T13:13:24","date_gmt":"2024-02-28T13:13:24","guid":{"rendered":"https:\/\/standify.org\/?post_type=product&#038;p=1168"},"modified":"2026-04-06T13:36:06","modified_gmt":"2026-04-06T03:36:06","slug":"deskbuddy-fluffy-keyboard-rugs","status":"publish","type":"product","link":"https:\/\/standify.org\/pl\/shop\/deskbuddy-fluffy-keyboard-rugs\/","title":{"rendered":"Puszyste dywaniki pod klawiatur\u0119 DeskBuddy"},"content":{"rendered":"<p class=\"p1\">\ud83e\udd32 <strong>Wysokiej jako\u015bci r\u0119czne wykonanie:<\/strong> Ka\u017cdy \u015bcieg wykonany z dba\u0142o\u015bci\u0105, zapewniaj\u0105c trwa\u0142y i pi\u0119kny dodatek do biurka. \ud83d\udee0\ufe0f<\/p>\n<p class=\"p1\"><span class=\"s1\"> \ud83e\uddf8 <strong>Mi\u0119kkie i wspieraj\u0105ce:<\/strong> Pluszowe materia\u0142y pieszcz\u0105 nadgarstki, zmniejszaj\u0105c zm\u0119czenie i sprawiaj\u0105c, \u017ce ka\u017cda minuta przy biurku jest przyjemniejsza. \ud83c\udfae<\/span><\/p>\n<p class=\"p1\"><span class=\"s1\"> \ud83c\udfa8 <strong>Wibruj\u0105ca grafika:<\/strong> Niech Twoje biurko l\u015bni kolorami i twarzami Twoich ulubionych bohater\u00f3w anime i Pok\u00e9mon\u00f3w! \ud83d\uddbc\ufe0f<\/span><\/p>\n<p class=\"p1\"><span class=\"s1\"> <a href=\"https:\/\/standify.org\/wp-content\/uploads\/2024\/02\/copy_611DF126-309E-4851-9F5D-3789E50B4C51-ezgif.com-video-to-webp-converter.webp\"><img fetchpriority=\"high\" decoding=\"async\" class=\"alignnone size-full wp-image-11660\" src=\"https:\/\/standify.org\/wp-content\/uploads\/2024\/02\/copy_611DF126-309E-4851-9F5D-3789E50B4C51-ezgif.com-video-to-webp-converter.webp\" alt=\"Standify Figurki anime Dragon Ball Z i stojak na s\u0142uchawki Goku\" width=\"500\" height=\"550\" srcset=\"https:\/\/standify.org\/wp-content\/uploads\/2024\/02\/copy_611DF126-309E-4851-9F5D-3789E50B4C51-ezgif.com-video-to-webp-converter.webp 500w, https:\/\/standify.org\/wp-content\/uploads\/2024\/02\/copy_611DF126-309E-4851-9F5D-3789E50B4C51-ezgif.com-video-to-webp-converter-273x300.webp 273w, https:\/\/standify.org\/wp-content\/uploads\/2024\/02\/copy_611DF126-309E-4851-9F5D-3789E50B4C51-ezgif.com-video-to-webp-converter-150x165.webp 150w\" sizes=\"(max-width: 500px) 100vw, 500px\" \/><\/a><\/span><\/p>\n<p class=\"p1\"><span class=\"s1\">\ud83d\udcd0 <strong>Idealny rozmiar:<\/strong> Fits beautifully in any gaming or work setup, enhancing both aesthetics and comfort. \ud83c\udfe0<\/span><\/p>\n<p class=\"p1\"><span class=\"s1\"><a href=\"https:\/\/standify.org\/wp-content\/uploads\/2024\/02\/WhatsAppVideo2024-03-09at12.55.25_86e7e510-ezgif.com-video-to-webp-converter.webp\"><img decoding=\"async\" class=\"alignnone size-full wp-image-11662\" src=\"https:\/\/standify.org\/wp-content\/uploads\/2024\/02\/WhatsAppVideo2024-03-09at12.55.25_86e7e510-ezgif.com-video-to-webp-converter.webp\" alt=\"Standify Figurki anime Dragon Ball Z i stojak na s\u0142uchawki Goku\" width=\"360\" height=\"640\" srcset=\"https:\/\/standify.org\/wp-content\/uploads\/2024\/02\/WhatsAppVideo2024-03-09at12.55.25_86e7e510-ezgif.com-video-to-webp-converter.webp 360w, https:\/\/standify.org\/wp-content\/uploads\/2024\/02\/WhatsAppVideo2024-03-09at12.55.25_86e7e510-ezgif.com-video-to-webp-converter-169x300.webp 169w, https:\/\/standify.org\/wp-content\/uploads\/2024\/02\/WhatsAppVideo2024-03-09at12.55.25_86e7e510-ezgif.com-video-to-webp-converter-150x267.webp 150w\" sizes=\"(max-width: 360px) 100vw, 360px\" \/><\/a><\/span><\/p>\n<p class=\"p1\"><span class=\"s1\">\ud83d\udca1 <strong>Dlaczego powiniene\u015b go chwyci\u0107:<\/strong><\/span><\/p>\n<p class=\"p1\"><span class=\"s1\"> Wzboga\u0107 swoj\u0105 gamingow\u0105 konfiguracj\u0119: P\u0142ynnie wpasowuje si\u0119 w \u015bwiat gier, dodaj\u0105c funkcjonalnego charakteru, kt\u00f3ry uzupe\u0142nia intensywne sesje gamingowe. \ud83c\udf08<\/span><\/p>\n<p class=\"p1\"><span class=\"s1\"> Poka\u017c sw\u00f3j fandom: Idealny do wyra\u017cania swojej mi\u0142o\u015bci do anime i Pok\u00e9mon\u00f3w, zmieniaj\u0105c swoj\u0105 pasj\u0119 w codzienne \u015bwi\u0119to. \ud83c\udfc6<\/span><\/p>\n<p class=\"p1\"><span class=\"s1\"> Wspania\u0142y pomys\u0142 na prezent: Zaskocz entuzjast\u0119 anime lub gier w swoim \u017cyciu prezentem, kt\u00f3ry jest zar\u00f3wno przemy\u015blany, jak i ekscytuj\u0105cy. \ud83c\udf81<\/span><\/p>\n<p class=\"p1\"><span class=\"s1\">Wyobra\u017a to sobie:<\/span><\/p>\n<p class=\"p1\"><span class=\"s1\">Za ka\u017cdym razem, gdy siadasz, ten dywanik pod klawiatur\u0119 wita Ci\u0119, zamieniaj\u0105c rutyn\u0119 w rado\u015b\u0107. Niezale\u017cnie od tego, czy grasz w nocy, czy wykonujesz zadania, dodaje odrobin\u0119 kaprysu i komfortu do Twojego dnia. Podnie\u015b swoje biurko dzi\u0119ki temu zachwycaj\u0105cemu, funkcjonalnemu dzie\u0142u sztuki i pozw\u00f3l, aby ka\u017cde naci\u015bni\u0119cie klawisza wywo\u0142ywa\u0142o u\u015bmiech. \ud83d\ude0a<\/span><\/p>\n<p class=\"p1\"><span class=\"s1\">Gotowy, aby Twoje biurko sta\u0142o si\u0119 g\u0142\u00f3wn\u0105 atrakcj\u0105 pokoju? Dodaj ten dywanik do koszyka i zacznij cieszy\u0107 si\u0119 bardziej kolorow\u0105 i wygodn\u0105 konfiguracj\u0105 ju\u017c dzi\u015b! \ud83c\udf1f<\/span><\/p>\n<p>&nbsp;<\/p>\n<p>&nbsp;<\/p>\n<p><a href=\"https:\/\/standify.org\/wp-content\/uploads\/2024\/02\/WhatsAppVideo2024-02-23at21.21.40_b54c580b-ezgif.com-video-to-webp-converter.webp\"><img decoding=\"async\" class=\"alignnone size-full wp-image-11663\" src=\"https:\/\/standify.org\/wp-content\/uploads\/2024\/02\/WhatsAppVideo2024-02-23at21.21.40_b54c580b-ezgif.com-video-to-webp-converter.webp\" alt=\"Standify Figurki anime Dragon Ball Z i stojak na s\u0142uchawki Goku\" width=\"360\" height=\"640\" srcset=\"https:\/\/standify.org\/wp-content\/uploads\/2024\/02\/WhatsAppVideo2024-02-23at21.21.40_b54c580b-ezgif.com-video-to-webp-converter.webp 360w, https:\/\/standify.org\/wp-content\/uploads\/2024\/02\/WhatsAppVideo2024-02-23at21.21.40_b54c580b-ezgif.com-video-to-webp-converter-169x300.webp 169w, https:\/\/standify.org\/wp-content\/uploads\/2024\/02\/WhatsAppVideo2024-02-23at21.21.40_b54c580b-ezgif.com-video-to-webp-converter-150x267.webp 150w\" sizes=\"(max-width: 360px) 100vw, 360px\" \/><\/a><\/p>","protected":false},"excerpt":{"rendered":"<p>Uczy\u0144 swoje biurko szcz\u0119\u015bliw\u0105 przestrzeni\u0105<br \/>\nNiesamowity prezent<br \/>\nPrzynosi codzienn\u0105 rado\u015b\u0107<\/p>","protected":false},"featured_media":12676,"comment_status":"open","ping_status":"closed","template":"","meta":[],"product_brand":[],"product_cat":[199,16,28],"product_tag":[21,22],"class_list":{"0":"post-1168","1":"product","2":"type-product","3":"status-publish","4":"has-post-thumbnail","6":"product_cat-keyboard-rugs","7":"product_cat-standify","8":"product_cat-desk-pad","9":"product_tag-decoration","10":"product_tag-for-her","12":"first","13":"instock","14":"sale","15":"taxable","16":"shipping-taxable","17":"purchasable","18":"product-type-variable","19":"has-default-attributes"},"jetpack_sharing_enabled":true,"_links":{"self":[{"href":"https:\/\/standify.org\/pl\/wp-json\/wp\/v2\/product\/1168","targetHints":{"allow":["GET"]}}],"collection":[{"href":"https:\/\/standify.org\/pl\/wp-json\/wp\/v2\/product"}],"about":[{"href":"https:\/\/standify.org\/pl\/wp-json\/wp\/v2\/types\/product"}],"replies":[{"embeddable":true,"href":"https:\/\/standify.org\/pl\/wp-json\/wp\/v2\/comments?post=1168"}],"version-history":[{"count":3,"href":"https:\/\/standify.org\/pl\/wp-json\/wp\/v2\/product\/1168\/revisions"}],"predecessor-version":[{"id":18269,"href":"https:\/\/standify.org\/pl\/wp-json\/wp\/v2\/product\/1168\/revisions\/18269"}],"wp:featuredmedia":[{"embeddable":true,"href":"https:\/\/standify.org\/pl\/wp-json\/wp\/v2\/media\/12676"}],"wp:attachment":[{"href":"https:\/\/standify.org\/pl\/wp-json\/wp\/v2\/media?parent=1168"}],"wp:term":[{"taxonomy":"product_brand","embeddable":true,"href":"https:\/\/standify.org\/pl\/wp-json\/wp\/v2\/product_brand?post=1168"},{"taxonomy":"product_cat","embeddable":true,"href":"https:\/\/standify.org\/pl\/wp-json\/wp\/v2\/product_cat?post=1168"},{"taxonomy":"product_tag","embeddable":true,"href":"https:\/\/standify.org\/pl\/wp-json\/wp\/v2\/product_tag?post=1168"}],"curies":[{"name":"wp","href":"https:\/\/api.w.org\/{rel}","templated":true}]}}