{"id":1163,"date":"2024-02-28T13:13:24","date_gmt":"2024-02-28T13:13:24","guid":{"rendered":"https:\/\/standify.org\/?post_type=product&#038;p=1163"},"modified":"2026-04-17T04:47:18","modified_gmt":"2026-04-16T18:47:18","slug":"goku-spirit-bomb-lamp","status":"publish","type":"product","link":"https:\/\/standify.org\/pl\/shop\/goku-spirit-bomb-lamp\/","title":{"rendered":"Lampa Goku Spirit Bomb"},"content":{"rendered":"<p>Roz\u015bwietl sw\u00f3j pok\u00f3j moc\u0105 wojownika Saiyan! Przedstawiamy lamp\u0119 Goku Spirit Bomb, obowi\u0105zkowy element wyposa\u017cenia ka\u017cdego pokoju. <em>Dragon Ball Z<\/em> entuzjasta. Wykonana z precyzj\u0105, ta elektryzuj\u0105ca figurka ma 25 cm wysoko\u015bci i jest symbolem kultowej ostatecznej walki Goku ze z\u0142em. Oto dlaczego potrzebujesz tego kolekcjonerskiego przedmiotu:<\/p>\n<ul>\n<li><strong>Fierce Design<\/strong> \ud83d\udd25: Uchwycaj\u0105c intensywn\u0105 koncentracj\u0119 Goku, gdy wykorzystuje energi\u0119 wszystkich \u017cywych istot, ta lampa emituje \u017cywy blask, symbolizuj\u0105cy pot\u0119\u017cn\u0105 Spirit Bomb.<\/li>\n<li><strong>Idealny rozmiar<\/strong> \ud83d\udccf: Przy wysoko\u015bci 25 cm jest to idealny rozmiar na biurka, p\u00f3\u0142ki lub jako lampka nocna, aby utrzyma\u0107 ciemno\u015b\u0107 na dystans z si\u0142\u0105 Super Saiyana.<\/li>\n<li><strong>Wysokiej jako\u015bci materia\u0142<\/strong> \ud83d\udee0\ufe0f: Wykonany z wytrzyma\u0142ych materia\u0142\u00f3w wysokiej jako\u015bci, zosta\u0142 zaprojektowany tak, aby przetrwa\u0107 tak d\u0142ugo, jak dziedzictwo Goku.<\/li>\n<li><strong>\u015awietne na prezent<\/strong> \ud83c\udf81: Niezale\u017cnie od tego, czy chodzi o urodziny, \u015bwi\u0119ta, czy po prostu dlatego, \u017ce ta lampa jest fantastycznym prezentem dla ka\u017cdego <em>DBZ<\/em> fan.<\/li>\n<\/ul>\n<p><strong>Cechy produktu:<\/strong><\/p>\n<ul>\n<li><strong>\u017bywe o\u015bwietlenie<\/strong> \ud83d\udca1: Ciesz si\u0119 ciep\u0142ym, otaczaj\u0105cym \u015bwiat\u0142em, kt\u00f3re jest w sam raz do ustawienia heroicznej atmosfery w ka\u017cdym pomieszczeniu.<\/li>\n<li><strong>Szczeg\u00f3\u0142owe wykonanie<\/strong> \ud83c\udfa8: Od ognistej aury po zdeterminowany wyraz twarzy Goku, ka\u017cdy szczeg\u00f3\u0142 jest starannie wykonany, aby zapewni\u0107 autentyczny wygl\u0105d. <em>DBZ<\/em> do\u015bwiadczenie.<\/li>\n<li><strong>Efektywno\u015b\u0107 energetyczna<\/strong> \ud83d\udc9a: O\u015bwietlenie LED zapewnia, \u017ce Spirit Bomb \u015bwieci jasno, jednocze\u015bnie oszcz\u0119dzaj\u0105c energi\u0119.<\/li>\n<\/ul>\n<p><em>Nale\u017cy pami\u0119ta\u0107, \u017ce niebieskie flary boczne b\u0119d\u0105 wymaga\u0142y przymocowania. Dolna kula nie \u015bwieci.\u00a0<\/em><\/p>","protected":false},"excerpt":{"rendered":"<p>Light up your room with the power of a Saiyan warrior! Introducing the Goku Spirit Bomb Lamp, a must-have for<\/p>","protected":false},"featured_media":1166,"comment_status":"open","ping_status":"closed","template":"","meta":[],"product_brand":[],"product_cat":[641,16,18,20,183],"product_tag":[21,143,17],"class_list":{"0":"post-1163","1":"product","2":"type-product","3":"status-publish","4":"has-post-thumbnail","6":"product_cat-dragon-ball-z-super-saiyan","7":"product_cat-standify","8":"product_cat-action-figure","9":"product_cat-apparel","10":"product_cat-featured-items","11":"product_tag-decoration","12":"product_tag-dbz","13":"product_tag-figurine","15":"first","16":"instock","17":"sale","18":"featured","19":"taxable","20":"shipping-taxable","21":"purchasable","22":"product-type-variable","23":"has-default-attributes"},"jetpack_sharing_enabled":true,"_links":{"self":[{"href":"https:\/\/standify.org\/pl\/wp-json\/wp\/v2\/product\/1163","targetHints":{"allow":["GET"]}}],"collection":[{"href":"https:\/\/standify.org\/pl\/wp-json\/wp\/v2\/product"}],"about":[{"href":"https:\/\/standify.org\/pl\/wp-json\/wp\/v2\/types\/product"}],"replies":[{"embeddable":true,"href":"https:\/\/standify.org\/pl\/wp-json\/wp\/v2\/comments?post=1163"}],"version-history":[{"count":12,"href":"https:\/\/standify.org\/pl\/wp-json\/wp\/v2\/product\/1163\/revisions"}],"predecessor-version":[{"id":17354,"href":"https:\/\/standify.org\/pl\/wp-json\/wp\/v2\/product\/1163\/revisions\/17354"}],"wp:featuredmedia":[{"embeddable":true,"href":"https:\/\/standify.org\/pl\/wp-json\/wp\/v2\/media\/1166"}],"wp:attachment":[{"href":"https:\/\/standify.org\/pl\/wp-json\/wp\/v2\/media?parent=1163"}],"wp:term":[{"taxonomy":"product_brand","embeddable":true,"href":"https:\/\/standify.org\/pl\/wp-json\/wp\/v2\/product_brand?post=1163"},{"taxonomy":"product_cat","embeddable":true,"href":"https:\/\/standify.org\/pl\/wp-json\/wp\/v2\/product_cat?post=1163"},{"taxonomy":"product_tag","embeddable":true,"href":"https:\/\/standify.org\/pl\/wp-json\/wp\/v2\/product_tag?post=1163"}],"curies":[{"name":"wp","href":"https:\/\/api.w.org\/{rel}","templated":true}]}}