{"id":1119,"date":"2024-02-28T13:13:24","date_gmt":"2024-02-28T13:13:24","guid":{"rendered":"https:\/\/standify.org\/?post_type=product&#038;p=1119"},"modified":"2026-05-01T06:26:05","modified_gmt":"2026-04-30T20:26:05","slug":"dragon-ball-z-shenlong-dragon-night-lights","status":"publish","type":"product","link":"https:\/\/standify.org\/pl\/shop\/dragon-ball-z-shenlong-dragon-night-lights\/","title":{"rendered":"Lampa Dragon Ball Z Shenrong 7 kryszta\u0142owych kul"},"content":{"rendered":"<p>Przywo\u0142aj moc Smoczych Kul dzi\u0119ki nocnym lampkom LED do figurek akcji Bandai Dragon Ball Z Anime Shenrong! Ta misternie wykonana figurka to pozycja obowi\u0105zkowa dla wszystkich fan\u00f3w Dragon Ball Z.<\/p>\n<p>Rozmiar:<br \/>\n<span data-mce-fragment=\"1\">Shenrong<\/span>: Oko\u0142o 15 cm wysoko\u015bci<br \/>\nKryszta\u0142owe kule: 3,5 cm \u015brednicy<br \/>\nOkr\u0105g: \u015brednica 15 cm<\/p>\n<p>Cechy:<br \/>\nOsza\u0142amiaj\u0105ce \u015bwiat\u0142a LED, kt\u00f3re tworz\u0105 magiczny blask<br \/>\nW zestawie pilot zdalnego sterowania u\u0142atwiaj\u0105cy obs\u0142ug\u0119<br \/>\nSiedem kryszta\u0142owych kul o \u015brednicy 3,5 cm zapewnia autentyczne wra\u017cenia Dragon Ball<br \/>\nWykonane z wytrzyma\u0142ego materia\u0142u PVA+Crystal<br \/>\n\ud83d\udc09 Szczeg\u00f3\u0142owy <span data-mce-fragment=\"1\">Shenrong<\/span>\u00a0figurka, kt\u00f3ra doda odrobin\u0119 akcji do Twojego pokoju<\/p>","protected":false},"excerpt":{"rendered":"<p>Summon the power of the Dragon Balls with the Bandai Dragon Ball Z Anime Shenrong LED Action Figures Night Lights!<\/p>","protected":false},"featured_media":1121,"comment_status":"open","ping_status":"closed","template":"","meta":[],"product_brand":[],"product_cat":[641,16,18,183],"product_tag":[21],"class_list":{"0":"post-1119","1":"product","2":"type-product","3":"status-publish","4":"has-post-thumbnail","6":"product_cat-dragon-ball-z-super-saiyan","7":"product_cat-standify","8":"product_cat-action-figure","9":"product_cat-featured-items","10":"product_tag-decoration","12":"first","13":"instock","14":"sale","15":"taxable","16":"shipping-taxable","17":"purchasable","18":"product-type-simple"},"jetpack_sharing_enabled":true,"_links":{"self":[{"href":"https:\/\/standify.org\/pl\/wp-json\/wp\/v2\/product\/1119","targetHints":{"allow":["GET"]}}],"collection":[{"href":"https:\/\/standify.org\/pl\/wp-json\/wp\/v2\/product"}],"about":[{"href":"https:\/\/standify.org\/pl\/wp-json\/wp\/v2\/types\/product"}],"replies":[{"embeddable":true,"href":"https:\/\/standify.org\/pl\/wp-json\/wp\/v2\/comments?post=1119"}],"version-history":[{"count":1,"href":"https:\/\/standify.org\/pl\/wp-json\/wp\/v2\/product\/1119\/revisions"}],"predecessor-version":[{"id":16252,"href":"https:\/\/standify.org\/pl\/wp-json\/wp\/v2\/product\/1119\/revisions\/16252"}],"wp:featuredmedia":[{"embeddable":true,"href":"https:\/\/standify.org\/pl\/wp-json\/wp\/v2\/media\/1121"}],"wp:attachment":[{"href":"https:\/\/standify.org\/pl\/wp-json\/wp\/v2\/media?parent=1119"}],"wp:term":[{"taxonomy":"product_brand","embeddable":true,"href":"https:\/\/standify.org\/pl\/wp-json\/wp\/v2\/product_brand?post=1119"},{"taxonomy":"product_cat","embeddable":true,"href":"https:\/\/standify.org\/pl\/wp-json\/wp\/v2\/product_cat?post=1119"},{"taxonomy":"product_tag","embeddable":true,"href":"https:\/\/standify.org\/pl\/wp-json\/wp\/v2\/product_tag?post=1119"}],"curies":[{"name":"wp","href":"https:\/\/api.w.org\/{rel}","templated":true}]}}