{"id":10882,"date":"2024-03-08T00:31:36","date_gmt":"2024-03-07T14:31:36","guid":{"rendered":"https:\/\/standify.org\/?page_id=10882"},"modified":"2024-03-08T00:31:37","modified_gmt":"2024-03-07T14:31:37","slug":"ccpa-opt-out","status":"publish","type":"page","link":"https:\/\/standify.org\/pl\/ccpa-opt-out\/","title":{"rendered":"CCPA Opt Out"},"content":{"rendered":"<h2 class=\"wp-block-heading\">Nie sprzedawaj ani nie udost\u0119pniaj moich danych osobowych<\/h2>\n\n\n\n<p>Jak opisano w naszej Polityce prywatno\u015bci, zbieramy dane osobowe na podstawie interakcji u\u017cytkownika z nami i nasz\u0105 witryn\u0105 internetow\u0105, w tym za pomoc\u0105 plik\u00f3w cookie i podobnych technologii. Mo\u017cemy r\u00f3wnie\u017c udost\u0119pnia\u0107 te dane osobowe stronom trzecim, w tym partnerom reklamowym. Robimy to w celu wy\u015bwietlania u\u017cytkownikowi reklam na innych stronach internetowych, kt\u00f3re s\u0105 bardziej dopasowane do jego zainteresowa\u0144 oraz z innych powod\u00f3w opisanych w naszej polityce prywatno\u015bci.<\/p>\n\n\n\n<p>Udost\u0119pnianie danych osobowych do cel\u00f3w reklamy ukierunkowanej na podstawie interakcji u\u017cytkownika z r\u00f3\u017cnymi witrynami internetowymi mo\u017ce by\u0107 uznawane za \"sprzeda\u017c\", \"udost\u0119pnianie\" lub \"reklam\u0119 ukierunkowan\u0105\" zgodnie z przepisami o ochronie prywatno\u015bci obowi\u0105zuj\u0105cymi w niekt\u00f3rych stanach USA. W zale\u017cno\u015bci od miejsca zamieszkania u\u017cytkownik mo\u017ce mie\u0107 prawo do rezygnacji z tych dzia\u0142a\u0144. Aby skorzysta\u0107 z tego prawa, nale\u017cy post\u0119powa\u0107 zgodnie z poni\u017cszymi instrukcjami.<\/p>\n\n\n\n<p>Je\u015bli u\u017cytkownik odwiedzi nasz\u0105 witryn\u0119 internetow\u0105 z w\u0142\u0105czonym sygna\u0142em preferencji rezygnacji Global Privacy Control, w zale\u017cno\u015bci od tego, gdzie si\u0119 znajduje, potraktujemy to jako pro\u015bb\u0119 o rezygnacj\u0119 z dzia\u0142a\u0144, kt\u00f3re mog\u0105 by\u0107 uwa\u017cane za \"sprzeda\u017c\" lub \"udost\u0119pnianie\" danych osobowych lub inne zastosowania, kt\u00f3re mog\u0105 by\u0107 uwa\u017cane za ukierunkowane reklamy dla urz\u0105dzenia i przegl\u0105darki u\u017cywanej do odwiedzenia naszej witryny internetowej.<\/p>","protected":false},"excerpt":{"rendered":"<p>Do not sell or share my personal information As described in our Privacy Policy, we collect personal information from your<\/p>","protected":false},"author":1,"featured_media":0,"parent":0,"menu_order":0,"comment_status":"closed","ping_status":"closed","template":"","meta":{"footnotes":""},"class_list":["post-10882","page","type-page","status-publish","hentry"],"jetpack_sharing_enabled":true,"_links":{"self":[{"href":"https:\/\/standify.org\/pl\/wp-json\/wp\/v2\/pages\/10882","targetHints":{"allow":["GET"]}}],"collection":[{"href":"https:\/\/standify.org\/pl\/wp-json\/wp\/v2\/pages"}],"about":[{"href":"https:\/\/standify.org\/pl\/wp-json\/wp\/v2\/types\/page"}],"author":[{"embeddable":true,"href":"https:\/\/standify.org\/pl\/wp-json\/wp\/v2\/users\/1"}],"replies":[{"embeddable":true,"href":"https:\/\/standify.org\/pl\/wp-json\/wp\/v2\/comments?post=10882"}],"version-history":[{"count":0,"href":"https:\/\/standify.org\/pl\/wp-json\/wp\/v2\/pages\/10882\/revisions"}],"wp:attachment":[{"href":"https:\/\/standify.org\/pl\/wp-json\/wp\/v2\/media?parent=10882"}],"curies":[{"name":"wp","href":"https:\/\/api.w.org\/{rel}","templated":true}]}}