{"id":10856,"date":"2024-03-08T00:12:21","date_gmt":"2024-03-07T14:12:21","guid":{"rendered":"https:\/\/standify.org\/?page_id=10856"},"modified":"2024-05-30T20:41:28","modified_gmt":"2024-05-30T10:41:28","slug":"refund-policy","status":"publish","type":"page","link":"https:\/\/standify.org\/pl\/refund-policy\/","title":{"rendered":"Polityka zwrot\u00f3w"},"content":{"rendered":"<h1 class=\"wp-block-heading\">ANULOWANIE\/MODYFIKACJE<\/h1>\n\n\n\n<p>&nbsp;Przetwarzamy nasze zam\u00f3wienia bardzo szybko i niestety zazwyczaj nie mo\u017cemy wprowadza\u0107 zmian po z\u0142o\u017ceniu zam\u00f3wienia. Je\u015bli chcesz anulowa\u0107 lub zaktualizowa\u0107 zam\u00f3wienie, skontaktuj si\u0119 z nami pod adresem info@standify.org, aby sprawdzi\u0107, czy mo\u017cna dokona\u0107 modyfikacji.&nbsp;<\/p>\n\n\n\n<p>&nbsp;<strong>Uwaga<\/strong>: Nale\u017cy pami\u0119ta\u0107, \u017ce standardowa op\u0142ata transakcyjna $2 nie podlega zwrotowi.<\/p>\n\n\n\n<p>Je\u015bli zam\u00f3wienie zosta\u0142o ju\u017c zrealizowane, nie mo\u017cemy przetworzy\u0107 zwrotu pieni\u0119dzy (poniewa\u017c paczka jest ju\u017c w drodze).&nbsp;&nbsp;<\/p>\n\n\n\n<p>Zwrot pieni\u0119dzy za anulowane zam\u00f3wienie potrwa od 2 do 7 dni roboczych, w zale\u017cno\u015bci od metody p\u0142atno\u015bci. Paypal jest natychmiastowy, podczas gdy kupuj\u0105cy kart\u0105 kredytow\u0105 \/ debetow\u0105 mog\u0105 czeka\u0107 nieco d\u0142u\u017cej.<\/p>\n\n\n\n<h1 class=\"wp-block-heading\">ZWROTY<\/h1>\n\n\n\n<p>Klient mo\u017ce za\u017c\u0105da\u0107 zwrotu pieni\u0119dzy tylko w przypadku wad dostarczonego produktu. W takim przypadku klient b\u0119dzie musia\u0142 dostarczy\u0107 zdj\u0119cia lub filmy na poparcie roszczenia<\/p>\n\n\n\n<p>Zwroty nie s\u0105 uwzgl\u0119dniane w przypadku, gdy klient:<\/p>\n\n\n\n<p>1. Pope\u0142ni\u0142 b\u0142\u0105d przy zamawianiu towar\u00f3w, na przyk\u0142ad (w tym mi\u0119dzy innymi) niew\u0142a\u015bciwy wyb\u00f3r modelu, niew\u0142a\u015bciwy wyb\u00f3r ilo\u015bci, b\u0142\u0105d w charakterze towar\u00f3w.<\/p>\n\n\n\n<p>2.  Anuluje zam\u00f3wienie po sfinalizowaniu zakupu i dokonaniu p\u0142atno\u015bci na platformie.&nbsp;<\/p>\n\n\n\n<p>Aby kwalifikowa\u0107 si\u0119 do zwrotu, przedmiot musi by\u0107 nieu\u017cywany i w takim samym stanie, w jakim go otrzyma\u0142e\u015b. Musi r\u00f3wnie\u017c znajdowa\u0107 si\u0119 w oryginalnym opakowaniu ze wszystkimi oryginalnymi metkami i etykietami. Po otrzymaniu i sprawdzeniu zwrotu mo\u017cna ubiega\u0107 si\u0119 o cz\u0119\u015bciowy zwrot pieni\u0119dzy lub kredyt sklepowy. Zwrot zostanie przetworzony, a kredyt zostanie automatycznie zastosowany do karty kredytowej lub oryginalnej metody p\u0142atno\u015bci w ci\u0105gu 2-7 dni roboczych.&nbsp;<\/p>\n\n\n\n<p>&nbsp;<strong>Uwaga<\/strong>: U\u017cytkownik ponosi odpowiedzialno\u015b\u0107 za pokrycie w\u0142asnych koszt\u00f3w wysy\u0142ki zwi\u0105zanych ze zwrotem przedmiotu. Koszty wysy\u0142ki nie podlegaj\u0105 zwrotowi.<\/p>\n\n\n\n<h1 class=\"wp-block-heading\">SZACUNKI DOTYCZ\u0104CE WYSY\u0141KI<\/h1>\n\n\n\n<p>Podczas transportu mog\u0105 zdarzy\u0107 si\u0119 wypadki. Mo\u017cesz mie\u0107 pewno\u015b\u0107, \u017ce jeste\u015bmy tu dla Ciebie. Je\u015bli otrzyma\u0142e\u015b uszkodzony przedmiot, zg\u0142o\u015b to na adres info@standify.org w ci\u0105gu 48 godzin od otrzymania wraz ze zdj\u0119ciem pokazuj\u0105cym uszkodzenie produktu (produkt\u00f3w). W wiadomo\u015bci e-mail nale\u017cy poda\u0107 numer zam\u00f3wienia. Zwrot uszkodzonego produktu nie jest konieczny.<\/p>\n\n\n\n<p>&nbsp;<strong>Uwaga<\/strong>: Nie ponosimy odpowiedzialno\u015bci za jakiekolwiek uszkodzenia produktu spowodowane nieprawid\u0142owym u\u017cytkowaniem.<\/p>\n\n\n\n<h1 class=\"wp-block-heading\">ZWROTY<\/h1>\n\n\n\n<p>Aby kwalifikowa\u0107 si\u0119 do zwrotu pieni\u0119dzy, nale\u017cy zwr\u00f3ci\u0107 zam\u00f3wienie. Po otrzymaniu i sprawdzeniu zwrotu mo\u017cna ubiega\u0107 si\u0119 o cz\u0119\u015bciowy zwrot pieni\u0119dzy lub kredyt sklepowy. Zwrot zostanie przetworzony, a kredyt zostanie automatycznie zastosowany do karty kredytowej lub oryginalnej metody p\u0142atno\u015bci w ci\u0105gu 2-7 dni roboczych.&nbsp;<\/p>\n\n\n\n<p>&nbsp;<strong>Uwaga<\/strong>: Op\u0142aty za wysy\u0142k\u0119 (je\u015bli wyst\u0119puj\u0105) i op\u0142aty transakcyjne nie podlegaj\u0105 zwrotowi.<\/p>\n\n\n\n<h1 class=\"wp-block-heading\">KOSZTY WYSY\u0141KI<\/h1>\n\n\n\n<p>U\u017cytkownik b\u0119dzie odpowiedzialny za pokrycie koszt\u00f3w wysy\u0142ki podczas zwrotu przedmiotu. Koszty wysy\u0142ki nie podlegaj\u0105 zwrotowi. Korzystanie z us\u0142ugi \u015bledzenia przesy\u0142ki jest obowi\u0105zkowe - je\u015bli nie korzystasz z us\u0142ugi \u015bledzenia przesy\u0142ki, nie b\u0119dziemy w stanie dokona\u0107 zwrotu pieni\u0119dzy.<\/p>\n\n\n\n<h1 class=\"wp-block-heading\">B\u0141\u0118DNY ADRES<\/h1>\n\n\n\n<p>Pami\u0119taj, \u017ce je\u015bli paczka nie dotrze do Ciebie po podaniu b\u0142\u0119dnego lub niekompletnego adresu, nie b\u0119dziemy ponosi\u0107 odpowiedzialno\u015bci i nie b\u0119dziemy w stanie zaoferowa\u0107 pe\u0142nego zwrotu kwoty zam\u00f3wienia - jeste\u015b odpowiedzialny za podanie jasnych i poprawnych informacji wysy\u0142kowych i rozliczeniowych przy sk\u0142adaniu zam\u00f3wienia.<\/p>\n\n\n\n<p>\u00a0W przypadku dalszych pyta\u0144 prosimy o kontakt pod adresem info@standify.org.<br><\/p>\n\n\n\n<h1 class=\"wp-block-heading\">SKRADZIONE\/ZAGUBIONE PACZKI<\/h1>\n\n\n\n<p>Chocia\u017c dok\u0142adamy wszelkich stara\u0144, aby dostarczy\u0107 zam\u00f3wienie na czas, nie mo\u017cemy ponosi\u0107 odpowiedzialno\u015bci za op\u00f3\u017anienia w wysy\u0142ce lub dostawie, kt\u00f3re s\u0105 poza nasz\u0105 kontrol\u0105. W przypadku jakichkolwiek problem\u00f3w z dostaw\u0105 prosimy o bezpo\u015bredni kontakt z kurierem w celu uzyskania pomocy. Nie ponosimy odpowiedzialno\u015bci za zagubione, skradzione lub op\u00f3\u017anione przesy\u0142ki.<br><\/p>\n\n\n\n<h1 class=\"wp-block-heading\">Zwroty, wymiany i refundacje<\/h1>\n\n\n\n<p>Thank you for your purchase. We hope you are happy with your purchase. However, if you are not completely satisfied with your purchase due to a default, you may return it. Please see below for more information on our return policy.<\/p>\n\n\n\n<h1 class=\"wp-block-heading\"><strong>Zwroty, wymiany i refundacje<\/strong><\/h1>\n\n\n\n<p>Wszelkie zwroty i problemy zwi\u0105zane z zam\u00f3wieniami nale\u017cy zg\u0142asza\u0107 w ci\u0105gu trzydziestu (30) dni od daty dostawy.&nbsp;<\/p>\n\n\n\n<p><em>Standify&nbsp;<\/em><em>wymieni przedmiot w przypadku jakichkolwiek uszkodze\u0144, brakuj\u0105cych element\u00f3w lub s\u0142abej jako\u015bci wykonania.&nbsp;<\/em><\/p>\n\n\n\n<p>W przypadku bezpo\u015bredniego uszkodzenia, zepsucia lub zgubienia produktu nie przys\u0142uguje prawo do wymiany lub zwrotu pieni\u0119dzy.<\/p>\n\n\n\n<ul class=\"wp-block-list\">\n<li><strong>Aby poprosi\u0107 o wymian\u0119<\/strong>&nbsp;W przypadku uszkodze\u0144, brakuj\u0105cych element\u00f3w lub s\u0142abej jako\u015bci wykonania prosimy o kontakt z naszym dzia\u0142em obs\u0142ugi klienta pod adresem info@standify.org.<\/li>\n\n\n\n<li><strong>Aby kwalifikowa\u0107 si\u0119 do zwrotu pieni\u0119dzy (w przypadku ch\u0119ci zwrotu zam\u00f3wienia)<\/strong>Przedmiot musi by\u0107 nieu\u017cywany i w takim samym stanie, w jakim zosta\u0142 otrzymany. Musi r\u00f3wnie\u017c znajdowa\u0107 si\u0119 w oryginalnym opakowaniu ze wszystkimi oryginalnymi metkami i etykietami.<\/li>\n<\/ul>\n\n\n\n<p>NIE przyjmujemy zwrot\u00f3w w przypadku zam\u00f3wie\u0144, kt\u00f3rych termin realizacji przekroczy\u0142 30 dni od daty dostawy.<\/p>\n\n\n\n<p>Aby zwr\u00f3ci\u0107 produkt, nale\u017cy wys\u0142a\u0107 wiadomo\u015b\u0107 e-mail do naszego zespo\u0142u obs\u0142ugi klienta na adres info@standify.org.<\/p>\n\n\n\n<p>Aby zrealizowa\u0107 zwrot pieni\u0119dzy, wymagamy paragonu lub dowodu zakupu.<\/p>\n\n\n\n<ul class=\"wp-block-list\">\n<li>Prosimy o kontakt w celu uzyskania adresu zwrotnego. Wy\u015blemy Ci szczeg\u00f3\u0142y dostawy do naszego najbli\u017cszego obiektu w pobli\u017cu.<\/li>\n\n\n\n<li>Prosimy o przes\u0142anie DOWODU wysy\u0142ki po zwrocie (np. e-mail \/ bezpo\u015brednia wiadomo\u015b\u0107 do nas ze zdj\u0119ciem pokwitowania), aby\u015bmy mogli u\u017cy\u0107 go jako odniesienia.<\/li>\n\n\n\n<li>Po otrzymaniu i sprawdzeniu zwrotu wy\u015blemy wiadomo\u015b\u0107 e-mail z powiadomieniem o otrzymaniu zwr\u00f3conego przedmiotu. Powiadomimy r\u00f3wnie\u017c o zatwierdzeniu lub odrzuceniu zwrotu.<\/li>\n\n\n\n<li>Je\u015bli zwrot zostanie zatwierdzony, zostanie on przetworzony, a kredyt zostanie automatycznie zastosowany do karty kredytowej lub oryginalnej metody p\u0142atno\u015bci. Zwrot koszt\u00f3w nast\u0105pi w ci\u0105gu 2-7 dni roboczych.&nbsp;&nbsp;<\/li>\n<\/ul>\n\n\n\n<p><strong>WYJ\u0104TKI<\/strong><\/p>\n\n\n\n<p><br>NIE przyjmujemy zwrot\u00f3w, je\u015bli<br><br>Przedmioty by\u0142y ju\u017c otwierane i u\u017cywane.<\/p>\n\n\n\n<p>Klient pope\u0142ni\u0142 b\u0142\u0105d przy zamawianiu towar\u00f3w, na przyk\u0142ad (w tym mi\u0119dzy innymi) niew\u0142a\u015bciwy wyb\u00f3r modelu, niew\u0142a\u015bciwy wyb\u00f3r ilo\u015bci, b\u0142\u0105d w charakterze towar\u00f3w.<\/p>\n\n\n\n<p><strong>Wysy\u0142ka:<\/strong><\/p>\n\n\n\n<ul class=\"wp-block-list\">\n<li>Aby zwr\u00f3ci\u0107 produkt, skontaktuj si\u0119 z nami za po\u015brednictwem poczty elektronicznej, a my poprowadzimy Ci\u0119 przez kolejne najlepsze kroki<\/li>\n<\/ul>\n\n\n\n<p>U\u017cytkownik ponosi odpowiedzialno\u015b\u0107 za pokrycie koszt\u00f3w wysy\u0142ki zwi\u0105zanych ze zwrotem przedmiotu. Koszty wysy\u0142ki nie podlegaj\u0105 zwrotowi.<br><br>W zale\u017cno\u015bci od miejsca zamieszkania czas oczekiwania na produkt zast\u0119pczy mo\u017ce si\u0119 r\u00f3\u017cni\u0107.<br><br>W przypadku wadliwych lub uszkodzonych produkt\u00f3w prosimy o kontakt z naszym zespo\u0142em obs\u0142ugi klienta pod adresem info@standify.org w celu dokonania zwrotu lub wymiany.<\/p>","protected":false},"excerpt":{"rendered":"<p>CANCELLATIONS\/MODIFICATIONS &nbsp;We process our orders very quickly and unfortunately cannot typically make changes after an order has been placed. If<\/p>","protected":false},"author":1,"featured_media":0,"parent":0,"menu_order":0,"comment_status":"closed","ping_status":"closed","template":"","meta":{"footnotes":""},"class_list":["post-10856","page","type-page","status-publish","hentry"],"jetpack_sharing_enabled":true,"_links":{"self":[{"href":"https:\/\/standify.org\/pl\/wp-json\/wp\/v2\/pages\/10856","targetHints":{"allow":["GET"]}}],"collection":[{"href":"https:\/\/standify.org\/pl\/wp-json\/wp\/v2\/pages"}],"about":[{"href":"https:\/\/standify.org\/pl\/wp-json\/wp\/v2\/types\/page"}],"author":[{"embeddable":true,"href":"https:\/\/standify.org\/pl\/wp-json\/wp\/v2\/users\/1"}],"replies":[{"embeddable":true,"href":"https:\/\/standify.org\/pl\/wp-json\/wp\/v2\/comments?post=10856"}],"version-history":[{"count":0,"href":"https:\/\/standify.org\/pl\/wp-json\/wp\/v2\/pages\/10856\/revisions"}],"wp:attachment":[{"href":"https:\/\/standify.org\/pl\/wp-json\/wp\/v2\/media?parent=10856"}],"curies":[{"name":"wp","href":"https:\/\/api.w.org\/{rel}","templated":true}]}}