{"id":464,"date":"2023-11-07T15:03:41","date_gmt":"2023-11-07T15:03:41","guid":{"rendered":"https:\/\/standify.org\/?product=controller-stand-zombie-hand"},"modified":"2025-12-17T03:35:32","modified_gmt":"2025-12-16T17:35:32","slug":"controller-stand-zombie-hand","status":"publish","type":"product","link":"https:\/\/standify.org\/nb\/shop\/controller-stand-zombie-hand\/","title":{"rendered":"Controller Stand Zombie Hand"},"content":{"rendered":"<p>Slipp de levende d\u00f8de l\u00f8s for \u00e5 organisere spillutstyret ditt med Zombie Hand - den ultimate kontrolleren og hodetelefonstativet som lover \u00e5 bl\u00e5se liv i spillstasjonen din!<\/p>\n<p>\ud83c\udfae <strong>Hodetelefonholder - utstyrets vokter<\/strong> Gi spillet ditt et l\u00f8ft med en holder som ikke bare er funksjonell, men ogs\u00e5 djevelsk stilig. Dette er ikke bare et sted \u00e5 henge headsettet etter en utmattende spill\u00f8kt, det er et statement. Et fyrt\u00e5rn i natten som skriker \"Godt spilt!\". La denne zombieh\u00e5nden stige opp fra dypet av skrivebordet ditt for \u00e5 holde hodetelefonene dine i god behold og alltid ha dem innen rekkevidde.<\/p>\n<p>\ud83c\udfa7 <strong>Controller Haven - Omfavne de ud\u00f8des grep<\/strong> Frykt ikke, for dette stativet diskriminerer ikke; det er en likeverdig holder. Enten du sverger troskap til Xbox, PlayStation eller Switch, kan du la denne h\u00e5nden gripe kontrolleren din og holde den h\u00f8yt og stolt. Dette er ikke bare et stativ - det er et trof\u00e9 som vitner om utallige kamper og seire, og det er laget av elastisk harpiks og omhyggelig h\u00e5ndmalt. Det er ikke bare bygget - det er smidd for evigheten, og lover urokkelig st\u00f8tte til dine edleste verkt\u00f8y.<\/p>\n<p>\ud83c\udfae <strong>Telefonstativ - Teknologien din, grepet av de d\u00f8de<\/strong> Har du noen gang tenkt at telefonen din kunne trenge et makabert preg? Da trenger du ikke lete lenger. Dette stativet griper tak i mobilen din med apokalypsens kalde, d\u00f8de hender og s\u00f8rger for at du har fri sikt til skjermen selv i kampens hete. iPhone eller Samsung, Google eller noe annet - med eller uten etui - denne zombien d\u00f8mmer ikke. Den bare holder... ub\u00f8nnh\u00f8rlig.<\/p>\n<p>\ud83c\udfa7 <strong>The Gift of the Grave - en jordisk overraskelse for spillere<\/strong> Leter du etter den perfekte gaven til en spillentusiast? Zombie Hand leveres i en innpakning som er designet med like stor omhu som selve stativet, slik at det kommer fra det hinsidige til d\u00f8ren din i up\u00e5klagelig stand. Stativet m\u00e5ler 17x27x18,5 cm og er det ideelle hvilestedet for de offisielle kontrollerne til PS5, XBOX Series X|S og de fleste headsettene p\u00e5 markedet.<\/p>\n<p>V\u00e5g \u00e5 tilf\u00f8re et snev av det ekstraordin\u00e6re til oppsettet ditt med dette unike spilltilbeh\u00f8ret. Hvert eneste blikk p\u00e5 Zombie Hand vil minne deg om at i den vanlige spillerens verden er det du som er overleveren, den siste som st\u00e5r igjen og som horden misunner deg.<\/p>","protected":false},"excerpt":{"rendered":"<p>Slipp l\u00f8s de levende d\u00f8de for \u00e5 organisere spillutstyret ditt med Zombie Hand - den ultimate kontrolleren og hodetelefonstativet som<\/p>","protected":false},"featured_media":466,"comment_status":"open","ping_status":"closed","template":"","meta":[],"product_brand":[],"product_cat":[16,25],"product_tag":[24],"class_list":{"0":"post-464","1":"product","2":"type-product","3":"status-publish","4":"has-post-thumbnail","6":"product_cat-standify","7":"product_cat-controller-stand","8":"product_tag-controller-stand","10":"first","11":"instock","12":"sale","13":"taxable","14":"shipping-taxable","15":"purchasable","16":"product-type-simple"},"jetpack_sharing_enabled":true,"_links":{"self":[{"href":"https:\/\/standify.org\/nb\/wp-json\/wp\/v2\/product\/464","targetHints":{"allow":["GET"]}}],"collection":[{"href":"https:\/\/standify.org\/nb\/wp-json\/wp\/v2\/product"}],"about":[{"href":"https:\/\/standify.org\/nb\/wp-json\/wp\/v2\/types\/product"}],"replies":[{"embeddable":true,"href":"https:\/\/standify.org\/nb\/wp-json\/wp\/v2\/comments?post=464"}],"version-history":[{"count":0,"href":"https:\/\/standify.org\/nb\/wp-json\/wp\/v2\/product\/464\/revisions"}],"wp:featuredmedia":[{"embeddable":true,"href":"https:\/\/standify.org\/nb\/wp-json\/wp\/v2\/media\/466"}],"wp:attachment":[{"href":"https:\/\/standify.org\/nb\/wp-json\/wp\/v2\/media?parent=464"}],"wp:term":[{"taxonomy":"product_brand","embeddable":true,"href":"https:\/\/standify.org\/nb\/wp-json\/wp\/v2\/product_brand?post=464"},{"taxonomy":"product_cat","embeddable":true,"href":"https:\/\/standify.org\/nb\/wp-json\/wp\/v2\/product_cat?post=464"},{"taxonomy":"product_tag","embeddable":true,"href":"https:\/\/standify.org\/nb\/wp-json\/wp\/v2\/product_tag?post=464"}],"curies":[{"name":"wp","href":"https:\/\/api.w.org\/{rel}","templated":true}]}}