{"id":39,"date":"2024-03-07T12:25:24","date_gmt":"2024-03-07T12:25:24","guid":{"rendered":"https:\/\/standify.org\/?post_type=product&#038;p=39"},"modified":"2024-08-02T02:19:31","modified_gmt":"2024-08-01T16:19:31","slug":"16cm-goku-super-saiyan-electric-figurine","status":"publish","type":"product","link":"https:\/\/standify.org\/nb\/shop\/16cm-goku-super-saiyan-electric-figurine\/","title":{"rendered":"16 cm stor Goku Super Saiyan elektrisk figur"},"content":{"rendered":"<p>Slipp l\u00f8s kraften til den ultimate krigeren med v\u00e5r elektrifiserende 16 cm store \"Goku med lyn-aura\"-figur! Dette mesterlig utformede samleobjektet er en hyllest til styrken og intensiteten til den ikoniske krigeren, forsterket av den dynamiske str\u00f8mmen som legemliggj\u00f8r kamp\u00e5nden hans.<\/p>\n<p>\u26a1 <strong>Dynamisk energi<\/strong>: Figuren er innhyllet i skulpturelle lyneffekter som illustrerer Gokus r\u00e5 energi og enorme kraft n\u00e5r han gj\u00f8r seg klar til kamp. Den gjennomskinnelige gule fargen og de elektrifiserende teksturene simulerer den pulserende auraen og gir en visuelt imponerende effekt.<\/p>\n<p>\ud83e\udd4b <strong>Kompliserte detaljer<\/strong>: Figuren er omhyggelig utformet og viser Gokus muskul\u00f8se form, kamparr og slitte kl\u00e6r, noe som understreker intensiteten i de mange kampene hans. Hver eneste detalj, fra brettene i kl\u00e6rne til det besluttsomme uttrykket, er gjengitt med presisjon.<\/p>\n<p>\ud83c\udfa8 <strong>Levende farger<\/strong>: De livlige fargene er n\u00f8ye utvalgt for \u00e5 gjenspeile Gokus ikoniske utseende. Kontrasten mellom den oransje gi'en, det bl\u00e5 skjerfet og st\u00f8vlene og den livlige gule fargen p\u00e5 den elektriske auraen skaper et sl\u00e5ende uttrykk som gj\u00f8r seg godt i alle omgivelser.<\/p>\n<p>\ud83c\udfc6 <strong>Samlerens valg<\/strong>: Med sine stolte 16 cm er denne figuren en betydelig figur uten \u00e5 v\u00e6re p\u00e5trengende, og passer perfekt i en personlig samling, p\u00e5 kontorpulten eller i et temarom. De balanserte proporsjonene gj\u00f8r den til et blikkfang uansett hvor den plasseres.<\/p>","protected":false},"excerpt":{"rendered":"<p>Slipp l\u00f8s kraften til den ultimate krigeren med v\u00e5r elektrifiserende 16 cm store \u201cGoku med lyn-aura\u201d-figur! Dette mesterlig designede samleobjektet<\/p>","protected":false},"featured_media":41,"comment_status":"open","ping_status":"closed","template":"","meta":[],"product_brand":[],"product_cat":[641,16,18],"product_tag":[17,143],"class_list":{"0":"post-39","1":"product","2":"type-product","3":"status-publish","4":"has-post-thumbnail","6":"product_cat-dragon-ball-z-super-saiyan","7":"product_cat-standify","8":"product_cat-action-figure","9":"product_tag-figurine","10":"product_tag-dbz","12":"first","13":"instock","14":"sale","15":"taxable","16":"shipping-taxable","17":"purchasable","18":"product-type-simple"},"jetpack_sharing_enabled":true,"_links":{"self":[{"href":"https:\/\/standify.org\/nb\/wp-json\/wp\/v2\/product\/39","targetHints":{"allow":["GET"]}}],"collection":[{"href":"https:\/\/standify.org\/nb\/wp-json\/wp\/v2\/product"}],"about":[{"href":"https:\/\/standify.org\/nb\/wp-json\/wp\/v2\/types\/product"}],"replies":[{"embeddable":true,"href":"https:\/\/standify.org\/nb\/wp-json\/wp\/v2\/comments?post=39"}],"version-history":[{"count":0,"href":"https:\/\/standify.org\/nb\/wp-json\/wp\/v2\/product\/39\/revisions"}],"wp:featuredmedia":[{"embeddable":true,"href":"https:\/\/standify.org\/nb\/wp-json\/wp\/v2\/media\/41"}],"wp:attachment":[{"href":"https:\/\/standify.org\/nb\/wp-json\/wp\/v2\/media?parent=39"}],"wp:term":[{"taxonomy":"product_brand","embeddable":true,"href":"https:\/\/standify.org\/nb\/wp-json\/wp\/v2\/product_brand?post=39"},{"taxonomy":"product_cat","embeddable":true,"href":"https:\/\/standify.org\/nb\/wp-json\/wp\/v2\/product_cat?post=39"},{"taxonomy":"product_tag","embeddable":true,"href":"https:\/\/standify.org\/nb\/wp-json\/wp\/v2\/product_tag?post=39"}],"curies":[{"name":"wp","href":"https:\/\/api.w.org\/{rel}","templated":true}]}}