{"id":320,"date":"2024-03-07T12:25:14","date_gmt":"2024-03-07T12:25:14","guid":{"rendered":"https:\/\/standify.org\/?post_type=product&#038;p=320"},"modified":"2025-11-08T14:21:42","modified_gmt":"2025-11-08T04:21:42","slug":"7-6cm-dbz-crystal-ball-anime-figure-1-2-3-4-5-6-7-star-shenron-wish-balls-cosplay-props-collectible-desktop-decoration-toys","status":"publish","type":"product","link":"https:\/\/standify.org\/nb\/shop\/7-6cm-dbz-crystal-ball-anime-figure-1-2-3-4-5-6-7-star-shenron-wish-balls-cosplay-props-collectible-desktop-decoration-toys\/","title":{"rendered":"3-tommers dragekuler i krystall"},"content":{"rendered":"<p><strong>Slipp l\u00f8s dragens kraft: 3\u2033 Dragon Balls<\/strong><\/p>\n<p>\ud83d\udc09 Legg ut p\u00e5 en mystisk reise med v\u00e5re eksklusive 3 \u2033 Glass Dragon Balls. Disse kulene er laget til perfeksjon, og tilkaller essensen av eldgamle legender rett inn i stuen din.<\/p>\n<p><strong>Viktige funksjoner:<\/strong><\/p>\n<ul>\n<li>\ud83c\udf1f <strong>F\u00f8rsteklasses kvalitet:<\/strong> Hver kule er laget av slitesterkt glass av h\u00f8y kvalitet for en langvarig mystisk tilstedev\u00e6relse.<\/li>\n<li>\u2728 <strong>Ikonisk design:<\/strong> Levende oransje fargetone med det klassiske r\u00f8de stjernedesignet, tilgjengelig fra \u00e9n til syv stjerner.<\/li>\n<li>\ud83d\udccf <strong>Perfekt st\u00f8rrelse:<\/strong> Med en diameter p\u00e5 5 cm er de et ideelt samleobjekt som ikke tar for mye plass.<\/li>\n<\/ul>\n<p><strong>Fordeler:<\/strong><\/p>\n<ul>\n<li>\ud83c\udf81 <strong>Flott \u00e5 gi bort i gave:<\/strong> Et must for alle entusiaster, perfekt til bursdager, h\u00f8ytider eller som en overraskelse til fansen i livet ditt.<\/li>\n<li>\ud83c\udfa8 <strong>Dekorativ appell:<\/strong> Tilf\u00f8rer et magisk preg til ethvert rom, hylle eller skrivebord.<\/li>\n<li>\ud83d\udcda <strong>Samlerobjekt:<\/strong> Enten du er p\u00e5 jakt etter \u00e5 samle alle syv eller bare favorittnummeret ditt, er disse ballene et sl\u00e5ende tilskudd til ethvert sett.<\/li>\n<\/ul>\n<p><strong>Slik bruker du den:<\/strong><\/p>\n<ol>\n<li>Vis dem stolt frem i esken.<\/li>\n<li>Inkorporer dem i meditasjonen eller mindfulness-\u00f8velsene dine.<\/li>\n<li>Bruk dem som brevpressere eller skrivebordspynt for \u00e5 inspirere deg til daglige eventyr.<\/li>\n<\/ol>\n<p>\u26a0\ufe0f <strong>V\u00e6r oppmerksom p\u00e5 dette:<\/strong> Selv om disse glassdragekulene kanskje ikke p\u00e5kaller en ekte drage, vil de garantert vekke en f\u00f8lelse av undring og eventyr hos alle som ser dem.<\/p>","protected":false},"excerpt":{"rendered":"<p>Unleash the Power of the Dragon: 3&#8243; Dragon Balls \ud83d\udc09 Embark on a mystical journey with our exclusive 3&#8243; Glass<\/p>","protected":false},"featured_media":336,"comment_status":"open","ping_status":"closed","template":"","meta":[],"product_brand":[],"product_cat":[641,16,183],"product_tag":[],"class_list":{"0":"post-320","1":"product","2":"type-product","3":"status-publish","4":"has-post-thumbnail","6":"product_cat-dragon-ball-z-super-saiyan","7":"product_cat-standify","8":"product_cat-featured-items","10":"first","11":"instock","12":"taxable","13":"shipping-taxable","14":"purchasable","15":"product-type-variable"},"jetpack_sharing_enabled":true,"_links":{"self":[{"href":"https:\/\/standify.org\/nb\/wp-json\/wp\/v2\/product\/320","targetHints":{"allow":["GET"]}}],"collection":[{"href":"https:\/\/standify.org\/nb\/wp-json\/wp\/v2\/product"}],"about":[{"href":"https:\/\/standify.org\/nb\/wp-json\/wp\/v2\/types\/product"}],"replies":[{"embeddable":true,"href":"https:\/\/standify.org\/nb\/wp-json\/wp\/v2\/comments?post=320"}],"version-history":[{"count":0,"href":"https:\/\/standify.org\/nb\/wp-json\/wp\/v2\/product\/320\/revisions"}],"wp:featuredmedia":[{"embeddable":true,"href":"https:\/\/standify.org\/nb\/wp-json\/wp\/v2\/media\/336"}],"wp:attachment":[{"href":"https:\/\/standify.org\/nb\/wp-json\/wp\/v2\/media?parent=320"}],"wp:term":[{"taxonomy":"product_brand","embeddable":true,"href":"https:\/\/standify.org\/nb\/wp-json\/wp\/v2\/product_brand?post=320"},{"taxonomy":"product_cat","embeddable":true,"href":"https:\/\/standify.org\/nb\/wp-json\/wp\/v2\/product_cat?post=320"},{"taxonomy":"product_tag","embeddable":true,"href":"https:\/\/standify.org\/nb\/wp-json\/wp\/v2\/product_tag?post=320"}],"curies":[{"name":"wp","href":"https:\/\/api.w.org\/{rel}","templated":true}]}}