{"id":31887,"date":"2025-07-16T22:07:05","date_gmt":"2025-07-16T12:07:05","guid":{"rendered":"https:\/\/standify.org\/shop\/lapras-controller-stand\/"},"modified":"2025-09-18T01:19:25","modified_gmt":"2025-09-17T15:19:25","slug":"lapras-controller-stand","status":"publish","type":"product","link":"https:\/\/standify.org\/nb\/shop\/lapras-controller-stand\/","title":{"rendered":"Lapras Controller Stand"},"content":{"rendered":"<p><em>Sett seil mot en nostalgisk organisasjon.<\/em><\/p>\n<p>Husker du spenningen ved \u00e5 gli gjennom krystallklart vann p\u00e5 ryggen til Lapras? N\u00e5 er den samme milde kjempen klar til \u00e5 beskytte det som driver alle episke oppdrag - kontrolleren din. Dokk den mellom kampene, hold skrivebordet ditt b\u00f8lgeglatt, og la hvert eneste blikk minne deg p\u00e5 hvorfor du forelsket deg i spill i utgangspunktet.<\/p>\n<p>Hvorfor trenere elsker det<\/p>\n<ul>\n<li><strong>Universell, vinglebestandig holder<\/strong> - St\u00f8pt for \u00e5 klemme Switch Pro, PS5 DualSense, Xbox Series X|S og de fleste tredjeparts pads uten at de tipper over.<\/li>\n<li><strong>Klar til gave <\/strong>- vekker umiddelbar glede i det \u00f8yeblikket den pakkes opp.<\/li>\n<\/ul>\n<p>Bygget for spillere, st\u00f8ttet av trenere<\/p>\n<p>Vi har laget dette stativet for gamere som hater rot like mye som de elsker eventyr. Resultatet? Mindre kaos p\u00e5 skrivebordet, mer stolthet over oppsettet ditt og en daglig dose barndomsforundring. Hvis Lapras ikke f\u00e5r deg til \u00e5 smile hver gang du setter deg ned for \u00e5 spille, er du dekket av v\u00e5r 30-dagers \u201cIndigo Plateau\u201d-pengene-tilbake-garanti - uten \u00e5 stille sp\u00f8rsm\u00e5l.<\/p>\n<blockquote><p>\u201cSer utrolig bra ut p\u00e5 kampstasjonen min, og gj\u00f8r at Pro-kontrolleren min ikke lenger ruller ned p\u00e5 gulvet.\u201d - Jess, verifisert trener \u2b50\u2b50\u2b50\u2b50\u2b50<\/p><\/blockquote>\n<hr \/>\n<h3>\u26a1 Ta tak i din f\u00f8r den sv\u00f8mmer bort<\/h3>\n<p>Dette er et lite parti, laget av fans (ikke tilknyttet Nintendo), og hver b\u00f8lge blir fort utsolgt. Legg til <em>to<\/em> til handlekurven din, s\u00e5 tar vi automatisk <strong>10% av<\/strong>-s\u00e5 spiller 2 aldri f\u00f8ler seg akterutseilt.<\/p>\n<p><strong>Klar til \u00e5 rydde skrivebordet og gjenoppleve magien?<\/strong><br \/>\nHit <strong>LEGG I HANDLEKURVEN<\/strong> n\u00e5, og la Lapras holde \u00f8ye med ditt neste eventyr.<\/p>","protected":false},"excerpt":{"rendered":"<p>Sett seil for en nostalgisk organisasjon. Husker du spenningen ved \u00e5 gli gjennom krystallklart vann p\u00e5 ryggen av en lapra? N\u00e5 som<\/p>","protected":false},"featured_media":31874,"comment_status":"open","ping_status":"closed","template":"","meta":[],"product_brand":[],"product_cat":[25],"product_tag":[21,24,413],"class_list":{"0":"post-31887","1":"product","2":"type-product","3":"status-publish","4":"has-post-thumbnail","6":"product_cat-controller-stand","7":"product_tag-decoration","8":"product_tag-controller-stand","9":"product_tag-pokemon","11":"first","12":"instock","13":"sale","14":"taxable","15":"shipping-taxable","16":"purchasable","17":"product-type-simple"},"jetpack_sharing_enabled":true,"_links":{"self":[{"href":"https:\/\/standify.org\/nb\/wp-json\/wp\/v2\/product\/31887","targetHints":{"allow":["GET"]}}],"collection":[{"href":"https:\/\/standify.org\/nb\/wp-json\/wp\/v2\/product"}],"about":[{"href":"https:\/\/standify.org\/nb\/wp-json\/wp\/v2\/types\/product"}],"replies":[{"embeddable":true,"href":"https:\/\/standify.org\/nb\/wp-json\/wp\/v2\/comments?post=31887"}],"version-history":[{"count":2,"href":"https:\/\/standify.org\/nb\/wp-json\/wp\/v2\/product\/31887\/revisions"}],"predecessor-version":[{"id":32807,"href":"https:\/\/standify.org\/nb\/wp-json\/wp\/v2\/product\/31887\/revisions\/32807"}],"wp:featuredmedia":[{"embeddable":true,"href":"https:\/\/standify.org\/nb\/wp-json\/wp\/v2\/media\/31874"}],"wp:attachment":[{"href":"https:\/\/standify.org\/nb\/wp-json\/wp\/v2\/media?parent=31887"}],"wp:term":[{"taxonomy":"product_brand","embeddable":true,"href":"https:\/\/standify.org\/nb\/wp-json\/wp\/v2\/product_brand?post=31887"},{"taxonomy":"product_cat","embeddable":true,"href":"https:\/\/standify.org\/nb\/wp-json\/wp\/v2\/product_cat?post=31887"},{"taxonomy":"product_tag","embeddable":true,"href":"https:\/\/standify.org\/nb\/wp-json\/wp\/v2\/product_tag?post=31887"}],"curies":[{"name":"wp","href":"https:\/\/api.w.org\/{rel}","templated":true}]}}