{"id":230,"date":"2023-12-17T15:37:38","date_gmt":"2023-12-17T15:37:38","guid":{"rendered":"https:\/\/standify.org\/?product=2024-orange-sneakers"},"modified":"2025-12-15T03:32:21","modified_gmt":"2025-12-14T17:32:21","slug":"2024-dbz-sneakers","status":"publish","type":"product","link":"https:\/\/standify.org\/nb\/shop\/2024-dbz-sneakers\/","title":{"rendered":"2026 Oransje joggesko"},"content":{"rendered":"<p data-mce-fragment=\"1\">Slipp l\u00f8s din indre Saiyan med disse episke joggeskoene \ud83d\udc5f! Ta p\u00e5 deg heltenes sko, bokstavelig talt, med disse kraftfulle joggeskoene designet for de ultimate anime-fans. Velg din krigerske aura med tre elektrifiserende farger:<\/p>\n<p data-mce-fragment=\"1\">\ud83d\udd25 Oransje - like brennende som en krigers \u00e5nd!<br \/>\n\ud83c\udf1f Hvit - like ren som hjertet til helten v\u00e5r!<br \/>\n\u26ab Svart - Like intens som hans besluttsomhet!<\/p>\n<p data-mce-fragment=\"1\">Liste over funksjoner:<\/p>\n<ul data-mce-fragment=\"1\">\n<li data-mce-fragment=\"1\"><strong data-mce-fragment=\"1\">Ultrakomfortabel passform:<\/strong> Designet for lange kamper (eller bare komfort hele dagen)!<\/li>\n<li data-mce-fragment=\"1\"><strong data-mce-fragment=\"1\">\u00d8yeblikkelig oppstart:<\/strong> Lett \u00e5 ta p\u00e5 med elastiske sn\u00f8reb\u00e5nd for et raskt l\u00f8ft.<\/li>\n<li data-mce-fragment=\"1\"><strong data-mce-fragment=\"1\">Slitesterkt dragemateriale:<\/strong> Laget for \u00e5 t\u00e5le de t\u00f8ffeste trenings\u00f8ktene.<\/li>\n<li data-mce-fragment=\"1\"><strong data-mce-fragment=\"1\">Ikonisk design:<\/strong> Med emblem for \u00e5 kanalisere din indre Z Fighter.<\/li>\n<\/ul>\n<p data-mce-fragment=\"1\">Enten du trener, g\u00e5r p\u00e5 gata eller bare slapper av p\u00e5 Kame House, er disse joggeskoene den perfekte blandingen av stil, komfort og fandom. Legg dem til i samlingen din, og v\u00e6r klar til \u00e5 bli Saiyan p\u00e5 et \u00f8yeblikk! \ud83d\udc09<\/p>\n<p data-mce-fragment=\"1\">Det er begrenset antall, og fansen skynder seg for \u00e5 f\u00e5 tak i sine. Ikke vent til neste episode; kj\u00f8p joggeskoene dine i dag og erobre verden med en helts selvtillit! \ud83c\udf0d\u2728<\/p>","protected":false},"excerpt":{"rendered":"<p>Unleash your inner Saiyan with these epic Sneakers \ud83d\udc5f! Step into your heroes shoes, quite literally, with these power-packed kicks<\/p>","protected":false},"featured_media":252,"comment_status":"open","ping_status":"closed","template":"","meta":[],"product_brand":[],"product_cat":[641,16,20],"product_tag":[19],"class_list":{"0":"post-230","1":"product","2":"type-product","3":"status-publish","4":"has-post-thumbnail","6":"product_cat-dragon-ball-z-super-saiyan","7":"product_cat-standify","8":"product_cat-apparel","9":"product_tag-clothing","11":"first","12":"instock","13":"taxable","14":"shipping-taxable","15":"purchasable","16":"product-type-variable","17":"has-default-attributes"},"jetpack_sharing_enabled":true,"_links":{"self":[{"href":"https:\/\/standify.org\/nb\/wp-json\/wp\/v2\/product\/230","targetHints":{"allow":["GET"]}}],"collection":[{"href":"https:\/\/standify.org\/nb\/wp-json\/wp\/v2\/product"}],"about":[{"href":"https:\/\/standify.org\/nb\/wp-json\/wp\/v2\/types\/product"}],"replies":[{"embeddable":true,"href":"https:\/\/standify.org\/nb\/wp-json\/wp\/v2\/comments?post=230"}],"version-history":[{"count":2,"href":"https:\/\/standify.org\/nb\/wp-json\/wp\/v2\/product\/230\/revisions"}],"predecessor-version":[{"id":36689,"href":"https:\/\/standify.org\/nb\/wp-json\/wp\/v2\/product\/230\/revisions\/36689"}],"wp:featuredmedia":[{"embeddable":true,"href":"https:\/\/standify.org\/nb\/wp-json\/wp\/v2\/media\/252"}],"wp:attachment":[{"href":"https:\/\/standify.org\/nb\/wp-json\/wp\/v2\/media?parent=230"}],"wp:term":[{"taxonomy":"product_brand","embeddable":true,"href":"https:\/\/standify.org\/nb\/wp-json\/wp\/v2\/product_brand?post=230"},{"taxonomy":"product_cat","embeddable":true,"href":"https:\/\/standify.org\/nb\/wp-json\/wp\/v2\/product_cat?post=230"},{"taxonomy":"product_tag","embeddable":true,"href":"https:\/\/standify.org\/nb\/wp-json\/wp\/v2\/product_tag?post=230"}],"curies":[{"name":"wp","href":"https:\/\/api.w.org\/{rel}","templated":true}]}}