{"id":1696,"date":"2024-02-28T23:11:57","date_gmt":"2024-02-28T13:11:57","guid":{"rendered":"https:\/\/standify.org\/?post_type=product&#038;p=1696"},"modified":"2024-12-25T14:13:10","modified_gmt":"2024-12-25T04:13:10","slug":"anime-sonic-figure-hedgehog-phone-holder-switch-ps4-ps5-xbox-game-controller-holder-action-figure-model-toys-children-fans-gift","status":"publish","type":"product","link":"https:\/\/standify.org\/nb\/shop\/anime-sonic-figure-hedgehog-phone-holder-switch-ps4-ps5-xbox-game-controller-holder-action-figure-model-toys-children-fans-gift\/","title":{"rendered":"Stativ til Sonic The Hedgehog-kontrolleren"},"content":{"rendered":"<p>L\u00f8ft spillstasjonen eller arbeidsplassen din med et snev av spillnostalgi. V\u00e5r Sonic The Hedgehog Phone &amp; Controller Holder er ikke bare et vanlig stativ, det er et uttrykk for lidenskapen din, et samtaleemne og et statement.<\/p>\n<p><strong>\ud83c\udf1f Hvorfor velge Sonic Controller Stand?<\/strong><br \/>\n<strong><span data-mce-fragment=\"1\">\ud83d\udc4c\u00a0<\/span>H\u00e5ndverk av h\u00f8y kvalitet:<\/strong> Den er smidd av f\u00f8rsteklasses PVC-materiale, noe som sikrer en holdbarhet som t\u00e5ler tidens tann.<br \/>\n<strong><span data-mce-fragment=\"1\">\ud83e\udd94\u00a0<\/span>Ikonisk dynamisk krasjpositur:<\/strong> Sonic g\u00e5r til aksjon med utstrakte hender, klar til \u00e5 beskytte telefonen eller kontrolleren mot hindringer i virkeligheten.<br \/>\n<strong><span data-mce-fragment=\"1\">\ud83d\udc8e\u00a0<\/span>Solid og p\u00e5litelig:<\/strong> Med den solide sokkelen kan du v\u00e6re trygg p\u00e5 at de viktigste eiendelene dine st\u00e5r trygt og sikkert, uten at de vakler eller havarerer.<br \/>\n<strong><span data-mce-fragment=\"1\">\ud83c\udf81\u00a0<\/span>For den ultimate fan:<\/strong> Dette er ikke bare en holder, men en hyllest til en klassiker. Enten du har samlet p\u00e5 Sonic-memorabilia eller nettopp har begynt, er dette et uunnv\u00e6rlig objekt du ikke vil g\u00e5 glipp av.<br \/>\n<strong><span data-mce-fragment=\"1\">\ud83c\udfae\u00a0<\/span>Allsidig og multifunksjonell:<\/strong> I tillegg til at den ser blendende ut, har den to funksjoner. Vis den frem som et dekorativt element, eller bruk den til \u00e5 holde kontrolleren eller telefonen.<\/p>\n<p><strong>Spesifikasjoner:<\/strong><\/p>\n<ul>\n<li><strong>St\u00f8rrelse:<\/strong> 18 cm ren og skj\u00e6r ikonisk nostalgi!<\/li>\n<li><strong>Materiale:<\/strong> PVC av f\u00f8rsteklasses kvalitet<\/li>\n<li><strong>Design:<\/strong> To form\u00e5l - et funksjonelt stativ som ogs\u00e5 kan brukes som et dekorativt mesterverk!<\/li>\n<\/ul>\n<p>Ikke la dette g\u00e5 deg hus forbi. Legg til et snev av Sonic-universet i rommet ditt i dag. Enten det er for lek eller visning, er Sonic The Hedgehog Phone &amp; Controller Holder den oppgraderingen du har ventet p\u00e5. \ud83c\udf00\ud83c\udfae <em>F\u00e5 tak i din n\u00e5!<\/em><\/p>\n<div class=\"detailmodule_html\">\n<div class=\"detail-desc-decorate-richtext\"><\/div>\n<\/div>","protected":false},"excerpt":{"rendered":"<p>Elevate your gaming station or work space with a touch of gaming nostalgia. Our Sonic The Hedgehog Phone &amp; Controller<\/p>","protected":false},"featured_media":10932,"comment_status":"open","ping_status":"closed","template":"","meta":[],"product_brand":[],"product_cat":[16,25],"product_tag":[22,24],"class_list":{"0":"post-1696","1":"product","2":"type-product","3":"status-publish","4":"has-post-thumbnail","6":"product_cat-standify","7":"product_cat-controller-stand","8":"product_tag-for-her","9":"product_tag-controller-stand","11":"first","12":"instock","13":"sale","14":"taxable","15":"shipping-taxable","16":"purchasable","17":"product-type-simple"},"jetpack_sharing_enabled":true,"_links":{"self":[{"href":"https:\/\/standify.org\/nb\/wp-json\/wp\/v2\/product\/1696","targetHints":{"allow":["GET"]}}],"collection":[{"href":"https:\/\/standify.org\/nb\/wp-json\/wp\/v2\/product"}],"about":[{"href":"https:\/\/standify.org\/nb\/wp-json\/wp\/v2\/types\/product"}],"replies":[{"embeddable":true,"href":"https:\/\/standify.org\/nb\/wp-json\/wp\/v2\/comments?post=1696"}],"version-history":[{"count":1,"href":"https:\/\/standify.org\/nb\/wp-json\/wp\/v2\/product\/1696\/revisions"}],"predecessor-version":[{"id":21971,"href":"https:\/\/standify.org\/nb\/wp-json\/wp\/v2\/product\/1696\/revisions\/21971"}],"wp:featuredmedia":[{"embeddable":true,"href":"https:\/\/standify.org\/nb\/wp-json\/wp\/v2\/media\/10932"}],"wp:attachment":[{"href":"https:\/\/standify.org\/nb\/wp-json\/wp\/v2\/media?parent=1696"}],"wp:term":[{"taxonomy":"product_brand","embeddable":true,"href":"https:\/\/standify.org\/nb\/wp-json\/wp\/v2\/product_brand?post=1696"},{"taxonomy":"product_cat","embeddable":true,"href":"https:\/\/standify.org\/nb\/wp-json\/wp\/v2\/product_cat?post=1696"},{"taxonomy":"product_tag","embeddable":true,"href":"https:\/\/standify.org\/nb\/wp-json\/wp\/v2\/product_tag?post=1696"}],"curies":[{"name":"wp","href":"https:\/\/api.w.org\/{rel}","templated":true}]}}