{"id":16876,"date":"2024-10-16T22:44:53","date_gmt":"2024-10-16T12:44:53","guid":{"rendered":"https:\/\/standify.org\/shop\/luffys-gear-power-masterpiece-figurine-15cm\/"},"modified":"2026-03-02T10:19:39","modified_gmt":"2026-03-02T00:19:39","slug":"luffys-gear-power-masterpiece-figurine-15cm","status":"publish","type":"product","link":"https:\/\/standify.org\/nb\/shop\/luffys-gear-power-masterpiece-figurine-15cm\/","title":{"rendered":"Luffys Gear Power Masterpiece-figur (15 cm)"},"content":{"rendered":"<p>\ud83c\udf1f Ringer alle One Piece-fans! \ud83c\udf1f<\/p>\n<p>Dette <strong>\ud83d\udd25 Luffy's Gear Power Masterpiece (15 cm) \ud83c\udff4\u200d\u2620\ufe0f<\/strong> er din sjanse til \u00e5 bringe den legendariske <em>Str\u00e5hattkaptein<\/em> til liv p\u00e5 hyllen din! Med sine 15 cm er denne figuren perfekt for alle fans som \u00f8nsker et kompakt, men effektfullt utstillingsobjekt. Den er laget med fantastiske detaljer, og fanger Monkey D. Luffy midt i handlingen, med hans brennende kraft og karakteristiske str\u00e5hatt-\u00e5nd!<\/p>\n<p><strong>Hvorfor du trenger dette mesterverket:<\/strong><\/p>\n<ul>\n<li>\ud83c\udff4\u200d\u2620\ufe0f <strong>Episk design<\/strong> - Med Luffy i sin helhet <em>Girmodus<\/em>med realistiske brann- og r\u00f8ykeffekter!<\/li>\n<li>\ud83d\udca5 <strong>Actionfylt positur<\/strong> - Kjenn energien n\u00e5r Luffy kaster seg ut i kamp, klar til \u00e5 slippe l\u00f8s kreftene sine.<\/li>\n<li>\ud83c\udfa8 <strong>Utrolig h\u00e5ndverksmessig utf\u00f8relse<\/strong> - Hver eneste detalj, fra hans bestemte ansiktsuttrykk til hans ikoniske antrekk, er perfekt gjenskapt.<\/li>\n<li>\ud83d\udccf <strong>Perfekt st\u00f8rrelse (15 cm)<\/strong> - Akkurat passe stor til \u00e5 st\u00e5 p\u00e5 skrivebordet eller hyllen, noe som gj\u00f8r den b\u00e5de kompakt og i\u00f8ynefallende!<\/li>\n<li>\ud83c\udfc6 <strong>Bli med i mannskapet<\/strong> - Over <em>10 000 forn\u00f8yde fans<\/em> har gjort Luffy til midtpunktet sitt! Vil du bli med dem?<\/li>\n<\/ul>\n<p>Ikke g\u00e5 glipp av noe! Legg til <strong>\ud83d\udd25 Luffy's Gear Power Masterpiece (15 cm) \ud83c\udff4\u200d\u2620\ufe0f<\/strong> til samlingen din og vis frem din One Piece-stolthet.<\/p>\n<p><strong>Begrenset lagerbeholdning - f\u00e5 tak i dine n\u00e5 f\u00f8r de er borte! \ud83c\udfc3\u200d\u2642\ufe0f\ud83d\udca8<\/strong><\/p>","protected":false},"excerpt":{"rendered":"<p>\ud83c\udf1f Ringer til alle One Piece-fans! \ud83c\udf1f Dette \ud83d\udd25 Luffy's Gear Power Masterpiece (15cm) \ud83c\udff4\u200d\u2620\ufe0f er din sjanse til \u00e5 ta med<\/p>","protected":false},"featured_media":16805,"comment_status":"open","ping_status":"closed","template":"","meta":[],"product_brand":[],"product_cat":[696],"product_tag":[683,684],"class_list":{"0":"post-16876","1":"product","2":"type-product","3":"status-publish","4":"has-post-thumbnail","6":"product_cat-one-piece","7":"product_tag-one-piece","8":"product_tag-luffy","10":"first","11":"instock","12":"sale","13":"taxable","14":"shipping-taxable","15":"purchasable","16":"product-type-simple"},"jetpack_sharing_enabled":true,"_links":{"self":[{"href":"https:\/\/standify.org\/nb\/wp-json\/wp\/v2\/product\/16876","targetHints":{"allow":["GET"]}}],"collection":[{"href":"https:\/\/standify.org\/nb\/wp-json\/wp\/v2\/product"}],"about":[{"href":"https:\/\/standify.org\/nb\/wp-json\/wp\/v2\/types\/product"}],"replies":[{"embeddable":true,"href":"https:\/\/standify.org\/nb\/wp-json\/wp\/v2\/comments?post=16876"}],"version-history":[{"count":1,"href":"https:\/\/standify.org\/nb\/wp-json\/wp\/v2\/product\/16876\/revisions"}],"predecessor-version":[{"id":16886,"href":"https:\/\/standify.org\/nb\/wp-json\/wp\/v2\/product\/16876\/revisions\/16886"}],"wp:featuredmedia":[{"embeddable":true,"href":"https:\/\/standify.org\/nb\/wp-json\/wp\/v2\/media\/16805"}],"wp:attachment":[{"href":"https:\/\/standify.org\/nb\/wp-json\/wp\/v2\/media?parent=16876"}],"wp:term":[{"taxonomy":"product_brand","embeddable":true,"href":"https:\/\/standify.org\/nb\/wp-json\/wp\/v2\/product_brand?post=16876"},{"taxonomy":"product_cat","embeddable":true,"href":"https:\/\/standify.org\/nb\/wp-json\/wp\/v2\/product_cat?post=16876"},{"taxonomy":"product_tag","embeddable":true,"href":"https:\/\/standify.org\/nb\/wp-json\/wp\/v2\/product_tag?post=16876"}],"curies":[{"name":"wp","href":"https:\/\/api.w.org\/{rel}","templated":true}]}}