{"id":16855,"date":"2024-10-16T22:44:27","date_gmt":"2024-10-16T12:44:27","guid":{"rendered":"https:\/\/standify.org\/shop\/going-merry-thousand-sunny-floating-boat-one-piece\/"},"modified":"2026-04-06T11:50:35","modified_gmt":"2026-04-06T01:50:35","slug":"going-merry-thousand-sunny-floating-boat-one-piece","status":"publish","type":"product","link":"https:\/\/standify.org\/nb\/shop\/going-merry-thousand-sunny-floating-boat-one-piece\/","title":{"rendered":"Going Merry\/Thousand Sunny Flytende b\u00e5t - ONE PIECE"},"content":{"rendered":"<p>Har du noen gang \u00f8nsket deg en bit av <em>Ett stykke<\/em> verden rett i hendene dine? \ud83c\udf1f V\u00e5r <strong>V\u00e6skedrivflaske i ett stykke<\/strong> er her for \u00e5 gj\u00f8re den dr\u00f8mmen til virkelighet! Denne fantastiske kopien av den ikoniske <strong>Going Merry<\/strong> og <strong>Thousand Sunny<\/strong> Skipene er laget av akryl av h\u00f8y kvalitet, noe som bringer magien fra Luffys mannskap rett inn i hjemmet ditt. \u2728<\/p>\n<p>\ud83c\udf1f <strong>Hvorfor du vil elske den<\/strong>:<\/p>\n<ul>\n<li>\ud83d\udc8e <strong>Trofast kopi:<\/strong> Vakkert detaljert til \u00e6re for de legendariske skipene.<\/li>\n<li>\ud83c\udf0a <strong>Oceanic Feel:<\/strong> Fylt med mineralolje og renset vann for en oppslukende opplevelse.<\/li>\n<li>\ud83d\udccf <strong>Perfekt st\u00f8rrelse:<\/strong> M\u00e5lene 14,6 x 5,2 x 5,3 cm - perfekt for utstillingshyllen din!<\/li>\n<\/ul>\n<p>Enten du er en <strong>innbitt fan<\/strong>, a <strong>samleren<\/strong>eller bare \u00f8nsker \u00e5 legge til noen <em>pirat\u00e5nd<\/em> til rommet ditt, vil dette unike m\u00f8belet transportere deg til Grand Line p\u00e5 kort tid! \ud83d\udca5<\/p>\n<p>\ud83c\udf81 <strong>Gi den i gave eller behold den!<\/strong> Dette er et must-have for enhver <strong>animeelsker<\/strong> eller <em>Ett stykke<\/em> vifte. Gj\u00f8r den til din i dag, eller overrask en venn med et eventyr de vil sette pris p\u00e5 for alltid!<\/p>\n<p>\ud83d\udc49 <strong>Skaff deg din n\u00e5 og bli med Luffy ut p\u00e5 det \u00e5pne havet!<\/strong><\/p>\n<p>&nbsp;<\/p>","protected":false},"excerpt":{"rendered":"<p>Har du noen gang \u00f8nsket deg en bit av One Piece-verdenen rett i hendene? \ud83c\udf1f V\u00e5r One Piece Fluid Drift-flaske<\/p>","protected":false},"featured_media":16764,"comment_status":"open","ping_status":"closed","template":"","meta":[],"product_brand":[],"product_cat":[696],"product_tag":[27,683],"class_list":{"0":"post-16855","1":"product","2":"type-product","3":"status-publish","4":"has-post-thumbnail","6":"product_cat-one-piece","7":"product_tag-upsell","8":"product_tag-one-piece","10":"first","11":"instock","12":"sale","13":"taxable","14":"shipping-taxable","15":"purchasable","16":"product-type-variable","17":"has-default-attributes"},"jetpack_sharing_enabled":true,"_links":{"self":[{"href":"https:\/\/standify.org\/nb\/wp-json\/wp\/v2\/product\/16855","targetHints":{"allow":["GET"]}}],"collection":[{"href":"https:\/\/standify.org\/nb\/wp-json\/wp\/v2\/product"}],"about":[{"href":"https:\/\/standify.org\/nb\/wp-json\/wp\/v2\/types\/product"}],"replies":[{"embeddable":true,"href":"https:\/\/standify.org\/nb\/wp-json\/wp\/v2\/comments?post=16855"}],"version-history":[{"count":2,"href":"https:\/\/standify.org\/nb\/wp-json\/wp\/v2\/product\/16855\/revisions"}],"predecessor-version":[{"id":16903,"href":"https:\/\/standify.org\/nb\/wp-json\/wp\/v2\/product\/16855\/revisions\/16903"}],"wp:featuredmedia":[{"embeddable":true,"href":"https:\/\/standify.org\/nb\/wp-json\/wp\/v2\/media\/16764"}],"wp:attachment":[{"href":"https:\/\/standify.org\/nb\/wp-json\/wp\/v2\/media?parent=16855"}],"wp:term":[{"taxonomy":"product_brand","embeddable":true,"href":"https:\/\/standify.org\/nb\/wp-json\/wp\/v2\/product_brand?post=16855"},{"taxonomy":"product_cat","embeddable":true,"href":"https:\/\/standify.org\/nb\/wp-json\/wp\/v2\/product_cat?post=16855"},{"taxonomy":"product_tag","embeddable":true,"href":"https:\/\/standify.org\/nb\/wp-json\/wp\/v2\/product_tag?post=16855"}],"curies":[{"name":"wp","href":"https:\/\/api.w.org\/{rel}","templated":true}]}}