{"id":15888,"date":"2024-07-11T23:53:35","date_gmt":"2024-07-11T13:53:35","guid":{"rendered":"https:\/\/standify.org\/?post_type=product&#038;p=15888"},"modified":"2025-11-30T00:51:45","modified_gmt":"2025-11-29T14:51:45","slug":"gold-goku-iphone-case","status":"publish","type":"product","link":"https:\/\/standify.org\/nb\/shop\/gold-goku-iphone-case\/","title":{"rendered":"Goku iPhone-etui i gull"},"content":{"rendered":"<ul>\n<li>Frakt over hele verden.<\/li>\n<li>Alle forsendelser er forsikret med sporingsnummer.<\/li>\n<li>Ved hjelp av elektroplettert s\u00f8lvteknologi er den holdbar og vakker p\u00e5 samme tid.<\/li>\n<li><b>Standify\u2122 GARANTI<\/b><\/li>\n<\/ul>\n<ul>\n<li>Vi er stolte av kvaliteten p\u00e5 v\u00e5re produkter og garanterer at du vil bli forn\u00f8yd med alt du kj\u00f8per hos 100%\u00a0<b>standify.org<\/b><\/li>\n<li>Hvis du av en eller annen grunn ikke er helt forn\u00f8yd med kj\u00f8pet ditt, vil vi s\u00f8rge for at du f\u00e5r pengene tilbake - uten \u00e5 stille sp\u00f8rsm\u00e5l - innen rimelig tid.<\/li>\n<\/ul>","protected":false},"excerpt":{"rendered":"<p>Frakt over hele verden. Alle forsendelser er forsikret med sporingsnummer. Ved hjelp av galvanisert s\u00f8lvteknologi er den holdbar og vakker p\u00e5 samme tid.<\/p>","protected":false},"featured_media":15889,"comment_status":"open","ping_status":"closed","template":"","meta":[],"product_brand":[],"product_cat":[658,641,20],"product_tag":[],"class_list":{"0":"post-15888","1":"product","2":"type-product","3":"status-publish","4":"has-post-thumbnail","6":"product_cat-phone-cases","7":"product_cat-dragon-ball-z-super-saiyan","8":"product_cat-apparel","10":"first","11":"instock","12":"sale","13":"taxable","14":"shipping-taxable","15":"purchasable","16":"product-type-variable","17":"has-default-attributes"},"jetpack_sharing_enabled":true,"_links":{"self":[{"href":"https:\/\/standify.org\/nb\/wp-json\/wp\/v2\/product\/15888","targetHints":{"allow":["GET"]}}],"collection":[{"href":"https:\/\/standify.org\/nb\/wp-json\/wp\/v2\/product"}],"about":[{"href":"https:\/\/standify.org\/nb\/wp-json\/wp\/v2\/types\/product"}],"replies":[{"embeddable":true,"href":"https:\/\/standify.org\/nb\/wp-json\/wp\/v2\/comments?post=15888"}],"version-history":[{"count":0,"href":"https:\/\/standify.org\/nb\/wp-json\/wp\/v2\/product\/15888\/revisions"}],"wp:featuredmedia":[{"embeddable":true,"href":"https:\/\/standify.org\/nb\/wp-json\/wp\/v2\/media\/15889"}],"wp:attachment":[{"href":"https:\/\/standify.org\/nb\/wp-json\/wp\/v2\/media?parent=15888"}],"wp:term":[{"taxonomy":"product_brand","embeddable":true,"href":"https:\/\/standify.org\/nb\/wp-json\/wp\/v2\/product_brand?post=15888"},{"taxonomy":"product_cat","embeddable":true,"href":"https:\/\/standify.org\/nb\/wp-json\/wp\/v2\/product_cat?post=15888"},{"taxonomy":"product_tag","embeddable":true,"href":"https:\/\/standify.org\/nb\/wp-json\/wp\/v2\/product_tag?post=15888"}],"curies":[{"name":"wp","href":"https:\/\/api.w.org\/{rel}","templated":true}]}}