{"id":1533,"date":"2024-02-28T13:11:58","date_gmt":"2024-02-28T13:11:58","guid":{"rendered":"https:\/\/standify.org\/?post_type=product&#038;p=1533"},"modified":"2024-11-19T03:38:16","modified_gmt":"2024-11-18T17:38:16","slug":"premium-goku-college-varsity-jacket","status":"publish","type":"product","link":"https:\/\/standify.org\/nb\/shop\/premium-goku-college-varsity-jacket\/","title":{"rendered":"Premium Goku College Varsity-jakke"},"content":{"rendered":"<p>Slipp l\u00f8s Saiyan-stilen din med v\u00e5r Premium DBZ Varsity-jakke! \ud83d\udd25<\/p>\n<ul>\n<li><strong>Episke DBZ-emblemer:<\/strong> Foran og bak for maksimal effekt! \ud83d\udc09<\/li>\n<li><strong>Fete farger:<\/strong> I\u00f8ynefallende kombinasjon av oransje og bl\u00e5tt! \ud83c\udfa8<\/li>\n<li><strong>F\u00f8rsteklasses kvalitet:<\/strong> Slitesterk og komfortabel for daglig bruk! \ud83d\udcaa<\/li>\n<li><strong>Cool Varsity Vibe:<\/strong> Bruk den p\u00e5 skolen, p\u00e5 kamper eller p\u00e5 fanm\u00f8ter! \ud83c\udfeb\ud83c\udfc8<\/li>\n<li><strong>For alle fans:<\/strong> Unisex-design for alle Saiyan-krigere! \ud83d\udc55<\/li>\n<\/ul>\n<p><strong>Ta den!<\/strong> Begrenset lager! \ud83d\udecd\ufe0f<\/p>\n<ul>\n<li><strong>Lettstelt:<\/strong> Vask og bruk uten \u00e5 falme. \ud83e\uddfc<\/li>\n<li><strong>Pocket-Plus:<\/strong> Sikre utstyret ditt n\u00e5r du er p\u00e5 farten. \ud83d\udcf1\ud83d\udcbc<\/li>\n<li><strong>Size-It-Right:<\/strong> S til XL for perfekt passform. \ud83d\udccf<\/li>\n<\/ul>\n<p><strong>Bli helten i historien din - ta denne jakken n\u00e5!<\/strong> \ud83d\uded2\ud83d\udca8<\/p>","protected":false},"excerpt":{"rendered":"<p>Unleash your Saiyan style with our Premium DBZ Varsity Jacket! \ud83d\udd25 Epic DBZ Emblems: Front &amp; back for maximum impact!<\/p>","protected":false},"featured_media":1569,"comment_status":"open","ping_status":"closed","template":"","meta":[],"product_brand":[],"product_cat":[641,16,20],"product_tag":[19,27],"class_list":{"0":"post-1533","1":"product","2":"type-product","3":"status-publish","4":"has-post-thumbnail","6":"product_cat-dragon-ball-z-super-saiyan","7":"product_cat-standify","8":"product_cat-apparel","9":"product_tag-clothing","10":"product_tag-upsell","12":"first","13":"instock","14":"taxable","15":"shipping-taxable","16":"purchasable","17":"product-type-variable","18":"has-default-attributes"},"jetpack_sharing_enabled":true,"_links":{"self":[{"href":"https:\/\/standify.org\/nb\/wp-json\/wp\/v2\/product\/1533","targetHints":{"allow":["GET"]}}],"collection":[{"href":"https:\/\/standify.org\/nb\/wp-json\/wp\/v2\/product"}],"about":[{"href":"https:\/\/standify.org\/nb\/wp-json\/wp\/v2\/types\/product"}],"replies":[{"embeddable":true,"href":"https:\/\/standify.org\/nb\/wp-json\/wp\/v2\/comments?post=1533"}],"version-history":[{"count":0,"href":"https:\/\/standify.org\/nb\/wp-json\/wp\/v2\/product\/1533\/revisions"}],"wp:featuredmedia":[{"embeddable":true,"href":"https:\/\/standify.org\/nb\/wp-json\/wp\/v2\/media\/1569"}],"wp:attachment":[{"href":"https:\/\/standify.org\/nb\/wp-json\/wp\/v2\/media?parent=1533"}],"wp:term":[{"taxonomy":"product_brand","embeddable":true,"href":"https:\/\/standify.org\/nb\/wp-json\/wp\/v2\/product_brand?post=1533"},{"taxonomy":"product_cat","embeddable":true,"href":"https:\/\/standify.org\/nb\/wp-json\/wp\/v2\/product_cat?post=1533"},{"taxonomy":"product_tag","embeddable":true,"href":"https:\/\/standify.org\/nb\/wp-json\/wp\/v2\/product_tag?post=1533"}],"curies":[{"name":"wp","href":"https:\/\/api.w.org\/{rel}","templated":true}]}}