{"id":14281,"date":"2024-06-25T04:06:30","date_gmt":"2024-06-24T18:06:30","guid":{"rendered":"https:\/\/standify.org\/shop\/anime-gym-shorts\/"},"modified":"2026-05-01T06:24:44","modified_gmt":"2026-04-30T20:24:44","slug":"anime-gym-shorts","status":"publish","type":"product","link":"https:\/\/standify.org\/nb\/shop\/anime-gym-shorts\/","title":{"rendered":"Anime Gym Shorts"},"content":{"rendered":"<p><strong>Enest\u00e5ende materiale: 2-i-1 shorts for menn er laget av polyester + spandex oppgradert stoff, mykt og behagelig, 4-veis stretchteknologi fremmer fleksibel og fri bevegelse. Det hurtigt\u00f8rkende stoffet vil ikke f\u00f8les tett under trening, kj\u00f8lig, pustende og behagelig.<\/strong><\/p>\n<p>Perfekt design: Snoren i midjen kan justeres etter figuren din, og den elastiske midjen gir maksimal komfort. To sidelommer, nok til \u00e5 b\u00e6re telefon, lommebok og andre sm\u00e5ting.<\/p>\n<p>Oppgradert f\u00f4r: Det indre f\u00f4ret er forsterket og mer elastisk. Du kan f\u00f8le forskjellen mellom den og vanlige shorts n\u00e5r du ber\u00f8rer den, og den har en h\u00f8yere kvalitetsopplevelse. Stoffet er fint i utf\u00f8relse, delikat og behagelig, og har ingen d\u00e5rlig f\u00f8lelse som friksjon.<\/p>\n<p>Unikt trykk: Grafisk trykt design gir et stilig utseende, inspirert av din favoritt anime-figur, fasjonabelt og kult.<\/p>\n<p>Gjeldende scenarier: 2-i-1-shortsen er egnet for hjemmebruk, utend\u00f8rs l\u00f8ping, sport, treningsstudio, trening, yoga, strand og andre anledninger, med h\u00f8y komfort, klassisk og fasjonabel stil.<\/p>\n<p>Tips om vasking: Kan vaskes for h\u00e5nd eller i maskin. Fargen vil ikke falme etter gjentatt rengj\u00f8ring. M\u00e5 ikke blekes.<br \/>\n<img decoding=\"async\" src=\"https:\/\/ae01.alicdn.com\/kf\/S7696f4a1b2a7483fbbfa3933408d6b6fz.jpg?width=606&amp;height=340&amp;hash=946\" alt=\"Standify Anime Dragon Ball Z-figurer og Goku hodetelefonstativ\"><br \/>\n<img decoding=\"async\" src=\"https:\/\/ae01.alicdn.com\/kf\/Sfdae12f0a0b54f5ea6f1c6e12f26aebbB.jpg?width=800&amp;height=800&amp;hash=1600\" alt=\"Standify Anime Dragon Ball Z-figurer og Goku hodetelefonstativ\"><br \/>\n<strong>. <\/strong> <img decoding=\"async\" src=\"https:\/\/ae01.alicdn.com\/kf\/Sb9bc18c5b15d4a6f89911f7bb4a35161d.jpg?width=800&amp;height=800&amp;hash=1600\" alt=\"Standify Anime Dragon Ball Z-figurer og Goku hodetelefonstativ\">\u00a0<img decoding=\"async\" src=\"https:\/\/ae01.alicdn.com\/kf\/Sdae5e77c1f224ec2a2765f75c49da18aQ.jpg?width=750&amp;height=1333&amp;hash=2083\" alt=\"Standify Anime Dragon Ball Z-figurer og Goku hodetelefonstativ\"> <img decoding=\"async\" src=\"https:\/\/ae01.alicdn.com\/kf\/S2b118ff0eeff486c81e12e57f35b580eH.jpg?width=800&amp;height=800&amp;hash=1600\" alt=\"Standify Anime Dragon Ball Z-figurer og Goku hodetelefonstativ\"> <img decoding=\"async\" src=\"https:\/\/ae01.alicdn.com\/kf\/S93043a3799ce48549641fa1c266d6e2eI.jpg?width=800&amp;height=800&amp;hash=1600\" alt=\"Standify Anime Dragon Ball Z-figurer og Goku hodetelefonstativ\"> <img decoding=\"async\" src=\"https:\/\/ae01.alicdn.com\/kf\/Sf06bec503a9a47389f8fc3b8ec2d225eU.jpg?width=800&amp;height=800&amp;hash=1600\" alt=\"Standify Anime Dragon Ball Z-figurer og Goku hodetelefonstativ\"> <img decoding=\"async\" src=\"https:\/\/ae01.alicdn.com\/kf\/S4a24b1b0b9bd45dca0d8c52cedde39eaW.jpg?width=800&amp;height=800&amp;hash=1600\" alt=\"Standify Anime Dragon Ball Z-figurer og Goku hodetelefonstativ\"><\/p>","protected":false},"excerpt":{"rendered":"<p>Enest\u00e5ende materiale: 2 i 1 herreshorts er laget av polyester + spandex oppgradert stoff, mykt og behagelig, det<\/p>","protected":false},"featured_media":14227,"comment_status":"open","ping_status":"closed","template":"","meta":[],"product_brand":[],"product_cat":[641,16,20],"product_tag":[],"class_list":{"0":"post-14281","1":"product","2":"type-product","3":"status-publish","4":"has-post-thumbnail","6":"product_cat-dragon-ball-z-super-saiyan","7":"product_cat-standify","8":"product_cat-apparel","10":"first","11":"instock","12":"sale","13":"taxable","14":"shipping-taxable","15":"purchasable","16":"product-type-variable"},"jetpack_sharing_enabled":true,"_links":{"self":[{"href":"https:\/\/standify.org\/nb\/wp-json\/wp\/v2\/product\/14281","targetHints":{"allow":["GET"]}}],"collection":[{"href":"https:\/\/standify.org\/nb\/wp-json\/wp\/v2\/product"}],"about":[{"href":"https:\/\/standify.org\/nb\/wp-json\/wp\/v2\/types\/product"}],"replies":[{"embeddable":true,"href":"https:\/\/standify.org\/nb\/wp-json\/wp\/v2\/comments?post=14281"}],"version-history":[{"count":0,"href":"https:\/\/standify.org\/nb\/wp-json\/wp\/v2\/product\/14281\/revisions"}],"wp:featuredmedia":[{"embeddable":true,"href":"https:\/\/standify.org\/nb\/wp-json\/wp\/v2\/media\/14227"}],"wp:attachment":[{"href":"https:\/\/standify.org\/nb\/wp-json\/wp\/v2\/media?parent=14281"}],"wp:term":[{"taxonomy":"product_brand","embeddable":true,"href":"https:\/\/standify.org\/nb\/wp-json\/wp\/v2\/product_brand?post=14281"},{"taxonomy":"product_cat","embeddable":true,"href":"https:\/\/standify.org\/nb\/wp-json\/wp\/v2\/product_cat?post=14281"},{"taxonomy":"product_tag","embeddable":true,"href":"https:\/\/standify.org\/nb\/wp-json\/wp\/v2\/product_tag?post=14281"}],"curies":[{"name":"wp","href":"https:\/\/api.w.org\/{rel}","templated":true}]}}