{"id":13934,"date":"2024-06-25T03:04:52","date_gmt":"2024-06-24T17:04:52","guid":{"rendered":"https:\/\/standify.org\/shop\/dragon-ball-dbz-wallet\/"},"modified":"2025-11-01T03:12:41","modified_gmt":"2025-10-31T17:12:41","slug":"dragon-ball-dbz-wallet","status":"publish","type":"product","link":"https:\/\/standify.org\/nb\/shop\/dragon-ball-dbz-wallet\/","title":{"rendered":"Dragon Ball DBZ lommebok"},"content":{"rendered":"<p>Slipp l\u00f8s din indre Saiyan med <strong>Dragon Ball Z Goku lommeb\u00f8ker<\/strong>! Enten du kanaliserer Goku-\u00e5nden, Super Saiyan eller mestrer Ultra Instinct, er disse lommeb\u00f8kene et must for alle Dragon Ball Z-fans.<\/p>\n<p>Hver lommebok er laget av slitesterke materialer og har livlige trykk av h\u00f8y kvalitet, og hver lommebok viser ikoniske bilder av Goku i hans mest kraftfulle former. Med rikelig med kortplasser og et elegant design er disse lommeb\u00f8kene perfekte til hverdagsbruk eller for \u00e5 tilf\u00f8re samlingen din et snev av DBZ-stil.<\/p>\n<p>Bli med Goku p\u00e5 hans eventyr og ta med deg en bit av Dragon Ball Z-universet uansett hvor du g\u00e5r! Denne lommebokserien er perfekt for fans i alle aldre, og er ikke bare et praktisk tilbeh\u00f8r, men ogs\u00e5 et uttrykk for din kj\u00e6rlighet til en av tidenes st\u00f8rste anime-sagaer. Gj\u00f8r deg klar til \u00e5 forsterke stilen din!<\/p>","protected":false},"excerpt":{"rendered":"<p>Slipp l\u00f8s din indre Saiyan med Dragon Ball Z Goku lommeb\u00f8ker! Enten du kanaliserer \u00e5nden til Goku, Super Saiyan,<\/p>","protected":false},"featured_media":13904,"comment_status":"open","ping_status":"closed","template":"","meta":[],"product_brand":[],"product_cat":[641,20],"product_tag":[19],"class_list":{"0":"post-13934","1":"product","2":"type-product","3":"status-publish","4":"has-post-thumbnail","6":"product_cat-dragon-ball-z-super-saiyan","7":"product_cat-apparel","8":"product_tag-clothing","10":"first","11":"instock","12":"sale","13":"taxable","14":"shipping-taxable","15":"purchasable","16":"product-type-variable"},"jetpack_sharing_enabled":true,"_links":{"self":[{"href":"https:\/\/standify.org\/nb\/wp-json\/wp\/v2\/product\/13934","targetHints":{"allow":["GET"]}}],"collection":[{"href":"https:\/\/standify.org\/nb\/wp-json\/wp\/v2\/product"}],"about":[{"href":"https:\/\/standify.org\/nb\/wp-json\/wp\/v2\/types\/product"}],"replies":[{"embeddable":true,"href":"https:\/\/standify.org\/nb\/wp-json\/wp\/v2\/comments?post=13934"}],"version-history":[{"count":0,"href":"https:\/\/standify.org\/nb\/wp-json\/wp\/v2\/product\/13934\/revisions"}],"wp:featuredmedia":[{"embeddable":true,"href":"https:\/\/standify.org\/nb\/wp-json\/wp\/v2\/media\/13904"}],"wp:attachment":[{"href":"https:\/\/standify.org\/nb\/wp-json\/wp\/v2\/media?parent=13934"}],"wp:term":[{"taxonomy":"product_brand","embeddable":true,"href":"https:\/\/standify.org\/nb\/wp-json\/wp\/v2\/product_brand?post=13934"},{"taxonomy":"product_cat","embeddable":true,"href":"https:\/\/standify.org\/nb\/wp-json\/wp\/v2\/product_cat?post=13934"},{"taxonomy":"product_tag","embeddable":true,"href":"https:\/\/standify.org\/nb\/wp-json\/wp\/v2\/product_tag?post=13934"}],"curies":[{"name":"wp","href":"https:\/\/api.w.org\/{rel}","templated":true}]}}