{"id":1391,"date":"2024-02-28T13:11:58","date_gmt":"2024-02-28T13:11:58","guid":{"rendered":"https:\/\/standify.org\/?post_type=product&#038;p=1391"},"modified":"2026-02-10T03:26:29","modified_gmt":"2026-02-09T17:26:29","slug":"playstation-premium-rgb-3mm-desk-pads-15-designs","status":"publish","type":"product","link":"https:\/\/standify.org\/nb\/shop\/playstation-premium-rgb-3mm-desk-pads-15-designs\/","title":{"rendered":"Playstation Premium RGB 3 mm skrivebordsunderlag i RGB - 16 m\u00f8nstre"},"content":{"rendered":"<p>Ta steget inn i en verden der den ikoniske PlayStation-verdenen m\u00f8ter banebrytende design med v\u00e5re RGB-bordmatter i PlayStation-serien. Forvandle skrivebordet ditt til et kraftsenter for gaming som legger vanlige musematter langt bak seg!<\/p>\n<p>Hvorfor dette er skrivebordsunderlaget alle spillere trenger: \ud83d\udd25 Uovertrufne PlayStation-temaer: Velg mellom et bredt utvalg av 19 sl\u00e5ende, h\u00f8ykvalitets, tilpassede design. Dykk ned i PlayStation-universet med levende bilder som skiller spillstasjonen din fra mengden.<\/p>\n<p>\ud83c\udf0c RGB Excellence: L\u00f8ft skrivebordet ditt med mer enn bare farger. Unn deg den dynamiske, tilpassbare LED RGB-belysningen som er utviklet for \u00e5 gjenspeile ethvert hum\u00f8r og enhver spill\u00f8kt.<\/p>\n<p>\ud83d\uddb1\ufe0f Overlegen spillytelse: Legg de tynne, d\u00e5rlige musemattene bak deg. V\u00e5re skrivebordsmatter har en f\u00f8rsteklasses tykkelse p\u00e5 3 mm, noe som sikrer en jevn, dempet glid for hver musebevegelse, enten det er i intense spillkamper eller n\u00e5r du navigerer deg gjennom arbeidet.<\/p>\n<p>\u2728 Materiale av h\u00f8y kvalitet: Disse skrivebordsunderlagene er laget av f\u00f8rsteklasses gummi og handler om mer enn bare utseende. Opplev uovertruffen stabilitet med en sklisikker base og en holdbarhet som overg\u00e5r konkurrentene.<\/p>\n<p>Funksjoner som skiller oss ut:<\/p>\n<p>Avanserte bakgrunnsbelyste og LED-funksjoner: Ikke sl\u00e5 deg til ro med det vanlige. Opplys spillingen din med str\u00e5lende lyseffekter. Essensielt spillutstyr: Dette er mer enn bare en musematte; det er en viktig del av spillarsenalet ditt. PlayStation-stolthet: Vis din kj\u00e6rlighet til PlayStation med disse skrivebordsunderlagene med unikt tema. Optimal st\u00f8rrelse for alle oppsett: Si farvel til sm\u00e5, utilstrekkelige pads. V\u00e5rt utvalg av st\u00f8rrelser sikrer perfekt dekning for ethvert skrivebord. Tilgjengelige st\u00f8rrelser for alle spillere:<\/p>\n<p>RGB 300x600x3mm RGB 300x700x3mm RGB 250x350x3mm RGB 300x800x3mm RGB 400x900x3mm Hvorfor ta til takke med det ordin\u00e6re n\u00e5r du kan oppgradere til det ypperste innen gaming? V\u00e5r PlayStation Series RGB Desk Pad er ikke bare en oppgradering; den er et uttrykk for din dyktighet innen gaming. Ikke g\u00e5 glipp av det ultimate spilltilbeh\u00f8ret. Forvandle skrivebordet ditt til en sone med PlayStation-kraft! \ud83c\udf1f\ud83c\udfae<\/p>","protected":false},"excerpt":{"rendered":"<p>Step into a realm where the iconic world of PlayStation meets cutting-edge design with our PlayStation Series RGB Desk Pads.<\/p>","protected":false},"featured_media":1488,"comment_status":"open","ping_status":"closed","template":"","meta":[],"product_brand":[],"product_cat":[16,28],"product_tag":[],"class_list":{"0":"post-1391","1":"product","2":"type-product","3":"status-publish","4":"has-post-thumbnail","6":"product_cat-standify","7":"product_cat-desk-pad","9":"first","10":"instock","11":"taxable","12":"shipping-taxable","13":"purchasable","14":"product-type-variable"},"jetpack_sharing_enabled":true,"_links":{"self":[{"href":"https:\/\/standify.org\/nb\/wp-json\/wp\/v2\/product\/1391","targetHints":{"allow":["GET"]}}],"collection":[{"href":"https:\/\/standify.org\/nb\/wp-json\/wp\/v2\/product"}],"about":[{"href":"https:\/\/standify.org\/nb\/wp-json\/wp\/v2\/types\/product"}],"replies":[{"embeddable":true,"href":"https:\/\/standify.org\/nb\/wp-json\/wp\/v2\/comments?post=1391"}],"version-history":[{"count":0,"href":"https:\/\/standify.org\/nb\/wp-json\/wp\/v2\/product\/1391\/revisions"}],"wp:featuredmedia":[{"embeddable":true,"href":"https:\/\/standify.org\/nb\/wp-json\/wp\/v2\/media\/1488"}],"wp:attachment":[{"href":"https:\/\/standify.org\/nb\/wp-json\/wp\/v2\/media?parent=1391"}],"wp:term":[{"taxonomy":"product_brand","embeddable":true,"href":"https:\/\/standify.org\/nb\/wp-json\/wp\/v2\/product_brand?post=1391"},{"taxonomy":"product_cat","embeddable":true,"href":"https:\/\/standify.org\/nb\/wp-json\/wp\/v2\/product_cat?post=1391"},{"taxonomy":"product_tag","embeddable":true,"href":"https:\/\/standify.org\/nb\/wp-json\/wp\/v2\/product_tag?post=1391"}],"curies":[{"name":"wp","href":"https:\/\/api.w.org\/{rel}","templated":true}]}}