{"id":1376,"date":"2023-11-07T15:23:50","date_gmt":"2023-11-07T15:23:50","guid":{"rendered":"https:\/\/standify.org\/?product=pink-crystal-controller-stand"},"modified":"2024-11-19T03:38:31","modified_gmt":"2024-11-18T17:38:31","slug":"pink-crystal-controller-stand","status":"publish","type":"product","link":"https:\/\/standify.org\/nb\/shop\/pink-crystal-controller-stand\/","title":{"rendered":"Stativ for kontroller i rosa krystall"},"content":{"rendered":"<h1><\/h1>\n<p>L\u00f8ft spilloppsettet ditt med et snev av eleganse og innfall - Pastellrosa Crystal Controller Stand er her for \u00e5 fortrylle! \ud83c\udfae\ud83d\udc96<\/p>\n<p><strong>Elegant og sterk<\/strong> - Trollbinde spillpulten din med den eteriske skj\u00f8nnheten til dette pastellrosa krystallstativet. Det 3D-printede stativet er en perfekt kombinasjon av fantasi og funksjon, og tilbyr et holdbart fristed for kontrolleren din.<\/p>\n<p><strong>Universelt fortryllende<\/strong> - Dette stativet er like allsidig som det er vakkert, og det er laget for \u00e5 passe til en rekke ulike kontroller p\u00e5 tvers av spillkonsoller. Spillutstyret ditt vil st\u00e5 trygt, omgitt av den milde omfavnelsen av krystallinsk skj\u00f8nnhet.<\/p>\n<p><strong>Plassbesparende magi<\/strong> - Den kompakte designen s\u00f8rger for at den passer s\u00f8ml\u00f8st inn i spillrommet ditt, og gir en overd\u00e5dig skjerm uten rot.<\/p>\n<p>Tilf\u00f8r spillmilj\u00f8et et skvett myke farger og magisk sjarm med dette pastellrosa Crystal Controller Stand - der design m\u00f8ter nytte i en eventyrlig fusjon.<\/p>","protected":false},"excerpt":{"rendered":"<p>Elevate your gaming setup with a touch of elegance and whimsy \u2013 the Pastel Pink Crystal Controller Stand is here<\/p>","protected":false},"featured_media":1381,"comment_status":"open","ping_status":"closed","template":"","meta":[],"product_brand":[],"product_cat":[16],"product_tag":[22,24],"class_list":{"0":"post-1376","1":"product","2":"type-product","3":"status-publish","4":"has-post-thumbnail","6":"product_cat-standify","7":"product_tag-for-her","8":"product_tag-controller-stand","10":"first","11":"instock","12":"taxable","13":"shipping-taxable","14":"purchasable","15":"product-type-variable"},"jetpack_sharing_enabled":true,"_links":{"self":[{"href":"https:\/\/standify.org\/nb\/wp-json\/wp\/v2\/product\/1376","targetHints":{"allow":["GET"]}}],"collection":[{"href":"https:\/\/standify.org\/nb\/wp-json\/wp\/v2\/product"}],"about":[{"href":"https:\/\/standify.org\/nb\/wp-json\/wp\/v2\/types\/product"}],"replies":[{"embeddable":true,"href":"https:\/\/standify.org\/nb\/wp-json\/wp\/v2\/comments?post=1376"}],"version-history":[{"count":0,"href":"https:\/\/standify.org\/nb\/wp-json\/wp\/v2\/product\/1376\/revisions"}],"wp:featuredmedia":[{"embeddable":true,"href":"https:\/\/standify.org\/nb\/wp-json\/wp\/v2\/media\/1381"}],"wp:attachment":[{"href":"https:\/\/standify.org\/nb\/wp-json\/wp\/v2\/media?parent=1376"}],"wp:term":[{"taxonomy":"product_brand","embeddable":true,"href":"https:\/\/standify.org\/nb\/wp-json\/wp\/v2\/product_brand?post=1376"},{"taxonomy":"product_cat","embeddable":true,"href":"https:\/\/standify.org\/nb\/wp-json\/wp\/v2\/product_cat?post=1376"},{"taxonomy":"product_tag","embeddable":true,"href":"https:\/\/standify.org\/nb\/wp-json\/wp\/v2\/product_tag?post=1376"}],"curies":[{"name":"wp","href":"https:\/\/api.w.org\/{rel}","templated":true}]}}