{"id":13687,"date":"2024-06-25T02:47:09","date_gmt":"2024-06-24T16:47:09","guid":{"rendered":"https:\/\/standify.org\/shop\/dbz-colorful-phone-cases\/"},"modified":"2025-12-11T07:17:05","modified_gmt":"2025-12-10T21:17:05","slug":"dbz-colorful-phone-cases","status":"publish","type":"product","link":"https:\/\/standify.org\/nb\/shop\/dbz-colorful-phone-cases\/","title":{"rendered":"DBZ Fargerike iPhone-etuier"},"content":{"rendered":"<p>Gi telefonen din ny energi med Dragon Ball Z! \ud83d\udc09\ud83d\udca5<\/p>\n<p>Forvandle enheten din til en Super Saiyan med v\u00e5r episke DBZ-etui-kolleksjon:<\/p>\n<p>\ud83d\udd25 I\u00f8ynefallende design med ikoniske figurer \ud83d\udee1\ufe0f Slitesterk beskyttelse som er en Z-Fighter verdig \ud83c\udfa8 Levende farger som spretter som en Kamehameha<\/p>\n<p>Velg din fighter:<\/p>\n<ul>\n<li>Piccolos voldsomme gr\u00f8nne og lilla<\/li>\n<li>Gokus signatur i oransje og bl\u00e5tt \ud83d\udfe0\ud83d\udd35<\/li>\n<li>Skurkaktige m\u00f8rke toner for antiheltene \ud83d\udda4<\/li>\n<\/ul>\n<p>Hvorfor disse sakene rocker:<\/p>\n<ol>\n<li>Skill deg ut fra mengden<\/li>\n<li>Gjenopplev favoritt\u00f8yeblikkene dine fra DBZ<\/li>\n<li>Start samtaler med andre fans<\/li>\n<li>Beskytt telefonen din med stil<\/li>\n<\/ol>\n<p>Oppgrader enheten din! \ud83d\udcf1\u2b06\ufe0f Ikke sl\u00e5 deg til ro med et kjedelig etui. Vis frem ditt kraftniv\u00e5 og anime-lidenskap overalt hvor du g\u00e5r!<\/p>\n<p>Er du klar til \u00e5 bli Super Saiyan? Ta tak i DBZ-etuiet ditt n\u00e5 og la telefonen din n\u00e5 sin endelige form! \ud83d\udd25\ud83d\udc4a<\/p>","protected":false},"excerpt":{"rendered":"<p>Gi telefonen din ny kraft med Dragon Ball Z! \ud83d\udc09\ud83d\udca5 Forvandle enheten din til en Super Saiyan med v\u00e5r episke DBZ<\/p>","protected":false},"featured_media":13669,"comment_status":"open","ping_status":"closed","template":"","meta":[],"product_brand":[],"product_cat":[641,658,16,20],"product_tag":[19],"class_list":{"0":"post-13687","1":"product","2":"type-product","3":"status-publish","4":"has-post-thumbnail","6":"product_cat-dragon-ball-z-super-saiyan","7":"product_cat-phone-cases","8":"product_cat-standify","9":"product_cat-apparel","10":"product_tag-clothing","12":"first","13":"instock","14":"sale","15":"taxable","16":"shipping-taxable","17":"purchasable","18":"product-type-variable","19":"has-default-attributes"},"jetpack_sharing_enabled":true,"_links":{"self":[{"href":"https:\/\/standify.org\/nb\/wp-json\/wp\/v2\/product\/13687","targetHints":{"allow":["GET"]}}],"collection":[{"href":"https:\/\/standify.org\/nb\/wp-json\/wp\/v2\/product"}],"about":[{"href":"https:\/\/standify.org\/nb\/wp-json\/wp\/v2\/types\/product"}],"replies":[{"embeddable":true,"href":"https:\/\/standify.org\/nb\/wp-json\/wp\/v2\/comments?post=13687"}],"version-history":[{"count":0,"href":"https:\/\/standify.org\/nb\/wp-json\/wp\/v2\/product\/13687\/revisions"}],"wp:featuredmedia":[{"embeddable":true,"href":"https:\/\/standify.org\/nb\/wp-json\/wp\/v2\/media\/13669"}],"wp:attachment":[{"href":"https:\/\/standify.org\/nb\/wp-json\/wp\/v2\/media?parent=13687"}],"wp:term":[{"taxonomy":"product_brand","embeddable":true,"href":"https:\/\/standify.org\/nb\/wp-json\/wp\/v2\/product_brand?post=13687"},{"taxonomy":"product_cat","embeddable":true,"href":"https:\/\/standify.org\/nb\/wp-json\/wp\/v2\/product_cat?post=13687"},{"taxonomy":"product_tag","embeddable":true,"href":"https:\/\/standify.org\/nb\/wp-json\/wp\/v2\/product_tag?post=13687"}],"curies":[{"name":"wp","href":"https:\/\/api.w.org\/{rel}","templated":true}]}}