{"id":13040,"date":"2024-05-05T16:34:57","date_gmt":"2024-05-05T06:34:57","guid":{"rendered":"https:\/\/standify.org\/?post_type=product&#038;p=13040"},"modified":"2025-11-07T00:00:38","modified_gmt":"2025-11-06T14:00:38","slug":"pokemon-friends-og-rug-switch-pikachu-charmander-bulbasaur-squirtle","status":"publish","type":"product","link":"https:\/\/standify.org\/nb\/shop\/pokemon-friends-og-rug-switch-pikachu-charmander-bulbasaur-squirtle\/","title":{"rendered":"Pok\u00e9mon Friends OG-teppe"},"content":{"rendered":"<p>G\u00e5 inn i en verden der eventyr venter i hvert hj\u00f8rne med v\u00e5rt Pok\u00e9mon-teppe! \ud83c\udf1f Forvandle spillomr\u00e5det ditt til den ultimate Pok\u00e9mon-kamparenaen med dette livlige, Nintendo Switch-inspirerte teppet med de elskede Pikachu, Charmander, Squirtle og Bulbasaur.<\/p>\n<h5>\ud83d\udc7e Hvorfor n\u00f8ye seg med det ordin\u00e6re n\u00e5r du kan spille med stil?<\/h5>\n<ul>\n<li><strong>Ikonisk design<\/strong>: Nyt tilstedev\u00e6relsen av Pok\u00e9mons favorittfigurer i fantastiske farger og detaljer.<\/li>\n<li><strong>Komfort og stil<\/strong>: Laget av myke, slitesterke materialer, perfekt for lange spill\u00f8kter.<\/li>\n<li><strong>Allsidig st\u00f8rrelse:<\/strong> Passer perfekt p\u00e5 soverommet, i stuen eller i spillrommet.<\/li>\n<\/ul>\n<p><strong>\ud83c\udf1f Spesialtilbud:<\/strong> I en begrenset periode kan du kj\u00f8pe Pok\u00e9mon-teppet ditt til en rabattert pris og motta en gratis Pok\u00e9mon-plakat med hvert kj\u00f8p!<\/p>\n<p>Ikke bare spill spillet - lev det! Ta med deg magien fra Pok\u00e9mon hjem og gj\u00f8r hver eneste spill\u00f8kt legendarisk. Klikk nedenfor for \u00e5 bestille n\u00e5 og forvandle rommet ditt til et Pok\u00e9mon-paradis! \ud83c\udfae\u2728<\/p>\n<p>Bestill n\u00e5 - Ta med Pok\u00e9mon til rommet ditt<\/p>","protected":false},"excerpt":{"rendered":"<p>\u2665\ufe0f Gj\u00f8r deg lykkelig<br \/>\n\u2600\ufe0f Ta med barndomsvennene dine hjem<br \/>\n\ud83c\udf08 F\u00f8les s\u00e5 myk<\/p>","protected":false},"featured_media":13045,"comment_status":"open","ping_status":"closed","template":"","meta":[],"product_brand":[],"product_cat":[443,861,16,28,20,141],"product_tag":[413,442],"class_list":{"0":"post-13040","1":"product","2":"type-product","3":"status-publish","4":"has-post-thumbnail","6":"product_cat-rugs","7":"product_cat-pokemon","8":"product_cat-standify","9":"product_cat-desk-pad","10":"product_cat-apparel","11":"product_cat-for-her","12":"product_tag-pokemon","13":"product_tag-rug","15":"first","16":"instock","17":"sale","18":"taxable","19":"shipping-taxable","20":"purchasable","21":"product-type-variable","22":"has-default-attributes"},"jetpack_sharing_enabled":true,"_links":{"self":[{"href":"https:\/\/standify.org\/nb\/wp-json\/wp\/v2\/product\/13040","targetHints":{"allow":["GET"]}}],"collection":[{"href":"https:\/\/standify.org\/nb\/wp-json\/wp\/v2\/product"}],"about":[{"href":"https:\/\/standify.org\/nb\/wp-json\/wp\/v2\/types\/product"}],"replies":[{"embeddable":true,"href":"https:\/\/standify.org\/nb\/wp-json\/wp\/v2\/comments?post=13040"}],"version-history":[{"count":1,"href":"https:\/\/standify.org\/nb\/wp-json\/wp\/v2\/product\/13040\/revisions"}],"predecessor-version":[{"id":33445,"href":"https:\/\/standify.org\/nb\/wp-json\/wp\/v2\/product\/13040\/revisions\/33445"}],"wp:featuredmedia":[{"embeddable":true,"href":"https:\/\/standify.org\/nb\/wp-json\/wp\/v2\/media\/13045"}],"wp:attachment":[{"href":"https:\/\/standify.org\/nb\/wp-json\/wp\/v2\/media?parent=13040"}],"wp:term":[{"taxonomy":"product_brand","embeddable":true,"href":"https:\/\/standify.org\/nb\/wp-json\/wp\/v2\/product_brand?post=13040"},{"taxonomy":"product_cat","embeddable":true,"href":"https:\/\/standify.org\/nb\/wp-json\/wp\/v2\/product_cat?post=13040"},{"taxonomy":"product_tag","embeddable":true,"href":"https:\/\/standify.org\/nb\/wp-json\/wp\/v2\/product_tag?post=13040"}],"curies":[{"name":"wp","href":"https:\/\/api.w.org\/{rel}","templated":true}]}}