{"id":1168,"date":"2024-02-28T13:13:24","date_gmt":"2024-02-28T13:13:24","guid":{"rendered":"https:\/\/standify.org\/?post_type=product&#038;p=1168"},"modified":"2026-04-06T13:36:06","modified_gmt":"2026-04-06T03:36:06","slug":"deskbuddy-fluffy-keyboard-rugs","status":"publish","type":"product","link":"https:\/\/standify.org\/nb\/shop\/deskbuddy-fluffy-keyboard-rugs\/","title":{"rendered":"DeskBuddy Fluffy tastaturtepper"},"content":{"rendered":"<p class=\"p1\">\ud83e\udd32 <strong>H\u00e5ndlaget h\u00e5ndverk av h\u00f8y kvalitet:<\/strong> Hvert eneste sting er laget med omhu, noe som sikrer et slitesterkt og vakkert tillegg til skrivebordet ditt. \ud83d\udee0\ufe0f<\/p>\n<p class=\"p1\"><span class=\"s1\"> \ud83e\uddf8 <strong>Myk og st\u00f8ttende:<\/strong> Myke materialer kj\u00e6rtegner h\u00e5ndleddene dine, reduserer tretthet og gj\u00f8r hvert minutt ved skrivebordet ditt mer behagelig. \ud83c\udfae<\/span><\/p>\n<p class=\"p1\"><span class=\"s1\"> \ud83c\udfa8 <strong>Levende kunstverk:<\/strong> La skrivebordet ditt skinne med fargene og ansiktene til dine favorittanime- og Pok\u00e9mon-helter! \ud83d\uddbc\ufe0f<\/span><\/p>\n<p class=\"p1\"><span class=\"s1\"> <a href=\"https:\/\/standify.org\/wp-content\/uploads\/2024\/02\/copy_611DF126-309E-4851-9F5D-3789E50B4C51-ezgif.com-video-to-webp-converter.webp\"><img fetchpriority=\"high\" decoding=\"async\" class=\"alignnone size-full wp-image-11660\" src=\"https:\/\/standify.org\/wp-content\/uploads\/2024\/02\/copy_611DF126-309E-4851-9F5D-3789E50B4C51-ezgif.com-video-to-webp-converter.webp\" alt=\"Standify Anime Dragon Ball Z-figurer og Goku hodetelefonstativ\" width=\"500\" height=\"550\" srcset=\"https:\/\/standify.org\/wp-content\/uploads\/2024\/02\/copy_611DF126-309E-4851-9F5D-3789E50B4C51-ezgif.com-video-to-webp-converter.webp 500w, https:\/\/standify.org\/wp-content\/uploads\/2024\/02\/copy_611DF126-309E-4851-9F5D-3789E50B4C51-ezgif.com-video-to-webp-converter-273x300.webp 273w, https:\/\/standify.org\/wp-content\/uploads\/2024\/02\/copy_611DF126-309E-4851-9F5D-3789E50B4C51-ezgif.com-video-to-webp-converter-150x165.webp 150w\" sizes=\"(max-width: 500px) 100vw, 500px\" \/><\/a><\/span><\/p>\n<p class=\"p1\"><span class=\"s1\">\ud83d\udcd0 <strong>Perfekt st\u00f8rrelse:<\/strong> Fits beautifully in any gaming or work setup, enhancing both aesthetics and comfort. \ud83c\udfe0<\/span><\/p>\n<p class=\"p1\"><span class=\"s1\"><a href=\"https:\/\/standify.org\/wp-content\/uploads\/2024\/02\/WhatsAppVideo2024-03-09at12.55.25_86e7e510-ezgif.com-video-to-webp-converter.webp\"><img decoding=\"async\" class=\"alignnone size-full wp-image-11662\" src=\"https:\/\/standify.org\/wp-content\/uploads\/2024\/02\/WhatsAppVideo2024-03-09at12.55.25_86e7e510-ezgif.com-video-to-webp-converter.webp\" alt=\"Standify Anime Dragon Ball Z-figurer og Goku hodetelefonstativ\" width=\"360\" height=\"640\" srcset=\"https:\/\/standify.org\/wp-content\/uploads\/2024\/02\/WhatsAppVideo2024-03-09at12.55.25_86e7e510-ezgif.com-video-to-webp-converter.webp 360w, https:\/\/standify.org\/wp-content\/uploads\/2024\/02\/WhatsAppVideo2024-03-09at12.55.25_86e7e510-ezgif.com-video-to-webp-converter-169x300.webp 169w, https:\/\/standify.org\/wp-content\/uploads\/2024\/02\/WhatsAppVideo2024-03-09at12.55.25_86e7e510-ezgif.com-video-to-webp-converter-150x267.webp 150w\" sizes=\"(max-width: 360px) 100vw, 360px\" \/><\/a><\/span><\/p>\n<p class=\"p1\"><span class=\"s1\">\ud83d\udca1 <strong>Hvorfor du b\u00f8r f\u00e5 tak i en:<\/strong><\/span><\/p>\n<p class=\"p1\"><span class=\"s1\"> \ud83d\ude80 Forbedre spilloppsettet ditt: Passer s\u00f8ml\u00f8st inn i spillverdenen din, og gir en funksjonell stil som utfyller dine intense spill\u00f8kter. \ud83c\udf08<\/span><\/p>\n<p class=\"p1\"><span class=\"s1\"> \ud83c\udf89 Vis frem din fankultur: Perfekt for \u00e5 uttrykke din kj\u00e6rlighet til anime og Pok\u00e9mon, og gj\u00f8r lidenskapen din til en daglig feiring. \ud83c\udfc6<\/span><\/p>\n<p class=\"p1\"><span class=\"s1\"> \ud83c\udf81 Herlig gaveid\u00e9: Overrask anime- eller spillentusiasten i livet ditt med en gave som er b\u00e5de gjennomtenkt og spennende. \ud83c\udf81<\/span><\/p>\n<p class=\"p1\"><span class=\"s1\">\ud83c\udf08 Tenk deg dette:<\/span><\/p>\n<p class=\"p1\"><span class=\"s1\">Hver gang du setter deg ned, blir du m\u00f8tt av dette tastaturteppet som forvandler rutine til glede. Enten du spiller til langt p\u00e5 natt eller l\u00f8ser oppgaver, tilf\u00f8rer det et snev av innfall og komfort til dagen din. L\u00f8ft skrivebordet ditt med dette herlige, funksjonelle kunstverket, og la hvert tastetrykk bringe et smil. \ud83d\ude0a.<\/span><\/p>\n<p class=\"p1\"><span class=\"s1\">Er du klar til \u00e5 gj\u00f8re skrivebordet ditt til rommets h\u00f8ydepunkt? Legg dette teppet i handlekurven din og begynn \u00e5 nyte et mer fargerikt og komfortabelt oppsett i dag! \ud83c\udf1f<\/span><\/p>\n<p>&nbsp;<\/p>\n<p>&nbsp;<\/p>\n<p><a href=\"https:\/\/standify.org\/wp-content\/uploads\/2024\/02\/WhatsAppVideo2024-02-23at21.21.40_b54c580b-ezgif.com-video-to-webp-converter.webp\"><img decoding=\"async\" class=\"alignnone size-full wp-image-11663\" src=\"https:\/\/standify.org\/wp-content\/uploads\/2024\/02\/WhatsAppVideo2024-02-23at21.21.40_b54c580b-ezgif.com-video-to-webp-converter.webp\" alt=\"Standify Anime Dragon Ball Z-figurer og Goku hodetelefonstativ\" width=\"360\" height=\"640\" srcset=\"https:\/\/standify.org\/wp-content\/uploads\/2024\/02\/WhatsAppVideo2024-02-23at21.21.40_b54c580b-ezgif.com-video-to-webp-converter.webp 360w, https:\/\/standify.org\/wp-content\/uploads\/2024\/02\/WhatsAppVideo2024-02-23at21.21.40_b54c580b-ezgif.com-video-to-webp-converter-169x300.webp 169w, https:\/\/standify.org\/wp-content\/uploads\/2024\/02\/WhatsAppVideo2024-02-23at21.21.40_b54c580b-ezgif.com-video-to-webp-converter-150x267.webp 150w\" sizes=\"(max-width: 360px) 100vw, 360px\" \/><\/a><\/p>","protected":false},"excerpt":{"rendered":"<p>\ud83c\udf08 Gj\u00f8r skrivebordet ditt til en lykkelig plass<br \/>\n\u2b50 Fantastisk gave<br \/>\n\ud83d\udc96 Gir deg daglig glede<\/p>","protected":false},"featured_media":12676,"comment_status":"open","ping_status":"closed","template":"","meta":[],"product_brand":[],"product_cat":[199,16,28],"product_tag":[21,22],"class_list":{"0":"post-1168","1":"product","2":"type-product","3":"status-publish","4":"has-post-thumbnail","6":"product_cat-keyboard-rugs","7":"product_cat-standify","8":"product_cat-desk-pad","9":"product_tag-decoration","10":"product_tag-for-her","12":"first","13":"instock","14":"sale","15":"taxable","16":"shipping-taxable","17":"purchasable","18":"product-type-variable","19":"has-default-attributes"},"jetpack_sharing_enabled":true,"_links":{"self":[{"href":"https:\/\/standify.org\/nb\/wp-json\/wp\/v2\/product\/1168","targetHints":{"allow":["GET"]}}],"collection":[{"href":"https:\/\/standify.org\/nb\/wp-json\/wp\/v2\/product"}],"about":[{"href":"https:\/\/standify.org\/nb\/wp-json\/wp\/v2\/types\/product"}],"replies":[{"embeddable":true,"href":"https:\/\/standify.org\/nb\/wp-json\/wp\/v2\/comments?post=1168"}],"version-history":[{"count":3,"href":"https:\/\/standify.org\/nb\/wp-json\/wp\/v2\/product\/1168\/revisions"}],"predecessor-version":[{"id":18269,"href":"https:\/\/standify.org\/nb\/wp-json\/wp\/v2\/product\/1168\/revisions\/18269"}],"wp:featuredmedia":[{"embeddable":true,"href":"https:\/\/standify.org\/nb\/wp-json\/wp\/v2\/media\/12676"}],"wp:attachment":[{"href":"https:\/\/standify.org\/nb\/wp-json\/wp\/v2\/media?parent=1168"}],"wp:term":[{"taxonomy":"product_brand","embeddable":true,"href":"https:\/\/standify.org\/nb\/wp-json\/wp\/v2\/product_brand?post=1168"},{"taxonomy":"product_cat","embeddable":true,"href":"https:\/\/standify.org\/nb\/wp-json\/wp\/v2\/product_cat?post=1168"},{"taxonomy":"product_tag","embeddable":true,"href":"https:\/\/standify.org\/nb\/wp-json\/wp\/v2\/product_tag?post=1168"}],"curies":[{"name":"wp","href":"https:\/\/api.w.org\/{rel}","templated":true}]}}