{"id":1163,"date":"2024-02-28T13:13:24","date_gmt":"2024-02-28T13:13:24","guid":{"rendered":"https:\/\/standify.org\/?post_type=product&#038;p=1163"},"modified":"2026-04-05T17:59:47","modified_gmt":"2026-04-05T07:59:47","slug":"goku-spirit-bomb-lamp","status":"publish","type":"product","link":"https:\/\/standify.org\/nb\/shop\/goku-spirit-bomb-lamp\/","title":{"rendered":"Goku Spirit Bomb-lampe"},"content":{"rendered":"<p>Lys opp rommet ditt med kraften til en Saiyan-kriger! Vi presenterer Goku Spirit Bomb-lampen, et must for alle som har en <em>Dragon Ball Z<\/em> entusiast. Denne elektrifiserende, 25 cm h\u00f8ye figuren er laget med stor presisjon, og er et fyrt\u00e5rn for Gokus ikoniske siste kamp mot ondskapen. Dette er grunnen til at du trenger dette samlerobjektet:<\/p>\n<ul>\n<li><strong>Fierce Design<\/strong> \ud83d\udd25: Denne lampen fanger Gokus intense konsentrasjon n\u00e5r han utnytter energien i alt levende, og avgir et levende lys som symboliserer den mektige Spirit Bomb.<\/li>\n<li><strong>Perfekt st\u00f8rrelse<\/strong> \ud83d\udccf: Med en h\u00f8yde p\u00e5 hele 25 cm har den en ideell st\u00f8rrelse for skrivebord, hyller eller som nattlys for \u00e5 holde m\u00f8rket i sjakk med styrken til en Super Saiyan.<\/li>\n<li><strong>Materiale av h\u00f8y kvalitet<\/strong> \ud83d\udee0\ufe0f: Den er laget av slitesterke materialer av h\u00f8y kvalitet og er designet for \u00e5 vare like lenge som Gokus arv.<\/li>\n<li><strong>Perfekt som gave<\/strong> \ud83c\udf81: Enten det er til en bursdag, h\u00f8ytid eller bare fordi, er denne lampen en fantastisk gave til alle... <em>DBZ<\/em> vifte.<\/li>\n<\/ul>\n<p><strong>Produktegenskaper:<\/strong><\/p>\n<ul>\n<li><strong>Levende belysning<\/strong> \ud83d\udca1: Nyt et varmt, stemningsfullt lys som skaper en heroisk atmosf\u00e6re i ethvert rom.<\/li>\n<li><strong>Detaljert h\u00e5ndverk<\/strong> \ud83c\udfa8: Fra den flammende auraen til Gokus besluttsomme uttrykk - hver eneste detalj er omhyggelig utformet for \u00e5 gi en autentisk <em>DBZ<\/em> erfaring.<\/li>\n<li><strong>Energieffektivitet<\/strong> \ud83d\udc9a: LED-belysningen s\u00f8rger for at Spirit Bomb lyser sterkt og samtidig sparer energi.<\/li>\n<\/ul>\n<p><em>V\u00e6r oppmerksom p\u00e5 at de bl\u00e5 sideblussene m\u00e5 festes. Den nederste kula lyser ikke.\u00a0<\/em><\/p>","protected":false},"excerpt":{"rendered":"<p>Light up your room with the power of a Saiyan warrior! Introducing the Goku Spirit Bomb Lamp, a must-have for<\/p>","protected":false},"featured_media":1166,"comment_status":"open","ping_status":"closed","template":"","meta":[],"product_brand":[],"product_cat":[641,16,18,20,183],"product_tag":[17,21,143],"class_list":{"0":"post-1163","1":"product","2":"type-product","3":"status-publish","4":"has-post-thumbnail","6":"product_cat-dragon-ball-z-super-saiyan","7":"product_cat-standify","8":"product_cat-action-figure","9":"product_cat-apparel","10":"product_cat-featured-items","11":"product_tag-figurine","12":"product_tag-decoration","13":"product_tag-dbz","15":"first","16":"instock","17":"sale","18":"featured","19":"taxable","20":"shipping-taxable","21":"purchasable","22":"product-type-variable","23":"has-default-attributes"},"jetpack_sharing_enabled":true,"_links":{"self":[{"href":"https:\/\/standify.org\/nb\/wp-json\/wp\/v2\/product\/1163","targetHints":{"allow":["GET"]}}],"collection":[{"href":"https:\/\/standify.org\/nb\/wp-json\/wp\/v2\/product"}],"about":[{"href":"https:\/\/standify.org\/nb\/wp-json\/wp\/v2\/types\/product"}],"replies":[{"embeddable":true,"href":"https:\/\/standify.org\/nb\/wp-json\/wp\/v2\/comments?post=1163"}],"version-history":[{"count":12,"href":"https:\/\/standify.org\/nb\/wp-json\/wp\/v2\/product\/1163\/revisions"}],"predecessor-version":[{"id":17354,"href":"https:\/\/standify.org\/nb\/wp-json\/wp\/v2\/product\/1163\/revisions\/17354"}],"wp:featuredmedia":[{"embeddable":true,"href":"https:\/\/standify.org\/nb\/wp-json\/wp\/v2\/media\/1166"}],"wp:attachment":[{"href":"https:\/\/standify.org\/nb\/wp-json\/wp\/v2\/media?parent=1163"}],"wp:term":[{"taxonomy":"product_brand","embeddable":true,"href":"https:\/\/standify.org\/nb\/wp-json\/wp\/v2\/product_brand?post=1163"},{"taxonomy":"product_cat","embeddable":true,"href":"https:\/\/standify.org\/nb\/wp-json\/wp\/v2\/product_cat?post=1163"},{"taxonomy":"product_tag","embeddable":true,"href":"https:\/\/standify.org\/nb\/wp-json\/wp\/v2\/product_tag?post=1163"}],"curies":[{"name":"wp","href":"https:\/\/api.w.org\/{rel}","templated":true}]}}