{"id":11512,"date":"2024-03-11T23:53:53","date_gmt":"2024-03-11T13:53:53","guid":{"rendered":"https:\/\/standify.org\/?post_type=product&#038;p=11512"},"modified":"2024-12-20T19:28:45","modified_gmt":"2024-12-20T09:28:45","slug":"wireless-charger-pikachu-neon-lamp","status":"publish","type":"product","link":"https:\/\/standify.org\/nb\/shop\/wireless-charger-pikachu-neon-lamp\/","title":{"rendered":"PikaBuddy tr\u00e5dl\u00f8s ladelampe"},"content":{"rendered":"<p class=\"p1\"><strong><span class=\"s1\">\ud83d\udca1 Hvorfor du b\u00f8r skaffe deg en Pikachu-lampe! \u2665\ufe0f<\/span><\/strong><\/p>\n<p class=\"p1\"><span class=\"s1\"><strong>\ud83d\ude80 Lys og lad:<\/strong> Denne lampen gj\u00f8r rommet ditt lyst og holder telefonen klar til bruk.<\/span><\/p>\n<p class=\"p1\"><span class=\"s1\">\u00a0<strong>\ud83c\udf89 Kult og nyttig:<\/strong> Vis din Pok\u00e9mon-elskelse med en praktisk lampe.<\/span><\/p>\n<p class=\"p1\"><span class=\"s1\"><strong>\ud83c\udf81 Fantastisk gave:<\/strong> Det er en morsom og nyttig gave som alle vil ha glede av.<\/span><\/p>\n<p class=\"p1\"><strong><span class=\"s1\">\ud83c\udf08 Se for deg dette:<\/span><\/strong><\/p>\n<p class=\"p1\"><span class=\"s1\">Du sl\u00e5r p\u00e5 Pikachu-lampen din, og rommet ditt f\u00f8les koseligere. Du er klar til \u00e5 slappe av, og telefonen din lades akkurat der. Ikke noe rot!<\/span><\/p>\n<p class=\"p1\"><strong><span class=\"s1\">\ud83c\udf81 Vil du ha Pikachu p\u00e5 rommet ditt?<\/span><\/strong><\/p>\n<p class=\"p1\"><span class=\"s1\">Kj\u00f8p denne lampen i dag. Den er morsom, den er nyttig, og den gj\u00f8r rommet ditt til et lykkelig sted.<\/span><\/p>\n<div style=\"flex-direction: column\"><img fetchpriority=\"high\" decoding=\"async\" class=\"alignnone wp-image-11516 size-full\" src=\"https:\/\/standify.org\/wp-content\/uploads\/2024\/03\/Pika_03.jpg\" alt=\"Standify Anime Dragon Ball Z-figurer og Goku hodetelefonstativ\" width=\"600\" height=\"1130\" srcset=\"https:\/\/standify.org\/wp-content\/uploads\/2024\/03\/Pika_03.jpg 600w, https:\/\/standify.org\/wp-content\/uploads\/2024\/03\/Pika_03-159x300.jpg 159w, https:\/\/standify.org\/wp-content\/uploads\/2024\/03\/Pika_03-544x1024.jpg 544w, https:\/\/standify.org\/wp-content\/uploads\/2024\/03\/Pika_03-150x283.jpg 150w\" sizes=\"(max-width: 600px) 100vw, 600px\" \/><a href=\"https:\/\/standify.org\/wp-content\/uploads\/2024\/03\/IMG_8182.jpeg\"><img decoding=\"async\" class=\"alignnone wp-image-16385\" src=\"https:\/\/standify.org\/wp-content\/uploads\/2024\/03\/IMG_8182.jpeg\" alt=\"Standify Anime Dragon Ball Z-figurer og Goku hodetelefonstativ\" width=\"600\" height=\"600\" srcset=\"https:\/\/standify.org\/wp-content\/uploads\/2024\/03\/IMG_8182.jpeg 1000w, https:\/\/standify.org\/wp-content\/uploads\/2024\/03\/IMG_8182-300x300.jpeg 300w, https:\/\/standify.org\/wp-content\/uploads\/2024\/03\/IMG_8182-150x150.jpeg 150w, https:\/\/standify.org\/wp-content\/uploads\/2024\/03\/IMG_8182-768x768.jpeg 768w, https:\/\/standify.org\/wp-content\/uploads\/2024\/03\/IMG_8182-12x12.jpeg 12w, https:\/\/standify.org\/wp-content\/uploads\/2024\/03\/IMG_8182-600x600.jpeg 600w\" sizes=\"(max-width: 600px) 100vw, 600px\" \/><\/a><img decoding=\"async\" class=\"alignnone wp-image-11518 size-full\" src=\"https:\/\/standify.org\/wp-content\/uploads\/2024\/03\/Pika_05.jpg\" alt=\"Standify Anime Dragon Ball Z-figurer og Goku hodetelefonstativ\" width=\"600\" height=\"736\" srcset=\"https:\/\/standify.org\/wp-content\/uploads\/2024\/03\/Pika_05.jpg 600w, https:\/\/standify.org\/wp-content\/uploads\/2024\/03\/Pika_05-245x300.jpg 245w, https:\/\/standify.org\/wp-content\/uploads\/2024\/03\/Pika_05-150x184.jpg 150w\" sizes=\"(max-width: 600px) 100vw, 600px\" \/><img loading=\"lazy\" decoding=\"async\" class=\"alignnone wp-image-11522 size-full\" src=\"https:\/\/standify.org\/wp-content\/uploads\/2024\/03\/Pika_09.jpg\" alt=\"Standify Anime Dragon Ball Z-figurer og Goku hodetelefonstativ\" width=\"600\" height=\"586\" srcset=\"https:\/\/standify.org\/wp-content\/uploads\/2024\/03\/Pika_09.jpg 600w, https:\/\/standify.org\/wp-content\/uploads\/2024\/03\/Pika_09-300x293.jpg 300w, https:\/\/standify.org\/wp-content\/uploads\/2024\/03\/Pika_09-150x147.jpg 150w\" sizes=\"(max-width: 600px) 100vw, 600px\" \/><img loading=\"lazy\" decoding=\"async\" class=\"alignnone wp-image-11523 size-full\" src=\"https:\/\/standify.org\/wp-content\/uploads\/2024\/03\/Pika_10.jpg\" alt=\"Standify Anime Dragon Ball Z-figurer og Goku hodetelefonstativ\" width=\"600\" height=\"926\" srcset=\"https:\/\/standify.org\/wp-content\/uploads\/2024\/03\/Pika_10.jpg 600w, https:\/\/standify.org\/wp-content\/uploads\/2024\/03\/Pika_10-194x300.jpg 194w, https:\/\/standify.org\/wp-content\/uploads\/2024\/03\/Pika_10-150x232.jpg 150w\" sizes=\"(max-width: 600px) 100vw, 600px\" \/><\/div>\n<p>&nbsp;<\/p>","protected":false},"excerpt":{"rendered":"<p>\ud83c\udf81 Adopter din egen Pikachu<br \/>\n\ud83d\ude9a Gratis rask frakt<br \/>\n\u2665\ufe0f Gj\u00f8r deg lykkelig<br \/>\n\ud83c\udd95 Oppdatert design<\/p>","protected":false},"featured_media":16381,"comment_status":"open","ping_status":"closed","template":"","meta":[],"product_brand":[],"product_cat":[16,18,141],"product_tag":[412,413,414,415],"class_list":{"0":"post-11512","1":"product","2":"type-product","3":"status-publish","4":"has-post-thumbnail","6":"product_cat-standify","7":"product_cat-action-figure","8":"product_cat-for-her","9":"product_tag-pikachu","10":"product_tag-pokemon","11":"product_tag-lamp","12":"product_tag-charger","14":"first","15":"outofstock","16":"sale","17":"taxable","18":"shipping-taxable","19":"purchasable","20":"product-type-simple"},"jetpack_sharing_enabled":true,"_links":{"self":[{"href":"https:\/\/standify.org\/nb\/wp-json\/wp\/v2\/product\/11512","targetHints":{"allow":["GET"]}}],"collection":[{"href":"https:\/\/standify.org\/nb\/wp-json\/wp\/v2\/product"}],"about":[{"href":"https:\/\/standify.org\/nb\/wp-json\/wp\/v2\/types\/product"}],"replies":[{"embeddable":true,"href":"https:\/\/standify.org\/nb\/wp-json\/wp\/v2\/comments?post=11512"}],"version-history":[{"count":5,"href":"https:\/\/standify.org\/nb\/wp-json\/wp\/v2\/product\/11512\/revisions"}],"predecessor-version":[{"id":25688,"href":"https:\/\/standify.org\/nb\/wp-json\/wp\/v2\/product\/11512\/revisions\/25688"}],"wp:featuredmedia":[{"embeddable":true,"href":"https:\/\/standify.org\/nb\/wp-json\/wp\/v2\/media\/16381"}],"wp:attachment":[{"href":"https:\/\/standify.org\/nb\/wp-json\/wp\/v2\/media?parent=11512"}],"wp:term":[{"taxonomy":"product_brand","embeddable":true,"href":"https:\/\/standify.org\/nb\/wp-json\/wp\/v2\/product_brand?post=11512"},{"taxonomy":"product_cat","embeddable":true,"href":"https:\/\/standify.org\/nb\/wp-json\/wp\/v2\/product_cat?post=11512"},{"taxonomy":"product_tag","embeddable":true,"href":"https:\/\/standify.org\/nb\/wp-json\/wp\/v2\/product_tag?post=11512"}],"curies":[{"name":"wp","href":"https:\/\/api.w.org\/{rel}","templated":true}]}}