{"id":10882,"date":"2024-03-08T00:31:36","date_gmt":"2024-03-07T14:31:36","guid":{"rendered":"https:\/\/standify.org\/?page_id=10882"},"modified":"2024-03-08T00:31:37","modified_gmt":"2024-03-07T14:31:37","slug":"ccpa-opt-out","status":"publish","type":"page","link":"https:\/\/standify.org\/nb\/ccpa-opt-out\/","title":{"rendered":"CCPA Opt Out"},"content":{"rendered":"<h2 class=\"wp-block-heading\">Ikke selg eller del personopplysningene mine<\/h2>\n\n\n\n<p>Som beskrevet i v\u00e5r personvernerkl\u00e6ring, samler vi inn personopplysninger fra din interaksjon med oss og nettstedet v\u00e5rt, blant annet ved hjelp av informasjonskapsler og lignende teknologier. Vi kan ogs\u00e5 dele disse personopplysningene med tredjeparter, inkludert annonseringspartnere. Vi gj\u00f8r dette for \u00e5 kunne vise deg annonser p\u00e5 andre nettsteder som er mer relevante for dine interesser, og av andre grunner som er beskrevet i personvernerkl\u00e6ringen v\u00e5r.<\/p>\n\n\n\n<p>Deling av personopplysninger for m\u00e5lrettet annonsering basert p\u00e5 din interaksjon p\u00e5 ulike nettsteder kan anses som \u201csalg\u201d, \u201cdeling\u201d eller \u201cm\u00e5lrettet annonsering\u201d i henhold til enkelte amerikanske delstaters personvernlover. Avhengig av hvor du bor, kan du ha rett til \u00e5 reservere deg mot disse aktivitetene. Hvis du \u00f8nsker \u00e5 benytte deg av denne retten til \u00e5 reservere deg, kan du f\u00f8lge instruksjonene nedenfor.<\/p>\n\n\n\n<p>Hvis du bes\u00f8ker nettstedet v\u00e5rt med Global Privacy Control-fravalgssignalet aktivert, vil vi, avhengig av hvor du befinner deg, behandle dette som en foresp\u00f8rsel om \u00e5 velge bort aktivitet som kan anses som \u201csalg\u201d eller \u201cdeling\u201d av personopplysninger eller annen bruk som kan anses som m\u00e5lrettet reklame for enheten og nettleseren du brukte for \u00e5 bes\u00f8ke nettstedet v\u00e5rt.<\/p>","protected":false},"excerpt":{"rendered":"<p>Ikke selg eller del personopplysningene mine Som beskrevet i personvernerkl\u00e6ringen v\u00e5r, samler vi inn personopplysninger fra din<\/p>","protected":false},"author":1,"featured_media":0,"parent":0,"menu_order":0,"comment_status":"closed","ping_status":"closed","template":"","meta":{"footnotes":""},"class_list":["post-10882","page","type-page","status-publish","hentry"],"jetpack_sharing_enabled":true,"_links":{"self":[{"href":"https:\/\/standify.org\/nb\/wp-json\/wp\/v2\/pages\/10882","targetHints":{"allow":["GET"]}}],"collection":[{"href":"https:\/\/standify.org\/nb\/wp-json\/wp\/v2\/pages"}],"about":[{"href":"https:\/\/standify.org\/nb\/wp-json\/wp\/v2\/types\/page"}],"author":[{"embeddable":true,"href":"https:\/\/standify.org\/nb\/wp-json\/wp\/v2\/users\/1"}],"replies":[{"embeddable":true,"href":"https:\/\/standify.org\/nb\/wp-json\/wp\/v2\/comments?post=10882"}],"version-history":[{"count":0,"href":"https:\/\/standify.org\/nb\/wp-json\/wp\/v2\/pages\/10882\/revisions"}],"wp:attachment":[{"href":"https:\/\/standify.org\/nb\/wp-json\/wp\/v2\/media?parent=10882"}],"curies":[{"name":"wp","href":"https:\/\/api.w.org\/{rel}","templated":true}]}}