{"id":10856,"date":"2024-03-08T00:12:21","date_gmt":"2024-03-07T14:12:21","guid":{"rendered":"https:\/\/standify.org\/?page_id=10856"},"modified":"2024-05-30T20:41:28","modified_gmt":"2024-05-30T10:41:28","slug":"refund-policy","status":"publish","type":"page","link":"https:\/\/standify.org\/nb\/refund-policy\/","title":{"rendered":"Retningslinjer for refusjon"},"content":{"rendered":"<h1 class=\"wp-block-heading\">AVBESTILLINGER\/ENDRINGER<\/h1>\n\n\n\n<p>&nbsp;We process our orders very quickly and unfortunately cannot typically make changes after an order has been placed. If you want to cancel or make any updates regarding your order please contact us at&nbsp;info@standify.org&nbsp;to see if a modification can be made.&nbsp;<\/p>\n\n\n\n<p>&nbsp;<strong>Merknad<\/strong>: V\u00e6r oppmerksom p\u00e5 at et standard $2-transaksjonsgebyr ikke refunderes.<\/p>\n\n\n\n<p>Hvis bestillingen din allerede er ekspedert, kan vi ikke refundere bel\u00f8pet (siden pakken allerede er p\u00e5 vei).&nbsp;&nbsp;<\/p>\n\n\n\n<p>Refusjon for en kansellert bestilling vil ta 2-7 virkedager, avhengig av betalingsm\u00e5te. Paypal gir umiddelbar refusjon, mens kj\u00f8pere av kredittkort\/debetkort kan m\u00e5tte vente litt lenger.<\/p>\n\n\n\n<h1 class=\"wp-block-heading\">TILBAKEBETALINGER<\/h1>\n\n\n\n<p>En kunde kan bare be om refusjon ved mangler ved den leverte varen. I s\u00e5 fall m\u00e5 kunden legge ved bilder eller videoer for \u00e5 underbygge kravet.<\/p>\n\n\n\n<p>Refusjon vurderes ikke i tilfelle kunden:<\/p>\n\n\n\n<p>1. Gjorde en feil da du bestilte varene, for eksempel (inkludert, men ikke begrenset til) feil valg av modell, feil valg av mengde, feil i varens art.<\/p>\n\n\n\n<p>2.  Kansellerer bestillingen etter at kj\u00f8pet er gjennomf\u00f8rt og betalt p\u00e5 plattformen.&nbsp;<\/p>\n\n\n\n<p>For \u00e5 v\u00e6re berettiget til refusjon m\u00e5 varen v\u00e6re ubrukt og i samme stand som da du mottok den. Den m\u00e5 ogs\u00e5 v\u00e6re i originalemballasjen med alle originale merkelapper og etiketter p\u00e5. N\u00e5r returen er mottatt og inspisert, kan du s\u00f8ke om delvis refusjon eller kreditt i butikken. Refusjonen din vil bli behandlet, og en kreditt vil automatisk bli overf\u00f8rt til kredittkortet ditt eller den opprinnelige betalingsm\u00e5ten innen 2-7 virkedager.&nbsp;<\/p>\n\n\n\n<p>&nbsp;<strong>Merknad<\/strong>: Du er ansvarlig for \u00e5 betale dine egne fraktkostnader for retur av varen. Fraktkostnader refunderes ikke.<\/p>\n\n\n\n<h1 class=\"wp-block-heading\">FRAKTOVERSLAG<\/h1>\n\n\n\n<p>During transportation, accidents can happen. You can rest assured that we are here for you. If you received a damaged item, please report to info@standify.org&nbsp;within 48 hours of receipt with a photo that shows the damage of your product(s). Please include your order number in the email. A return of the damaged product is not needed.<\/p>\n\n\n\n<p>&nbsp;<strong>Merknad<\/strong>: Vi er ikke ansvarlige for skader p\u00e5 produktet som skyldes feil bruk.<\/p>\n\n\n\n<h1 class=\"wp-block-heading\">TILBAKEBETALINGER<\/h1>\n\n\n\n<p>For \u00e5 v\u00e6re berettiget til refusjon m\u00e5 du returnere bestillingen. N\u00e5r returen er mottatt og inspisert, kan du s\u00f8ke om delvis refusjon eller kreditt i butikken. Refusjonen vil bli behandlet, og en kreditt vil automatisk bli overf\u00f8rt til kredittkortet ditt eller den opprinnelige betalingsm\u00e5ten innen 2-7 virkedager.&nbsp;<\/p>\n\n\n\n<p>&nbsp;<strong>Merknad<\/strong>: Eventuelle fraktgebyrer og transaksjonsgebyrer refunderes ikke.<\/p>\n\n\n\n<h1 class=\"wp-block-heading\">FRAKTKOSTNADER<\/h1>\n\n\n\n<p>Du er ansvarlig for \u00e5 betale for fraktkostnadene n\u00e5r du returnerer varen. Fraktkostnadene refunderes ikke. Det er obligatorisk \u00e5 bruke en sporbar forsendelsestjeneste - hvis du ikke bruker en sporbar forsendelsestjeneste, vil vi ikke kunne gjennomf\u00f8re tilbakebetalingen.<\/p>\n\n\n\n<h1 class=\"wp-block-heading\">FEIL ADRESSE<\/h1>\n\n\n\n<p>V\u00e6r oppmerksom p\u00e5 at hvis pakken ikke n\u00e5r frem til deg etter at du har oppgitt feil eller ufullstendig adresse, kan vi ikke holdes ansvarlige og vil ikke kunne tilby full refusjon av bestillingsbel\u00f8pet - du er ansvarlig for \u00e5 oppgi tydelig og korrekt frakt- og faktureringsinformasjon n\u00e5r du bestiller.<\/p>\n\n\n\n<p>\u00a0If you have any further questions, please contact info@standify.org<br><\/p>\n\n\n\n<h1 class=\"wp-block-heading\">STOLEN\/LOST PACKAGES<\/h1>\n\n\n\n<p>While we strive to deliver your order in a timely manner, we cannot be held responsible for any shipping or delivery delays that are outside of our control. If you experience any problems with your delivery, please contact the courier directly for assistance. We are not responsible for any lost, stolen, or delayed packages.<br><\/p>\n\n\n\n<h1 class=\"wp-block-heading\">Returer, erstatninger og refusjoner<\/h1>\n\n\n\n<p>Thank you for your purchase. We hope you are happy with your purchase. However, if you are not completely satisfied with your purchase due to a default, you may return it. Please see below for more information on our return policy.<\/p>\n\n\n\n<h1 class=\"wp-block-heading\"><strong>Returer, erstatninger og refusjoner<\/strong><\/h1>\n\n\n\n<p>Alle returer og bestillingsproblemer m\u00e5 rapporteres innen tretti (30) dager etter leveringsdatoen.&nbsp;<\/p>\n\n\n\n<p><em>Standify&nbsp;<\/em><em>vil erstatte varen dersom du opplever skader, manglende deler eller d\u00e5rlig h\u00e5ndverk.&nbsp;<\/em><\/p>\n\n\n\n<p>Hvis du direkte skader, \u00f8delegger eller mister varen, vil du ikke v\u00e6re berettiget til erstatning eller refusjon.<\/p>\n\n\n\n<ul class=\"wp-block-list\">\n<li><strong>For \u00e5 be om en erstatning<\/strong>&nbsp;for the damage, missing piece, or poor craftsmanship,&nbsp; please&nbsp;&nbsp;email our customer service team at info@standify.org<\/li>\n\n\n\n<li><strong>For \u00e5 v\u00e6re berettiget til refusjon (hvis du \u00f8nsker \u00e5 returnere bestillingen)<\/strong>Varen m\u00e5 v\u00e6re ubrukt og i samme stand som da du mottok den. Den m\u00e5 ogs\u00e5 v\u00e6re i originalemballasjen med alle originale merkelapper og etiketter p\u00e5.<\/li>\n<\/ul>\n\n\n\n<p>Vi godtar IKKE retur for refusjon for bestillinger som er eldre enn 30 dager fra leveringsdatoen.<\/p>\n\n\n\n<p>To return an item, please email our customer service team at&nbsp;info@standify.org<\/p>\n\n\n\n<p>For \u00e5 fullf\u00f8re refusjonen trenger vi kvittering eller kj\u00f8psbevis.<\/p>\n\n\n\n<ul class=\"wp-block-list\">\n<li>Ta kontakt med oss for \u00e5 f\u00e5 returadressen. Vi sender deg leveringsinformasjonen til v\u00e5rt n\u00e6rmeste utsalgssted i n\u00e6rheten av deg.<\/li>\n\n\n\n<li>Vennligst send BEVIS p\u00e5 forsendelsen n\u00e5r den er returnert (dvs. send oss et bilde av kvitteringen via e-post\/direkte melding), slik at vi kan bruke det som referanse.<\/li>\n\n\n\n<li>N\u00e5r returen er mottatt og kontrollert, sender vi deg en e-post for \u00e5 varsle deg om at vi har mottatt den returnerte varen. Vi gir deg ogs\u00e5 beskjed om hvorvidt vi godkjenner eller avviser refusjonen.<\/li>\n\n\n\n<li>Hvis du blir godkjent, vil refusjonen din bli behandlet, og en kreditt vil automatisk bli overf\u00f8rt til kredittkortet ditt eller den opprinnelige betalingsm\u00e5ten. Du vil motta refusjonen i l\u00f8pet av 2-7 virkedager.&nbsp;&nbsp;<\/li>\n<\/ul>\n\n\n\n<p><strong>UNNTAK<\/strong><\/p>\n\n\n\n<p><br>Vi godtar IKKE returer hvis:<br><br>\u25cf Varene er allerede \u00e5pnet og brukt.<\/p>\n\n\n\n<p>\u25cf Kunden gjorde en feil da han bestilte varene, for eksempel (inkludert, men ikke begrenset til) feil modellvalg, feil mengdevalg, feil i varens art.<\/p>\n\n\n\n<p><strong>Frakt:<\/strong><\/p>\n\n\n\n<ul class=\"wp-block-list\">\n<li>For \u00e5 returnere produktet ditt, kontakt oss via e-post, s\u00e5 hjelper vi deg med de neste stegene.<\/li>\n<\/ul>\n\n\n\n<p>Du er ansvarlig for \u00e5 betale dine egne fraktkostnader for retur av varen. Fraktkostnader refunderes ikke.<br><br>Avhengig av hvor du bor, kan det variere hvor lang tid det tar f\u00f8r erstatningsproduktet ditt n\u00e5r frem til deg.<br><br>For defective or damaged products,&nbsp;feel free to contact our customer support team at&nbsp;info@standify.org to&nbsp;arrange a refund or exchange.<\/p>","protected":false},"excerpt":{"rendered":"<p>AVBESTILLINGER\/\u00c6NDRINGER Vi behandler bestillingene v\u00e5re sv\u00e6rt raskt og kan dessverre vanligvis ikke gj\u00f8re endringer etter at en bestilling er lagt inn. Hvis<\/p>","protected":false},"author":1,"featured_media":0,"parent":0,"menu_order":0,"comment_status":"closed","ping_status":"closed","template":"","meta":{"footnotes":""},"class_list":["post-10856","page","type-page","status-publish","hentry"],"jetpack_sharing_enabled":true,"_links":{"self":[{"href":"https:\/\/standify.org\/nb\/wp-json\/wp\/v2\/pages\/10856","targetHints":{"allow":["GET"]}}],"collection":[{"href":"https:\/\/standify.org\/nb\/wp-json\/wp\/v2\/pages"}],"about":[{"href":"https:\/\/standify.org\/nb\/wp-json\/wp\/v2\/types\/page"}],"author":[{"embeddable":true,"href":"https:\/\/standify.org\/nb\/wp-json\/wp\/v2\/users\/1"}],"replies":[{"embeddable":true,"href":"https:\/\/standify.org\/nb\/wp-json\/wp\/v2\/comments?post=10856"}],"version-history":[{"count":0,"href":"https:\/\/standify.org\/nb\/wp-json\/wp\/v2\/pages\/10856\/revisions"}],"wp:attachment":[{"href":"https:\/\/standify.org\/nb\/wp-json\/wp\/v2\/media?parent=10856"}],"curies":[{"name":"wp","href":"https:\/\/api.w.org\/{rel}","templated":true}]}}