{"id":965,"date":"2024-02-28T13:13:24","date_gmt":"2024-02-28T13:13:24","guid":{"rendered":"https:\/\/standify.org\/?post_type=product&#038;p=965"},"modified":"2026-04-17T04:45:31","modified_gmt":"2026-04-16T18:45:31","slug":"dbz-premium-rgb-3mm-desk-pads-5-sizes","status":"publish","type":"product","link":"https:\/\/standify.org\/lt\/parduotuve\/dbz-premium-rgb-3mm-desk-pads-5-sizes\/","title":{"rendered":"DBZ Premium RGB 3 mm ra\u0161omojo stalo pagalv\u0117l\u0117s - 19 dizain\u0173"},"content":{"rendered":"<p><img decoding=\"async\" src=\"https:\/\/cdn.shopify.com\/s\/files\/1\/0671\/5054\/5114\/files\/S018c21edb7a240aa8c1da772b569f841e_480x480.webp?v=1698503483\" alt=\"Standify Anime Dragon Ball Z fig\u016br\u0117l\u0117s ir Goku ausini\u0173 stovas\"><\/p>\n<p>Pasinerkite \u012f dimensij\u0105, kurioje \"Dragon Ball Z\" susilieja su neprilygstama technologija. Pristatome m\u016bs\u0173 DBZ Premium RGB stalo kilim\u0117lius - j\u0117g\u0105, d\u0117l kurios visi kiti pel\u0117s kilim\u0117liai atrodys nereik\u0161mingi!<\/p>\n<p><strong>Kod\u0117l tai yra tinkamiausias ra\u0161omojo stalo kilim\u0117lis<\/strong>: \ud83d\udd25\u00a0<strong>Neprilygstamas DBZ dizainas<\/strong>: Rinkit\u0117s i\u0161 19 kvap\u0105 gniau\u017eian\u010di\u0173 unikali\u0173, auk\u0161tos kokyb\u0117s u\u017esakom\u0173j\u0173 dizain\u0173. Pasinerkite \u012f Goku galyb\u0119, Vegetos nuo\u017emum\u0105 ir DBZ magij\u0105, kad j\u016bs\u0173 stalas b\u016bt\u0173 i\u0161skirtinis.<\/p>\n<p>\ud83c\udf0c\u00a0<strong>RGB spindesys<\/strong>: J\u016bs\u0173 darbo stalas nusipelno daugiau nei tik spalvoto atspalvio. I\u0161bandykite pritaikomo LED RGB ap\u0161vietimo simfonij\u0105, kruop\u0161\u010diai sukurt\u0105 kiekvienai nuotaikai ir judesiui.<\/p>\n<p>\ud83d\uddb1\ufe0f\u00a0<strong>Pasirodymo pavyzdys<\/strong>: Pamir\u0161kite apie plonesnius, prastesnius pel\u0117s kilim\u0117lius, kurie neatsilieka. Auk\u0161\u010diausios kokyb\u0117s 3 mm storio kilim\u0117lis u\u017etikrina mink\u0161t\u0105 slydim\u0105 kiekvienu pel\u0117s judesiu, nesvarbu, ar \u017eaid\u017eiate, ar skubate darbe.<\/p>\n<p>\u2728\u00a0<strong>Auk\u0161\u010diausio lygio med\u017eiaga<\/strong>: Sukurta i\u0161 elitin\u0117s klas\u0117s gumos, tod\u0117l tai ne tik estetika. M\u0117gaukit\u0117s stabilumu su neslystan\u010diu pagrindu ir atsparumu, apie kur\u012f prastesn\u0117s trinkel\u0117s gali tik pasvajoti.<\/p>\n<p><strong>Funkcijos, kurioms negali prilygti jokie kiti<\/strong>:<\/p>\n<ul>\n<li><strong>Auk\u0161\u010diausios kokyb\u0117s ap\u0161vietimas ir LED estetika<\/strong>: Kam tenkintis kasdienybe, jei galite \u012f\u017eiebti savo sesijas?<\/li>\n<li><strong>Svarbiausi \u017eaidim\u0173 priedai<\/strong>: Tai ne tik pel\u0117s kilim\u0117lis, bet ir \u017eaidimas.<\/li>\n<li><strong>Geriausias animacijos pavyzdys<\/strong>: Did\u017eiuokit\u0117s savo puikiu skoniu ir sirgimu.<\/li>\n<li><strong>Optimalus dydis ir apr\u0117ptis<\/strong>: Atsisveikinkite su ma\u017eesni\u0173, slid\u017ei\u0173 trinkeli\u0173 apribojimais.<\/li>\n<\/ul>\n<p><strong>Dyd\u017eiai pritaikyti \u010dempionams<\/strong>:<\/p>\n<ol>\n<li>RGB 300x600x3mm<\/li>\n<li>RGB 300x700x3 mm<\/li>\n<li>RGB 250x350x3 mm<\/li>\n<li>RGB 300x800x3 mm<\/li>\n<li>RGB 400x900x3 mm<\/li>\n<\/ol>\n<p>Kam b\u016bti eiliniu, jei gali pakilti \u012f elit\u0105? Naudodami DBZ Premium RGB stalo kilim\u0117l\u012f ne tik atnaujinsite savo \u012frang\u0105, bet ir paskelbsite savo status\u0105. Jei pasitenkinsite kuo nors prastesniu, prarasite tai, kas geriausia. Pasinaudokite akimirka ir leiskite savo stalui spinduliuoti neprilygstam\u0105 gali\u0105! \ud83c\udf1f\ud83d\udc09<\/p>","protected":false},"excerpt":{"rendered":"<p><strong>\u2b50 \"Super Plush<br \/>\n\ud83c\udfc6 Auk\u0161tos kokyb\u0117s med\u017eiagos<br \/>\n\ud83c\udf81 Nuostabi dovana<\/strong><\/p>","protected":false},"featured_media":1061,"comment_status":"open","ping_status":"closed","template":"","meta":[],"product_brand":[],"product_cat":[641,16,28],"product_tag":[21,26,27],"class_list":{"0":"post-965","1":"product","2":"type-product","3":"status-publish","4":"has-post-thumbnail","6":"product_cat-dragon-ball-z-super-saiyan","7":"product_cat-standify","8":"product_cat-desk-pad","9":"product_tag-decoration","10":"product_tag-desk-pads","11":"product_tag-upsell","13":"first","14":"instock","15":"taxable","16":"shipping-taxable","17":"purchasable","18":"product-type-variable","19":"has-default-attributes"},"jetpack_sharing_enabled":true,"_links":{"self":[{"href":"https:\/\/standify.org\/lt\/wp-json\/wp\/v2\/product\/965","targetHints":{"allow":["GET"]}}],"collection":[{"href":"https:\/\/standify.org\/lt\/wp-json\/wp\/v2\/product"}],"about":[{"href":"https:\/\/standify.org\/lt\/wp-json\/wp\/v2\/types\/product"}],"replies":[{"embeddable":true,"href":"https:\/\/standify.org\/lt\/wp-json\/wp\/v2\/comments?post=965"}],"version-history":[{"count":1,"href":"https:\/\/standify.org\/lt\/wp-json\/wp\/v2\/product\/965\/revisions"}],"predecessor-version":[{"id":16446,"href":"https:\/\/standify.org\/lt\/wp-json\/wp\/v2\/product\/965\/revisions\/16446"}],"wp:featuredmedia":[{"embeddable":true,"href":"https:\/\/standify.org\/lt\/wp-json\/wp\/v2\/media\/1061"}],"wp:attachment":[{"href":"https:\/\/standify.org\/lt\/wp-json\/wp\/v2\/media?parent=965"}],"wp:term":[{"taxonomy":"product_brand","embeddable":true,"href":"https:\/\/standify.org\/lt\/wp-json\/wp\/v2\/product_brand?post=965"},{"taxonomy":"product_cat","embeddable":true,"href":"https:\/\/standify.org\/lt\/wp-json\/wp\/v2\/product_cat?post=965"},{"taxonomy":"product_tag","embeddable":true,"href":"https:\/\/standify.org\/lt\/wp-json\/wp\/v2\/product_tag?post=965"}],"curies":[{"name":"wp","href":"https:\/\/api.w.org\/{rel}","templated":true}]}}