{"id":464,"date":"2023-11-07T15:03:41","date_gmt":"2023-11-07T15:03:41","guid":{"rendered":"https:\/\/standify.org\/?product=controller-stand-zombie-hand"},"modified":"2025-12-17T03:35:32","modified_gmt":"2025-12-16T17:35:32","slug":"controller-stand-zombie-hand","status":"publish","type":"product","link":"https:\/\/standify.org\/lt\/parduotuve\/controller-stand-zombie-hand\/","title":{"rendered":"Valdiklio stovas Zombie Hand"},"content":{"rendered":"<p>I\u0161laisvinkite numir\u0117lius, kad sutvarkytum\u0117te savo \u017eaidim\u0173 \u012frang\u0105 su \"Zombie Hand\" - puikiu valdiklio ir ausini\u0173 stovu, kuris \u017eada \u012fkv\u0117pti gyvyb\u0119 j\u016bs\u0173 \u017eaidim\u0173 sto\u010diai!<\/p>\n<p>\ud83c\udfae <strong>Ausini\u0173 laikiklis - j\u016bs\u0173 \u012frangos saugotojas<\/strong> Pagerinkite savo \u017eaidim\u0105 naudodami ne tik funkcional\u0173, bet ir velni\u0161kai stiling\u0105 laikikl\u012f. Tai ne tik vieta ausin\u0117ms pakabinti po varginan\u010dios \u017eaidim\u0173 sesijos, bet ir parei\u0161kimas. \u0160vyturys nakt\u012f, kuris \u0161aukia: \"Gerai su\u017eaista!\" Tegul \u0161i zombio ranka pakyla i\u0161 j\u016bs\u0173 stalo gelmi\u0173 ir laiko j\u016bs\u0173 ausines, kad jos b\u016bt\u0173 nepriekai\u0161tingos, nesusipainiojusios ir visada pasiekiamos.<\/p>\n<p>\ud83c\udfa7 <strong>Kontrolierius \"Haven\" - Apimkite nemirting\u0173j\u0173 rankas<\/strong> Nebijokite, nes \u0161is stendas nediskriminuoja - jis suteikia vienodas galimybes. Nesvarbu, ar esate i\u0161tikimas \"Xbox\", \"PlayStation\", ar \"Switch\", tegul \u0161i ranka paima j\u016bs\u0173 valdikl\u012f ir laiko j\u012f auk\u0161tai ir i\u0161did\u017eiai. Pagamintas i\u0161 atsparios dervos ir kruop\u0161\u010diai rankomis nuda\u017eytas, tai ne tik stovas - tai trof\u0117jus, liudijantis nesuskai\u010diuojamus m\u016b\u0161ius ir pergales. Jis ne \u0161iaip pastatytas - jis i\u0161kaltas am\u017eiams, \u017ead\u0117damas nepajudinam\u0105 param\u0105 j\u016bs\u0173 kilniausiems darbo \u012frankiams.<\/p>\n<p>\ud83c\udfae <strong>Telefono stovas - j\u016bs\u0173 technika, kuri\u0105 sugrieb\u0117 mirusieji<\/strong> Ar kada nors pagalvojote, kad j\u016bs\u0173 telefonui reik\u0117t\u0173 makabri\u0161ko atspalvio? Neie\u0161kokite toliau. \u0160is stovas laiko j\u016bs\u0173 mobil\u0173j\u012f \u012frengin\u012f \u0161altomis negyvomis apokalips\u0117s rankomis ir u\u017etikrina, kad net m\u016b\u0161io \u012fkar\u0161tyje gerai matysite savo ekran\u0105. \"iPhone\" ar \"Samsung\", \"Google\" ar bet kuris kitas - su d\u0117klu ar be jo - \u0161is zombis nesmerkia. Jis tik nepaliaujamai laiko... negailestingai.<\/p>\n<p>\ud83c\udfa7 <strong>Kapo dovana - ne\u017eemi\u0161ka staigmena \u017eaid\u0117jams<\/strong> Ie\u0161kote puikios dovanos, kuri prad\u017eiugint\u0173 \u017eaidim\u0173 aistruol\u012f? \"Zombie Hand\" yra \u012fd\u0117tas \u012f pakuot\u0119, kuri sukurta taip pat kruop\u0161\u010diai, kaip ir pats stovas, tod\u0117l i\u0161 pomirtinio gyvenimo \u012f j\u016bs\u0173 namus atkeliauja nepriekai\u0161tingos b\u016bkl\u0117s. 17x27x18,5 cm dyd\u017eio stovas yra ideali vieta oficialiems PS5, XBOX X|S serijos ir daugumos rinkoje parduodam\u0173 ausini\u0173 valdikliams.<\/p>\n<p>I\u0161dr\u012fskite savo s\u0105rank\u0105 papildyti nepaprastais elementais, naudodami \u0161\u012f unikal\u0173 \u017eaidim\u0173 pried\u0105. Kiekvienas \u017evilgsnis \u012f zombio rank\u0105 primins jums, kad paprast\u0173 \u017eaid\u0117j\u0173 pasaulyje j\u016bs esate i\u0161gyven\u0119s, paskutinis i\u0161lik\u0119s, kuriam pavydi b\u016brys.<\/p>","protected":false},"excerpt":{"rendered":"<p>I\u0161laisvinkite numir\u0117lius ir tvarkykite savo \u017eaidim\u0173 \u012frang\u0105 su \"Zombie Hand\" - geriausiu valdiklio ir ausini\u0173 stovu, kuris<\/p>","protected":false},"featured_media":466,"comment_status":"open","ping_status":"closed","template":"","meta":[],"product_brand":[],"product_cat":[16,25],"product_tag":[24],"class_list":{"0":"post-464","1":"product","2":"type-product","3":"status-publish","4":"has-post-thumbnail","6":"product_cat-standify","7":"product_cat-controller-stand","8":"product_tag-controller-stand","10":"first","11":"instock","12":"sale","13":"taxable","14":"shipping-taxable","15":"purchasable","16":"product-type-simple"},"jetpack_sharing_enabled":true,"_links":{"self":[{"href":"https:\/\/standify.org\/lt\/wp-json\/wp\/v2\/product\/464","targetHints":{"allow":["GET"]}}],"collection":[{"href":"https:\/\/standify.org\/lt\/wp-json\/wp\/v2\/product"}],"about":[{"href":"https:\/\/standify.org\/lt\/wp-json\/wp\/v2\/types\/product"}],"replies":[{"embeddable":true,"href":"https:\/\/standify.org\/lt\/wp-json\/wp\/v2\/comments?post=464"}],"version-history":[{"count":0,"href":"https:\/\/standify.org\/lt\/wp-json\/wp\/v2\/product\/464\/revisions"}],"wp:featuredmedia":[{"embeddable":true,"href":"https:\/\/standify.org\/lt\/wp-json\/wp\/v2\/media\/466"}],"wp:attachment":[{"href":"https:\/\/standify.org\/lt\/wp-json\/wp\/v2\/media?parent=464"}],"wp:term":[{"taxonomy":"product_brand","embeddable":true,"href":"https:\/\/standify.org\/lt\/wp-json\/wp\/v2\/product_brand?post=464"},{"taxonomy":"product_cat","embeddable":true,"href":"https:\/\/standify.org\/lt\/wp-json\/wp\/v2\/product_cat?post=464"},{"taxonomy":"product_tag","embeddable":true,"href":"https:\/\/standify.org\/lt\/wp-json\/wp\/v2\/product_tag?post=464"}],"curies":[{"name":"wp","href":"https:\/\/api.w.org\/{rel}","templated":true}]}}