{"id":357,"date":"2024-03-07T12:25:12","date_gmt":"2024-03-07T12:25:12","guid":{"rendered":"https:\/\/standify.org\/?post_type=product&#038;p=357"},"modified":"2026-03-19T03:25:20","modified_gmt":"2026-03-18T17:25:20","slug":"47cm-vegeta-super-saiyan-action-figure","status":"publish","type":"product","link":"https:\/\/standify.org\/lt\/parduotuve\/47cm-vegeta-super-saiyan-action-figure\/","title":{"rendered":"47 cm Vegeta Super Saiyan fig\u016br\u0117l\u0117"},"content":{"rendered":"<div class=\"flex-1 overflow-hidden\">\n<div class=\"react-scroll-to-bottom--css-mmxkj-79elbk h-full\">\n<div class=\"react-scroll-to-bottom--css-mmxkj-1n7m0yu\">\n<div class=\"flex flex-col pb-9 text-sm\">\n<div class=\"w-full text-token-text-primary\" data-testid=\"conversation-turn-9\">\n<div class=\"px-4 py-2 justify-center text-base md:gap-6 m-auto\">\n<div class=\"flex flex-1 text-base mx-auto gap-3 md:px-5 lg:px-1 xl:px-5 md:max-w-3xl lg:max-w-[40rem] xl:max-w-[48rem] group final-completion\">\n<div class=\"relative flex w-full flex-col lg:w-[calc(100%-115px)] agent-turn\">\n<div class=\"flex-col gap-1 md:gap-3\">\n<div class=\"flex flex-grow flex-col max-w-full\">\n<div data-message-author-role=\"assistant\" data-message-id=\"68f1f10f-1241-497f-b340-8290e9eb8c32\" class=\"min-h-[20px] text-message flex flex-col items-start gap-3 whitespace-pre-wrap break-words [.text-message+&amp;]:mt-5 overflow-x-auto\">\n<div class=\"markdown prose w-full break-words dark:prose-invert dark\">\n<p>Dominuokite savo erdv\u0117je su m\u016bs\u0173 epine 47 cm Vegetos fig\u016br\u0117le, kurioje yra trys kei\u010diamos \u0161ukuosenos, kad Saiyan princas atsiskleist\u0173 visu savo gro\u017eiu!<\/p>\n<p>\ud83c\udf1f <strong>\"Electrifying Blue Evolution<\/strong> - \u012esp\u016bdinga m\u0117lyna griva simbolizuoja dievi\u0161k\u0105j\u0105 Vegetos gali\u0105. \ud83d\udc51 <strong>Klasikiniai juodi plaukai<\/strong> - Originali i\u0161vaizda, i\u0161 kurios dvelkia karali\u0161kasis ir taktinis Vegetos prana\u0161umas. \ud83c\udf1f <strong>Legendinis Super Saiyan Gold<\/strong> - Auksinis spindesys, skelbiantis jo ikoni\u0161k\u0105 transformacij\u0105.<\/p>\n<p><strong>Pagrindiniai akcentai:<\/strong><\/p>\n<ul>\n<li>\ud83d\udccf <strong>Masyvus \u016bgis<\/strong>: \u0160i 47 cm auk\u0161\u010dio fig\u016br\u0117l\u0117 yra \u012fsp\u016bdinga.<\/li>\n<li>\ud83d\udc88 <strong>Universal\u016bs stiliai<\/strong>: Pasirinkite m\u0117lynos, juodos arba auksin\u0117s spalvos plaukus, kad jie tikt\u0173 j\u016bs\u0173 ekranui.<\/li>\n<li>\ud83c\udfa8 <strong>Ekspert\u0173 meistri\u0161kumas<\/strong>: Kovos randai ir \u0161arv\u0173 detal\u0117s atgaivina Vegetos charakter\u012f.<\/li>\n<li>\ud83d\udee1\ufe0f <strong>Sukurta, kad tarnaut\u0173 ilgai<\/strong>: Auk\u0161tos kokyb\u0117s med\u017eiagos u\u017etikrina patvarum\u0105 ir ilgaam\u017ei\u0161kum\u0105.<\/li>\n<\/ul>\n<p>\ud83d\ude80 <strong>I\u0161skirtinis kolekcinis<\/strong>: Galimi riboti kiekiai!<\/p>\n<p>\ud83d\uded2 Padidinkite savo kolekcij\u0105 su Vegeta galybe. Pasiimk savo dabar!<\/p>\n<\/div>\n<\/div>\n<\/div>\n<div class=\"mt-1 flex justify-start gap-3 empty:hidden\">\n<div class=\"text-gray-400 flex self-end lg:self-center justify-center lg:justify-start mt-0 gap-1 visible\">\n<button class=\"flex items-center gap-1.5 rounded-md p-1 pl-0 text-xs hover:text-gray-950 dark:text-gray-400 dark:hover:text-gray-200 disabled:dark:hover:text-gray-400 md:invisible md:group-hover:visible md:group-[.final-completion]:visible\"><\/button><\/p>\n<div class=\"flex gap-1\">\n<button class=\"p-1 pl-0 rounded-md disabled:dark:hover:text-gray-400 dark:hover:text-gray-200 dark:text-gray-400 text-gray-400 hover:text-gray-950 md:invisible md:group-hover:visible md:group-[.final-completion]:visible\"><\/button><button class=\"p-1 pl-0 rounded-md disabled:dark:hover:text-gray-400 dark:hover:text-gray-200 dark:text-gray-400 text-gray-400 hover:text-gray-950 md:invisible md:group-hover:visible md:group-[.final-completion]:visible\"><\/button>\n<\/div>\n<div class=\"flex items-center gap-1.5 text-xs\">\n\n<\/div>\n<\/div>\n<\/div>\n<\/div>\n<\/div>\n<\/div>\n<\/div>\n<\/div>\n<\/div>\n<\/div>\n<\/div>\n<\/div>\n<div class=\"w-full pt-2 md:pt-0 dark:border-white\/20 md:border-transparent md:dark:border-transparent md:w-[calc(100%-.5rem)]\">\n<div class=\"relative flex h-full flex-1 items-stretch md:flex-col\">\n<div class=\"flex w-full items-center\"><\/div>\n<\/div>\n<\/div>","protected":false},"excerpt":{"rendered":"<p>Dominate your space with our epic 47cm Vegeta Figurine, featuring three interchangeable hairpieces to showcase the Saiyan prince in all<\/p>","protected":false},"featured_media":362,"comment_status":"open","ping_status":"closed","template":"","meta":[],"product_brand":[],"product_cat":[641,16],"product_tag":[],"class_list":{"0":"post-357","1":"product","2":"type-product","3":"status-publish","4":"has-post-thumbnail","6":"product_cat-dragon-ball-z-super-saiyan","7":"product_cat-standify","9":"first","10":"instock","11":"taxable","12":"shipping-taxable","13":"purchasable","14":"product-type-variable"},"jetpack_sharing_enabled":true,"_links":{"self":[{"href":"https:\/\/standify.org\/lt\/wp-json\/wp\/v2\/product\/357","targetHints":{"allow":["GET"]}}],"collection":[{"href":"https:\/\/standify.org\/lt\/wp-json\/wp\/v2\/product"}],"about":[{"href":"https:\/\/standify.org\/lt\/wp-json\/wp\/v2\/types\/product"}],"replies":[{"embeddable":true,"href":"https:\/\/standify.org\/lt\/wp-json\/wp\/v2\/comments?post=357"}],"version-history":[{"count":0,"href":"https:\/\/standify.org\/lt\/wp-json\/wp\/v2\/product\/357\/revisions"}],"wp:featuredmedia":[{"embeddable":true,"href":"https:\/\/standify.org\/lt\/wp-json\/wp\/v2\/media\/362"}],"wp:attachment":[{"href":"https:\/\/standify.org\/lt\/wp-json\/wp\/v2\/media?parent=357"}],"wp:term":[{"taxonomy":"product_brand","embeddable":true,"href":"https:\/\/standify.org\/lt\/wp-json\/wp\/v2\/product_brand?post=357"},{"taxonomy":"product_cat","embeddable":true,"href":"https:\/\/standify.org\/lt\/wp-json\/wp\/v2\/product_cat?post=357"},{"taxonomy":"product_tag","embeddable":true,"href":"https:\/\/standify.org\/lt\/wp-json\/wp\/v2\/product_tag?post=357"}],"curies":[{"name":"wp","href":"https:\/\/api.w.org\/{rel}","templated":true}]}}