{"id":320,"date":"2024-03-07T12:25:14","date_gmt":"2024-03-07T12:25:14","guid":{"rendered":"https:\/\/standify.org\/?post_type=product&#038;p=320"},"modified":"2025-11-08T14:21:42","modified_gmt":"2025-11-08T04:21:42","slug":"7-6cm-dbz-crystal-ball-anime-figure-1-2-3-4-5-6-7-star-shenron-wish-balls-cosplay-props-collectible-desktop-decoration-toys","status":"publish","type":"product","link":"https:\/\/standify.org\/lt\/parduotuve\/7-6cm-dbz-crystal-ball-anime-figure-1-2-3-4-5-6-7-star-shenron-wish-balls-cosplay-props-collectible-desktop-decoration-toys\/","title":{"rendered":"3 coli\u0173 kri\u0161tolo drakono rutuliai"},"content":{"rendered":"<p><strong>I\u0161laisvinkite drakono gali\u0105: 3\u2033 drakono rutuliai<\/strong><\/p>\n<p>\ud83d\udc09 Leiskit\u0117s \u012f mistin\u0119 kelion\u0119 su m\u016bs\u0173 i\u0161skirtiniais 3\u2033 stikliniais drakono rutuliais. \u0160ie tobulai pagaminti rutuliai prikelia senov\u0117s legend\u0173 esm\u0119 tiesiai \u012f j\u016bs\u0173 kambar\u012f.<\/p>\n<p><strong>Pagrindin\u0117s savyb\u0117s:<\/strong><\/p>\n<ul>\n<li>\ud83c\udf1f <strong>Auk\u0161\u010diausia kokyb\u0117:<\/strong> Kiekvienas rutulys pagamintas i\u0161 auk\u0161tos kokyb\u0117s, patvaraus stiklo, kad ilgai i\u0161likt\u0173 misti\u0161kas.<\/li>\n<li>\u2728 <strong>Ikoni\u0161kas dizainas:<\/strong> Ry\u0161kus oran\u017einis atspalvis su klasikiniu raudonos \u017evaig\u017ed\u0117s dizainu, nuo vienos iki septyni\u0173 \u017evaig\u017edu\u010di\u0173.<\/li>\n<li>\ud83d\udccf <strong>Puikus dydis:<\/strong> 3 coli\u0173 skersmens jie yra idealus kolekcinis eksponatas, neu\u017eimantis daug vietos.<\/li>\n<\/ul>\n<p><strong>Privalumai:<\/strong><\/p>\n<ul>\n<li>\ud83c\udf81 <strong>Puikiai tinka dovanoti:<\/strong> Tai privalomas daiktas kiekvienam entuziastui, puikiai tinka gimtadieniams, \u0161vent\u0117ms ar kaip staigmena gerb\u0117jams.<\/li>\n<li>\ud83c\udfa8 <strong>Dekoratyvinis apeliacinis skundas:<\/strong> Bet kokiame kambaryje, lentynoje ar ant ra\u0161omojo stalo suteikia magijos prieskon\u012f.<\/li>\n<li>\ud83d\udcda <strong>Kolekcinis \u017eavesys:<\/strong> Nesvarbu, ar siekiate surinkti visus septynis, ar tik savo m\u0117gstamiausi\u0105 skai\u010di\u0173, \u0161ie kamuoliukai puikiai papildys bet kur\u012f rinkin\u012f.<\/li>\n<\/ul>\n<p><strong>Kaip naudoti:<\/strong><\/p>\n<ol>\n<li>Parodykite juos i\u0161did\u017eiai d\u0117\u017eut\u0117je.<\/li>\n<li>\u012etraukite juos \u012f savo meditacijos ar s\u0105moningumo praktik\u0105.<\/li>\n<li>Naudokite juos kaip popierinius svarelius ar stalo papuo\u0161alus, kad \u012fkv\u0117ptum\u0117te savo kasdienius nuotykius.<\/li>\n<\/ol>\n<p>\u26a0\ufe0f <strong>Atkreipkite d\u0117mes\u012f:<\/strong> Nors \u0161ie stikliniai drakono rutuliai gali ir nei\u0161kviesti tikro drakono, jie tikrai sukels nuostabos ir nuotyki\u0173 jausm\u0105 visiems, kurie juos pamatys.<\/p>","protected":false},"excerpt":{"rendered":"<p>Unleash the Power of the Dragon: 3&#8243; Dragon Balls \ud83d\udc09 Embark on a mystical journey with our exclusive 3&#8243; Glass<\/p>","protected":false},"featured_media":336,"comment_status":"open","ping_status":"closed","template":"","meta":[],"product_brand":[],"product_cat":[641,16,183],"product_tag":[],"class_list":{"0":"post-320","1":"product","2":"type-product","3":"status-publish","4":"has-post-thumbnail","6":"product_cat-dragon-ball-z-super-saiyan","7":"product_cat-standify","8":"product_cat-featured-items","10":"first","11":"instock","12":"taxable","13":"shipping-taxable","14":"purchasable","15":"product-type-variable"},"jetpack_sharing_enabled":true,"_links":{"self":[{"href":"https:\/\/standify.org\/lt\/wp-json\/wp\/v2\/product\/320","targetHints":{"allow":["GET"]}}],"collection":[{"href":"https:\/\/standify.org\/lt\/wp-json\/wp\/v2\/product"}],"about":[{"href":"https:\/\/standify.org\/lt\/wp-json\/wp\/v2\/types\/product"}],"replies":[{"embeddable":true,"href":"https:\/\/standify.org\/lt\/wp-json\/wp\/v2\/comments?post=320"}],"version-history":[{"count":0,"href":"https:\/\/standify.org\/lt\/wp-json\/wp\/v2\/product\/320\/revisions"}],"wp:featuredmedia":[{"embeddable":true,"href":"https:\/\/standify.org\/lt\/wp-json\/wp\/v2\/media\/336"}],"wp:attachment":[{"href":"https:\/\/standify.org\/lt\/wp-json\/wp\/v2\/media?parent=320"}],"wp:term":[{"taxonomy":"product_brand","embeddable":true,"href":"https:\/\/standify.org\/lt\/wp-json\/wp\/v2\/product_brand?post=320"},{"taxonomy":"product_cat","embeddable":true,"href":"https:\/\/standify.org\/lt\/wp-json\/wp\/v2\/product_cat?post=320"},{"taxonomy":"product_tag","embeddable":true,"href":"https:\/\/standify.org\/lt\/wp-json\/wp\/v2\/product_tag?post=320"}],"curies":[{"name":"wp","href":"https:\/\/api.w.org\/{rel}","templated":true}]}}