{"id":31887,"date":"2025-07-16T22:07:05","date_gmt":"2025-07-16T12:07:05","guid":{"rendered":"https:\/\/standify.org\/shop\/lapras-controller-stand\/"},"modified":"2025-09-18T01:19:25","modified_gmt":"2025-09-17T15:19:25","slug":"lapras-controller-stand","status":"publish","type":"product","link":"https:\/\/standify.org\/lt\/parduotuve\/lapras-controller-stand\/","title":{"rendered":"\"Lapras\" valdiklio stovas"},"content":{"rendered":"<p><em>I\u0161plaukite \u012f nostalgija alsuojan\u010di\u0105 organizacij\u0105.<\/em><\/p>\n<p>Prisimenate, kaip jaudinan\u010diai skland\u0117te kri\u0161toliniuose vandenyse ant Lapr\u0173 nugaros? Dabar tas pats \u0161velnus mil\u017einas pasiruo\u0161\u0119s saugoti tai, kas suteikia j\u0117g\u0173 kiekvienai epinei u\u017eduo\u010diai - j\u016bs\u0173 valdikl\u012f. Prisitvirtinkite j\u012f tarp m\u016b\u0161i\u0173, saugokite savo stal\u0105 nuo bang\u0173 ir leiskite, kad kiekvienas \u017evilgsnis primint\u0173, kod\u0117l \u012fsimyl\u0117jote \u017eaidimus.<\/p>\n<p>Kod\u0117l treneriams tai patinka<\/p>\n<ul>\n<li><strong>Universalus, svyravimams atsparus lop\u0161ys<\/strong> - Suformuotas taip, kad tilpt\u0173 \u012f \"Switch Pro\", PS5 DualSense, \"Xbox Series X|S\" ir daugum\u0105 kit\u0173 gamintoj\u0173 kilim\u0117li\u0173, o j\u0173 pavir\u0161ius visi\u0161kai nesikreipt\u0173.<\/li>\n<li><strong>Dovanoms paruo\u0161tas <\/strong>- i\u0161 karto prad\u017eiugina vos tik j\u012f i\u0161vyniojus.<\/li>\n<\/ul>\n<p>Sukurta \u017eaid\u0117jams, palaikoma treneri\u0173<\/p>\n<p>\u0160\u012f stend\u0105 suk\u016br\u0117me \u017eaid\u0117jams, kurie neken\u010dia netvarkos taip pat, kaip ir nuotyki\u0173. Rezultatas? Ma\u017eiau chaoso ant stalo, daugiau pasidid\u017eiavimo savo \u012frenginiu ir kasdienis vaikyst\u0117s stebuklas. Jei \u201cLapras\u201d nesukels jums \u0161ypsenos kiekvien\u0105 kart\u0105, kai pris\u0117site \u017eaisti, jums taikoma 30 dien\u0173 \"Indigo Plateau\" pinig\u0173 gr\u0105\u017einimo garantija - be joki\u0173 klausim\u0173.<\/p>\n<blockquote><p>\u201cAtrodo ne\u012ftik\u0117tinai ant mano kovin\u0117s stoties ir pagaliau neleid\u017eia mano \u201dPro Controller\" valdikliui ried\u0117ti ant grind\u0173.\" - Jess, patikrintas treneris \u2b50\u2b50\u2b50\u2b50\u2b50<\/p><\/blockquote>\n<hr \/>\n<h3>\u26a1 Griebkite savo, kol jis dar neplauk\u0117<\/h3>\n<p>Tai nedidel\u0117s partijos fan\u0173 (nesusijusi\u0173 su \"Nintendo\") tira\u017eas, tod\u0117l kiekviena serija greitai i\u0161parduodama. Prid\u0117ti <em>du<\/em> \u012f krep\u0161el\u012f ir mes automati\u0161kai paimsime <strong>10% i\u0161jungta<\/strong>-kad antrasis \u017eaid\u0117jas niekada nesijaust\u0173 atsilik\u0119s.<\/p>\n<p><strong>Ar esate pasireng\u0119 susitvarkyti stal\u0105 ir v\u0117l patirti magij\u0105?<\/strong><br \/>\nPaspauskite <strong>PRID\u0116TI \u012e KREP\u0160EL\u012e<\/strong> dabar ir leiskite \"Lapras\" saugoti kit\u0105 j\u016bs\u0173 nuotyk\u012f.<\/p>","protected":false},"excerpt":{"rendered":"<p>I\u0161plaukite \u012f nostalgija alsuojan\u010di\u0105 organizacij\u0105. Prisiminkite jaudul\u012f, kai skland\u0117te kri\u0161toliniuose vandenyse ant Lapr\u0173 nugaros? Dabar, kai<\/p>","protected":false},"featured_media":31874,"comment_status":"open","ping_status":"closed","template":"","meta":[],"product_brand":[],"product_cat":[25],"product_tag":[21,24,413],"class_list":{"0":"post-31887","1":"product","2":"type-product","3":"status-publish","4":"has-post-thumbnail","6":"product_cat-controller-stand","7":"product_tag-decoration","8":"product_tag-controller-stand","9":"product_tag-pokemon","11":"first","12":"instock","13":"sale","14":"taxable","15":"shipping-taxable","16":"purchasable","17":"product-type-simple"},"jetpack_sharing_enabled":true,"_links":{"self":[{"href":"https:\/\/standify.org\/lt\/wp-json\/wp\/v2\/product\/31887","targetHints":{"allow":["GET"]}}],"collection":[{"href":"https:\/\/standify.org\/lt\/wp-json\/wp\/v2\/product"}],"about":[{"href":"https:\/\/standify.org\/lt\/wp-json\/wp\/v2\/types\/product"}],"replies":[{"embeddable":true,"href":"https:\/\/standify.org\/lt\/wp-json\/wp\/v2\/comments?post=31887"}],"version-history":[{"count":2,"href":"https:\/\/standify.org\/lt\/wp-json\/wp\/v2\/product\/31887\/revisions"}],"predecessor-version":[{"id":32807,"href":"https:\/\/standify.org\/lt\/wp-json\/wp\/v2\/product\/31887\/revisions\/32807"}],"wp:featuredmedia":[{"embeddable":true,"href":"https:\/\/standify.org\/lt\/wp-json\/wp\/v2\/media\/31874"}],"wp:attachment":[{"href":"https:\/\/standify.org\/lt\/wp-json\/wp\/v2\/media?parent=31887"}],"wp:term":[{"taxonomy":"product_brand","embeddable":true,"href":"https:\/\/standify.org\/lt\/wp-json\/wp\/v2\/product_brand?post=31887"},{"taxonomy":"product_cat","embeddable":true,"href":"https:\/\/standify.org\/lt\/wp-json\/wp\/v2\/product_cat?post=31887"},{"taxonomy":"product_tag","embeddable":true,"href":"https:\/\/standify.org\/lt\/wp-json\/wp\/v2\/product_tag?post=31887"}],"curies":[{"name":"wp","href":"https:\/\/api.w.org\/{rel}","templated":true}]}}