{"id":302,"date":"2024-03-07T12:25:16","date_gmt":"2024-03-07T12:25:16","guid":{"rendered":"https:\/\/standify.org\/?post_type=product&#038;p=302"},"modified":"2024-11-19T03:35:59","modified_gmt":"2024-11-18T17:35:59","slug":"29cm-vegeta-figurine","status":"publish","type":"product","link":"https:\/\/standify.org\/lt\/parduotuve\/29cm-vegeta-figurine\/","title":{"rendered":"29 cm Vegetos fig\u016br\u0117l\u0117"},"content":{"rendered":"<p data-mce-fragment=\"1\">I\u0161laisvinkite savyje Sajan\u0105 su m\u016bs\u0173 stulbinan\u010diomis 29 cm Vegetos fig\u016br\u0117l\u0117mis! Kiekviena fig\u016br\u0117l\u0117 - kolekcionieriaus svajon\u0117, \u012fk\u016bnijanti ugning\u0105 Sajan\u0173 princo dvasi\u0105.<\/p>\n<p data-mce-fragment=\"1\">\ud83c\udf1f <strong data-mce-fragment=\"1\">Dinamin\u0117 m\u0117lyna evoliucija Vegeta<\/strong> - \u0160i fig\u016bra pulsuoja diev\u0173 galia! Vegetos kario esyb\u0117, puo\u0161ta \u012felektrinan\u010dia Super Saiyan Blue evoliucijos forma, perteikta su ry\u0161kiomis detal\u0117mis. \u0160i fig\u016br\u0117l\u0117 liudija jo nepalau\u017eiam\u0105 vali\u0105 - nuo intensyvaus, plieninio m\u0117lyno \u017evilgsnio iki dygliuot\u0173 \u017eydr\u0173 plauk\u0173, kurie kelia pasiprie\u0161inim\u0105.<\/p>\n<p data-mce-fragment=\"1\">\ud83d\udd25 <strong data-mce-fragment=\"1\">Klasikinis Super Saiyan Vegeta<\/strong> - Atsukite laik\u0105 atgal su klasikiniu, nuo kurio viskas prasid\u0117jo. \u0160i Vegetos fig\u016br\u0117l\u0117, apgaubta auksine jo Super Saiyan transformacijos aura, yra tarsi sprogimas i\u0161 praeities ir demonstruoja ugning\u0105 dvasi\u0105, kuri \u012fkv\u0117p\u0117 i\u0161tisas gerb\u0117j\u0173 kartas. Kruop\u0161tus d\u0117mesys jo kultini\u0173 \u0161arv\u0173 detal\u0117ms ir jo laikysenos intensyvumas nukels jus \u012f epinius m\u016b\u0161ius ir pergales.<\/p>\n<p data-mce-fragment=\"1\">\u0160ios fig\u016br\u0117l\u0117s parduodamos atskirai, tod\u0117l galite i\u0161sirinkti savo m\u0117gstamiausi\u0105 arba dvigubai daugiau, kad sukurtum\u0117te puiki\u0105 Vegetos parod\u0105. \ud83c\udf81<\/p>\n<p data-mce-fragment=\"1\">Kiekviena aistringai pagaminta fig\u016br\u0117l\u0117 simbolizuoja ilgaam\u017ei\u0161kum\u0105 ir d\u0117mes\u012f detal\u0117ms - Vegetos \u0161arvai blizga, o jo raumenys i\u0161gauti iki tobulumo. Nesvarbu, ar \u0161ios fig\u016br\u0117l\u0117s skirtos eksponuoti, ar \u017eaisti, jos sukurtos ilgam.<\/p>\n<p data-mce-fragment=\"1\">Ar esate pasiruo\u0161\u0119 pretenduoti \u012f Sajan\u0173 legendos dal\u012f? \u012etraukite \u012f krep\u0161el\u012f dabar ir leiskite Vegetos nenugalimai dvasiai pakeisti j\u016bs\u0173 kolekcij\u0105! \ud83d\udcaa\ud83d\uded2<\/p>","protected":false},"excerpt":{"rendered":"<p>Unleash the Saiyan within with our stunning 29cm Vegeta Figurines! Each figure is a collector&#8217;s dream, embodying the fiery spirit<\/p>","protected":false},"featured_media":305,"comment_status":"open","ping_status":"closed","template":"","meta":[],"product_brand":[],"product_cat":[641,16,18],"product_tag":[17,21,143],"class_list":{"0":"post-302","1":"product","2":"type-product","3":"status-publish","4":"has-post-thumbnail","6":"product_cat-dragon-ball-z-super-saiyan","7":"product_cat-standify","8":"product_cat-action-figure","9":"product_tag-figurine","10":"product_tag-decoration","11":"product_tag-dbz","13":"first","14":"instock","15":"taxable","16":"shipping-taxable","17":"purchasable","18":"product-type-variable","19":"has-default-attributes"},"jetpack_sharing_enabled":true,"_links":{"self":[{"href":"https:\/\/standify.org\/lt\/wp-json\/wp\/v2\/product\/302","targetHints":{"allow":["GET"]}}],"collection":[{"href":"https:\/\/standify.org\/lt\/wp-json\/wp\/v2\/product"}],"about":[{"href":"https:\/\/standify.org\/lt\/wp-json\/wp\/v2\/types\/product"}],"replies":[{"embeddable":true,"href":"https:\/\/standify.org\/lt\/wp-json\/wp\/v2\/comments?post=302"}],"version-history":[{"count":0,"href":"https:\/\/standify.org\/lt\/wp-json\/wp\/v2\/product\/302\/revisions"}],"wp:featuredmedia":[{"embeddable":true,"href":"https:\/\/standify.org\/lt\/wp-json\/wp\/v2\/media\/305"}],"wp:attachment":[{"href":"https:\/\/standify.org\/lt\/wp-json\/wp\/v2\/media?parent=302"}],"wp:term":[{"taxonomy":"product_brand","embeddable":true,"href":"https:\/\/standify.org\/lt\/wp-json\/wp\/v2\/product_brand?post=302"},{"taxonomy":"product_cat","embeddable":true,"href":"https:\/\/standify.org\/lt\/wp-json\/wp\/v2\/product_cat?post=302"},{"taxonomy":"product_tag","embeddable":true,"href":"https:\/\/standify.org\/lt\/wp-json\/wp\/v2\/product_tag?post=302"}],"curies":[{"name":"wp","href":"https:\/\/api.w.org\/{rel}","templated":true}]}}