{"id":230,"date":"2023-12-17T15:37:38","date_gmt":"2023-12-17T15:37:38","guid":{"rendered":"https:\/\/standify.org\/?product=2024-orange-sneakers"},"modified":"2025-12-15T03:32:21","modified_gmt":"2025-12-14T17:32:21","slug":"2024-dbz-sneakers","status":"publish","type":"product","link":"https:\/\/standify.org\/lt\/parduotuve\/2024-dbz-sneakers\/","title":{"rendered":"2026 Oran\u017einiai sportba\u010diai"},"content":{"rendered":"<p data-mce-fragment=\"1\">I\u0161laisvink savo vidin\u012f Sajan\u0105 su \u0161iais epiniais sportba\u010diais \ud83d\udc5f! \u012esik\u016bnyk \u012f savo heroj\u0173 batus, tiesiogine prasme, su \u0161iais galingais bateliais, skirtais did\u017eiausiems anime gerb\u0117jams. Pasirink savo kario aur\u0105 i\u0161 trij\u0173 \u012felektrinan\u010di\u0173 spalv\u0173:<\/p>\n<p data-mce-fragment=\"1\">\ud83d\udd25 Oran\u017ein\u0117 - ugninga kaip kario dvasia!<br \/>\n\ud83c\udf1f Balta - tyra kaip m\u016bs\u0173 herojaus \u0161irdis!<br \/>\n\u26ab Black - Toks pat stiprus kaip ir jo ry\u017etas!<\/p>\n<p data-mce-fragment=\"1\">Funkcij\u0173 s\u0105ra\u0161as:<\/p>\n<ul data-mce-fragment=\"1\">\n<li data-mce-fragment=\"1\"><strong data-mce-fragment=\"1\">Itin patogus d\u0117v\u0117jimas:<\/strong> Sukurta ilgiems m\u016b\u0161iams (arba tiesiog dienos komfortui)!<\/li>\n<li data-mce-fragment=\"1\"><strong data-mce-fragment=\"1\">Momentinis maitinimo \u012fjungimas:<\/strong> Lengvai u\u017esidedami batai su elastiniais rai\u0161teliais, kad greitai pasipildyt\u0173.<\/li>\n<li data-mce-fragment=\"1\"><strong data-mce-fragment=\"1\">Patvari drakono med\u017eiaga:<\/strong> Sukurta taip, kad atlaikyt\u0173 sunkiausias treniruotes.<\/li>\n<li data-mce-fragment=\"1\"><strong data-mce-fragment=\"1\">Ikoni\u0161kas dizainas:<\/strong> Su emblema, kad gal\u0117tum nukreipti savo vidin\u012f \"Z Fighter\".<\/li>\n<\/ul>\n<p data-mce-fragment=\"1\">Nesvarbu, ar einate \u012f sporto sal\u0119, gatves, ar tiesiog ilsit\u0117s \"Kame House\", \u0161ie sportba\u010diai - puikus stiliaus, patogumo ir sirgali\u0173 palaikymo derinys. Papildykite jais savo kolekcij\u0105 ir b\u016bkite pasiruo\u0161\u0119 akimirksniu tapti Sajanais! \ud83d\udc09<\/p>\n<p data-mce-fragment=\"1\">Dyd\u017eiai yra riboti, tod\u0117l gerb\u0117jai skuba gauti savo. Nelaukite kito epizodo, griebkite \"Sneakers\" \u0161iandien ir u\u017ekariaukite savo pasaul\u012f su didvyrio pasitik\u0117jimu! \ud83c\udf0d\u2728<\/p>","protected":false},"excerpt":{"rendered":"<p>I\u0161laisvink savo vidin\u012f Sajan\u0105 su \u0161iais epiniais sportba\u010diais \ud83d\udc5f! \u012esik\u016bnyk \u012f savo herojaus batus, tiesiogine prasme, su \u0161iais galios kupinais bateliais<\/p>","protected":false},"featured_media":252,"comment_status":"open","ping_status":"closed","template":"","meta":[],"product_brand":[],"product_cat":[641,16,20],"product_tag":[19],"class_list":{"0":"post-230","1":"product","2":"type-product","3":"status-publish","4":"has-post-thumbnail","6":"product_cat-dragon-ball-z-super-saiyan","7":"product_cat-standify","8":"product_cat-apparel","9":"product_tag-clothing","11":"first","12":"instock","13":"taxable","14":"shipping-taxable","15":"purchasable","16":"product-type-variable","17":"has-default-attributes"},"jetpack_sharing_enabled":true,"_links":{"self":[{"href":"https:\/\/standify.org\/lt\/wp-json\/wp\/v2\/product\/230","targetHints":{"allow":["GET"]}}],"collection":[{"href":"https:\/\/standify.org\/lt\/wp-json\/wp\/v2\/product"}],"about":[{"href":"https:\/\/standify.org\/lt\/wp-json\/wp\/v2\/types\/product"}],"replies":[{"embeddable":true,"href":"https:\/\/standify.org\/lt\/wp-json\/wp\/v2\/comments?post=230"}],"version-history":[{"count":2,"href":"https:\/\/standify.org\/lt\/wp-json\/wp\/v2\/product\/230\/revisions"}],"predecessor-version":[{"id":36689,"href":"https:\/\/standify.org\/lt\/wp-json\/wp\/v2\/product\/230\/revisions\/36689"}],"wp:featuredmedia":[{"embeddable":true,"href":"https:\/\/standify.org\/lt\/wp-json\/wp\/v2\/media\/252"}],"wp:attachment":[{"href":"https:\/\/standify.org\/lt\/wp-json\/wp\/v2\/media?parent=230"}],"wp:term":[{"taxonomy":"product_brand","embeddable":true,"href":"https:\/\/standify.org\/lt\/wp-json\/wp\/v2\/product_brand?post=230"},{"taxonomy":"product_cat","embeddable":true,"href":"https:\/\/standify.org\/lt\/wp-json\/wp\/v2\/product_cat?post=230"},{"taxonomy":"product_tag","embeddable":true,"href":"https:\/\/standify.org\/lt\/wp-json\/wp\/v2\/product_tag?post=230"}],"curies":[{"name":"wp","href":"https:\/\/api.w.org\/{rel}","templated":true}]}}