{"id":17546,"date":"2024-11-05T01:02:26","date_gmt":"2024-11-04T15:02:26","guid":{"rendered":"https:\/\/standify.org\/shop\/dbz-printed-drawstring-backpack-bag\/"},"modified":"2024-12-25T23:20:51","modified_gmt":"2024-12-25T13:20:51","slug":"dbz-printed-drawstring-backpack-bag","status":"publish","type":"product","link":"https:\/\/standify.org\/lt\/parduotuve\/dbz-printed-drawstring-backpack-bag\/","title":{"rendered":"DBZ atspausdintas rai\u0161teliu kuprin\u0117 krep\u0161ys"},"content":{"rendered":"<p><strong>\ud83d\udd25 Dragon Ball Z atspausdinta rai\u0161teliu susegama kuprin\u0117 \ud83d\udd25<\/strong><\/p>\n<p>I\u0161laisvinkite savo vidin\u012f Saiyan su \u0161iuo epiniu <em>Dragon Ball Z<\/em> susegama kuprin\u0117! \ud83c\udf0c Puikiai tinka gerb\u0117jams, kurie nori visur ne\u0161iotis Goku, Vegetos ir DBZ komandos gali\u0105. \u0160i kuprin\u0117 ne tik funkcionali - tai dr\u0105sus parei\u0161kimas bet kuriam anime m\u0117g\u0117jui. \ud83c\udf92<\/p>\n<ul>\n<li><strong>\u26a1 Dr\u0105sus DBZ meno k\u016brinys<\/strong>: Parodykite stulbinan\u010di\u0105 grafik\u0105, pasi\u017eymin\u010di\u0105 Super Saiyan transformacijomis ir intensyviomis veiksmo scenomis, nuo kuri\u0173 apsiver\u010dia akys.<\/li>\n<li><strong>\ud83d\udcaa Lengvas ir patvarus<\/strong>: Pagaminta i\u0161 auk\u0161tos kokyb\u0117s, tvirtos med\u017eiagos, kad atlaikyt\u0173 visus j\u016bs\u0173 nuotykius.<\/li>\n<li><strong>\ud83d\udd17 Lengvas rai\u0161telio u\u017edarymas<\/strong>: Paprasta atidarymo ir u\u017edarymo konstrukcija suteikia galimyb\u0119 greitai pasiekti savo \u012frankius.<\/li>\n<li><strong>\ud83c\udf1f Daugiafunkcinis naudojimas<\/strong>: Idealiai tinka mokykloje, sporto sal\u0117je, kelion\u0117je ar tiesiog demonstruojant savo meil\u0119 <em>Dragon Ball Z<\/em>.<\/li>\n<\/ul>\n<p><strong>\ud83d\udca5 \u012eSIGYKITE SAVO \u0160IANDIEN!<\/strong> Pasiimkite Sajan\u0173 dvasi\u0105 su savimi, kad ir kur eitum\u0117te! \ud83d\udc09\u2728<\/p>","protected":false},"excerpt":{"rendered":"<p>\ud83d\udd25 Dragon Ball Z spausdinta virvelin\u0117 kuprin\u0117 \ud83d\udd25 I\u0161laisvinkite savo vidin\u012f Sajan\u0105 su \u0161ia epine Dragon Ball Z virveline kuprine.<\/p>","protected":false},"featured_media":17539,"comment_status":"open","ping_status":"closed","template":"","meta":[],"product_brand":[],"product_cat":[641,20],"product_tag":[143],"class_list":{"0":"post-17546","1":"product","2":"type-product","3":"status-publish","4":"has-post-thumbnail","6":"product_cat-dragon-ball-z-super-saiyan","7":"product_cat-apparel","8":"product_tag-dbz","10":"first","11":"instock","12":"sale","13":"taxable","14":"shipping-taxable","15":"purchasable","16":"product-type-variable"},"jetpack_sharing_enabled":true,"_links":{"self":[{"href":"https:\/\/standify.org\/lt\/wp-json\/wp\/v2\/product\/17546","targetHints":{"allow":["GET"]}}],"collection":[{"href":"https:\/\/standify.org\/lt\/wp-json\/wp\/v2\/product"}],"about":[{"href":"https:\/\/standify.org\/lt\/wp-json\/wp\/v2\/types\/product"}],"replies":[{"embeddable":true,"href":"https:\/\/standify.org\/lt\/wp-json\/wp\/v2\/comments?post=17546"}],"version-history":[{"count":1,"href":"https:\/\/standify.org\/lt\/wp-json\/wp\/v2\/product\/17546\/revisions"}],"predecessor-version":[{"id":17878,"href":"https:\/\/standify.org\/lt\/wp-json\/wp\/v2\/product\/17546\/revisions\/17878"}],"wp:featuredmedia":[{"embeddable":true,"href":"https:\/\/standify.org\/lt\/wp-json\/wp\/v2\/media\/17539"}],"wp:attachment":[{"href":"https:\/\/standify.org\/lt\/wp-json\/wp\/v2\/media?parent=17546"}],"wp:term":[{"taxonomy":"product_brand","embeddable":true,"href":"https:\/\/standify.org\/lt\/wp-json\/wp\/v2\/product_brand?post=17546"},{"taxonomy":"product_cat","embeddable":true,"href":"https:\/\/standify.org\/lt\/wp-json\/wp\/v2\/product_cat?post=17546"},{"taxonomy":"product_tag","embeddable":true,"href":"https:\/\/standify.org\/lt\/wp-json\/wp\/v2\/product_tag?post=17546"}],"curies":[{"name":"wp","href":"https:\/\/api.w.org\/{rel}","templated":true}]}}