{"id":16880,"date":"2024-10-16T22:45:12","date_gmt":"2024-10-16T12:45:12","guid":{"rendered":"https:\/\/standify.org\/shop\/luffy-gear-up-for-battle-crouching-power-figurine\/"},"modified":"2026-03-07T03:17:15","modified_gmt":"2026-03-06T17:17:15","slug":"luffy-gear-up-for-battle-crouching-power-figurine","status":"publish","type":"product","link":"https:\/\/standify.org\/lt\/parduotuve\/luffy-gear-up-for-battle-crouching-power-figurine\/","title":{"rendered":"Luffy: Pasiruo\u0161imas m\u016b\u0161iui - Crouching Power Fig\u016br\u0117l\u0117"},"content":{"rendered":"<p>\ud83c\udf00 <strong>17 cm Luffy Crouching Power Up fig\u016br\u0117l\u0117<\/strong> \ud83c\udf00<\/p>\n<p>Prisijunkite prie <strong>t\u016bkstan\u010diai \"One Piece\" gerb\u0117j\u0173<\/strong> kurie jau turi \u0161i\u0105 epin\u0119 Luffy fig\u016br\u0117l\u0119 savo kolekcijoje! \ud83d\udca5 \u0160is itin detalus <strong>\u012fjungimo poza<\/strong> u\u017efiksuotas Luffy, pasireng\u0119s priimti bet kok\u012f i\u0161\u0161\u016bk\u012f su savo nesustabdoma energija! \u26a1<\/p>\n<p><strong>Kod\u0117l gerb\u0117jams patinka \u0161i fig\u016bra:<\/strong><\/p>\n<ul>\n<li>\ud83d\udcaf <em>Autenti\u0161kas dizainas<\/em> kuriame u\u017efiksuota \u012fnirtinga Luffy i\u0161rai\u0161ka ir kultin\u0117 apranga<\/li>\n<li>\ud83d\udca5 <em>Dinamin\u0117 poza<\/em> - Fan\u0173 pam\u0117gtas Luffy prit\u016bp\u0119s, pasiruo\u0161\u0119s m\u016b\u0161iui!<\/li>\n<li>\ud83d\udd25 <em>I\u0161skirtin\u0117 detal\u0117<\/em> su skaidriais energijos efektais, apvyniojan\u010diais jo rank\u0105 \ud83d\udcaa<\/li>\n<li>\ud83d\udccf <em>Puikus dydis<\/em> - 17 cm auk\u0161\u010dio, idealus bet kurios \"One Piece\" kolekcijos papildymas<\/li>\n<\/ul>\n<p>\ud83d\udcac <strong>K\u0105 sako kiti gerb\u0117jai:<\/strong><br \/>\n<em>\"Nuostabiai atrodo mano lentynoje! Detal\u0117s yra beproti\u0161kos!\"<\/em> - \u2605\u2605\u2605\u2605\u2605<br \/>\n<em>\"B\u016btina tur\u0117ti kiekvienam \"One Piece\" gerb\u0117jui! Mano draugai visada klausia, i\u0161 kur j\u012f turiu!\"<\/em> - \u2605\u2605\u2605\u2605\u2605<\/p>\n<p>\u26a1\ufe0f Nepraleiskite \u0161io <strong>ribotas tira\u017eas<\/strong> fig\u016br\u0117l\u0117! Papildykite savo kolekcij\u0105 ir parodykite savo meil\u0119 \"One Piece\" \ud83c\udff4\u200d\u2620\ufe0f<\/p>","protected":false},"excerpt":{"rendered":"<p>\ud83c\udf00 17 cm Luffy Crouching Power Up fig\u016br\u0117l\u0117 \ud83c\udf00 Prisijunkite prie t\u016bkstan\u010di\u0173 \"One Piece\" gerb\u0117j\u0173, kurie jau turi \u0161\u012f epin\u012f Luffy<\/p>","protected":false},"featured_media":16766,"comment_status":"open","ping_status":"closed","template":"","meta":[],"product_brand":[],"product_cat":[696,18],"product_tag":[683,684],"class_list":{"0":"post-16880","1":"product","2":"type-product","3":"status-publish","4":"has-post-thumbnail","6":"product_cat-one-piece","7":"product_cat-action-figure","8":"product_tag-one-piece","9":"product_tag-luffy","11":"first","12":"instock","13":"sale","14":"taxable","15":"shipping-taxable","16":"purchasable","17":"product-type-simple"},"jetpack_sharing_enabled":true,"_links":{"self":[{"href":"https:\/\/standify.org\/lt\/wp-json\/wp\/v2\/product\/16880","targetHints":{"allow":["GET"]}}],"collection":[{"href":"https:\/\/standify.org\/lt\/wp-json\/wp\/v2\/product"}],"about":[{"href":"https:\/\/standify.org\/lt\/wp-json\/wp\/v2\/types\/product"}],"replies":[{"embeddable":true,"href":"https:\/\/standify.org\/lt\/wp-json\/wp\/v2\/comments?post=16880"}],"version-history":[{"count":2,"href":"https:\/\/standify.org\/lt\/wp-json\/wp\/v2\/product\/16880\/revisions"}],"predecessor-version":[{"id":16884,"href":"https:\/\/standify.org\/lt\/wp-json\/wp\/v2\/product\/16880\/revisions\/16884"}],"wp:featuredmedia":[{"embeddable":true,"href":"https:\/\/standify.org\/lt\/wp-json\/wp\/v2\/media\/16766"}],"wp:attachment":[{"href":"https:\/\/standify.org\/lt\/wp-json\/wp\/v2\/media?parent=16880"}],"wp:term":[{"taxonomy":"product_brand","embeddable":true,"href":"https:\/\/standify.org\/lt\/wp-json\/wp\/v2\/product_brand?post=16880"},{"taxonomy":"product_cat","embeddable":true,"href":"https:\/\/standify.org\/lt\/wp-json\/wp\/v2\/product_cat?post=16880"},{"taxonomy":"product_tag","embeddable":true,"href":"https:\/\/standify.org\/lt\/wp-json\/wp\/v2\/product_tag?post=16880"}],"curies":[{"name":"wp","href":"https:\/\/api.w.org\/{rel}","templated":true}]}}