{"id":16876,"date":"2024-10-16T22:44:53","date_gmt":"2024-10-16T12:44:53","guid":{"rendered":"https:\/\/standify.org\/shop\/luffys-gear-power-masterpiece-figurine-15cm\/"},"modified":"2026-03-02T10:19:39","modified_gmt":"2026-03-02T00:19:39","slug":"luffys-gear-power-masterpiece-figurine-15cm","status":"publish","type":"product","link":"https:\/\/standify.org\/lt\/parduotuve\/luffys-gear-power-masterpiece-figurine-15cm\/","title":{"rendered":"Luffy's Gear Power Masterpiece fig\u016br\u0117l\u0117 (15 cm)"},"content":{"rendered":"<p>\ud83c\udf1f Kvie\u010diame visus \"One Piece\" gerb\u0117jus! \ud83c\udf1f<\/p>\n<p>\u0160is <strong>\ud83d\udd25 Luffy's Gear Power Masterpiece (15cm) \ud83c\udff4\u200d\u2620\ufe0f<\/strong> yra j\u016bs\u0173 galimyb\u0117 \u012f Lietuv\u0105 atve\u017eti legendin\u012f <em>\u0160iaudin\u0117s skryb\u0117l\u0117s kapitonas<\/em> \u012f gyvenim\u0105 j\u016bs\u0173 lentynoje! \u0160i fig\u016br\u0117l\u0117 yra idealaus 15 cm dyd\u017eio, tod\u0117l puikiai tinka visiems gerb\u0117jams, kurie nori kompakti\u0161ko, bet \u012fsp\u016bdingo eksponato. \u0160i fig\u016br\u0117l\u0117 sukurta su stulbinan\u010diomis detal\u0117mis, ji vaizduoja Monkey D. Luffy viduryje veiksmo, valdant\u012f savo ugning\u0105 gali\u0105 ir b\u016bding\u0105 \u0161iaudin\u0117s skryb\u0117l\u0117s dvasi\u0105!<\/p>\n<p><strong>Kod\u0117l jums reikia \u0161io \u0161edevro:<\/strong><\/p>\n<ul>\n<li>\ud83c\udff4\u200d\u2620\ufe0f <strong>\"Epic Design\" dizainas<\/strong> - Su visu Luffy <em>Pavaros re\u017eimas<\/em>su tikrovi\u0161kais ugnies ir d\u016bm\u0173 efektais!<\/li>\n<li>\ud83d\udca5 <strong>Veiksmo kupina poza<\/strong> - Pajuskite energij\u0105, kai Luffy \u0161oka \u012f m\u016b\u0161\u012f, pasiruo\u0161\u0119s i\u0161laisvinti savo gali\u0105.<\/li>\n<li>\ud83c\udfa8 <strong>Ne\u012ftik\u0117tinas meistri\u0161kumas<\/strong> - Puikiai atkurta kiekviena detal\u0117 - nuo ry\u017etingos veido i\u0161rai\u0161kos iki ikoni\u0161kos aprangos.<\/li>\n<li>\ud83d\udccf <strong>Puikus dydis (15 cm)<\/strong> - Tinkamo dyd\u017eio, kad tilpt\u0173 ant stalo ar lentynos, tod\u0117l yra kompakti\u0161kas ir \u012fsp\u016bdingas!<\/li>\n<li>\ud83c\udfc6 <strong>Prisijunkite prie \u012fgulos<\/strong> - Daugiau nei <em>10 000 patenkint\u0173 gerb\u0117j\u0173<\/em> Luffy tapo j\u0173 pagrindiniu akcentu! Ar prisijungsite prie j\u0173?<\/li>\n<\/ul>\n<p>Nepraleiskite progos! Prid\u0117ti <strong>\ud83d\udd25 Luffy's Gear Power Masterpiece (15cm) \ud83c\udff4\u200d\u2620\ufe0f<\/strong> papildykite savo kolekcij\u0105 ir pademonstruokite savo pasidid\u017eiavim\u0105 \"One Piece\".<\/p>\n<p><strong>Atsarg\u0173 kiekis ribotas - griebkite savo dabar, kol j\u0173 dar n\u0117ra! \ud83c\udfc3\u200d\u2642\ufe0f\ud83d\udca8<\/strong><\/p>","protected":false},"excerpt":{"rendered":"<p>\ud83c\udf1f Kvie\u010diame visus \"One Piece\" gerb\u0117jus! \ud83c\udf1f \u0160is \ud83d\udd25 Luffy's Gear Power Masterpiece (15cm) \ud83c\udff4\u200d\u2620\ufe0f - tai j\u016bs\u0173 galimyb\u0117 atne\u0161ti<\/p>","protected":false},"featured_media":16805,"comment_status":"open","ping_status":"closed","template":"","meta":[],"product_brand":[],"product_cat":[696],"product_tag":[683,684],"class_list":{"0":"post-16876","1":"product","2":"type-product","3":"status-publish","4":"has-post-thumbnail","6":"product_cat-one-piece","7":"product_tag-one-piece","8":"product_tag-luffy","10":"first","11":"instock","12":"sale","13":"taxable","14":"shipping-taxable","15":"purchasable","16":"product-type-simple"},"jetpack_sharing_enabled":true,"_links":{"self":[{"href":"https:\/\/standify.org\/lt\/wp-json\/wp\/v2\/product\/16876","targetHints":{"allow":["GET"]}}],"collection":[{"href":"https:\/\/standify.org\/lt\/wp-json\/wp\/v2\/product"}],"about":[{"href":"https:\/\/standify.org\/lt\/wp-json\/wp\/v2\/types\/product"}],"replies":[{"embeddable":true,"href":"https:\/\/standify.org\/lt\/wp-json\/wp\/v2\/comments?post=16876"}],"version-history":[{"count":1,"href":"https:\/\/standify.org\/lt\/wp-json\/wp\/v2\/product\/16876\/revisions"}],"predecessor-version":[{"id":16886,"href":"https:\/\/standify.org\/lt\/wp-json\/wp\/v2\/product\/16876\/revisions\/16886"}],"wp:featuredmedia":[{"embeddable":true,"href":"https:\/\/standify.org\/lt\/wp-json\/wp\/v2\/media\/16805"}],"wp:attachment":[{"href":"https:\/\/standify.org\/lt\/wp-json\/wp\/v2\/media?parent=16876"}],"wp:term":[{"taxonomy":"product_brand","embeddable":true,"href":"https:\/\/standify.org\/lt\/wp-json\/wp\/v2\/product_brand?post=16876"},{"taxonomy":"product_cat","embeddable":true,"href":"https:\/\/standify.org\/lt\/wp-json\/wp\/v2\/product_cat?post=16876"},{"taxonomy":"product_tag","embeddable":true,"href":"https:\/\/standify.org\/lt\/wp-json\/wp\/v2\/product_tag?post=16876"}],"curies":[{"name":"wp","href":"https:\/\/api.w.org\/{rel}","templated":true}]}}