{"id":16855,"date":"2024-10-16T22:44:27","date_gmt":"2024-10-16T12:44:27","guid":{"rendered":"https:\/\/standify.org\/shop\/going-merry-thousand-sunny-floating-boat-one-piece\/"},"modified":"2026-04-06T11:50:35","modified_gmt":"2026-04-06T01:50:35","slug":"going-merry-thousand-sunny-floating-boat-one-piece","status":"publish","type":"product","link":"https:\/\/standify.org\/lt\/parduotuve\/going-merry-thousand-sunny-floating-boat-one-piece\/","title":{"rendered":"\"Going Merry\/Thousand Sunny\" pl\u016bduriuojanti valtis - VIENINTEL\u0116"},"content":{"rendered":"<p>Ar kada nors nor\u0117jote gauti dal\u012f <em>Viena dalis<\/em> pasaulis j\u016bs\u0173 rankose? \ud83c\udf1f M\u016bs\u0173 <strong>Vieno gabalo skys\u010di\u0173 dreifo butelis<\/strong> yra \u010dia, kad \u0161i svajon\u0117 i\u0161sipildyt\u0173! \u0160i stulbinanti kultinio <strong>Eiti linksmai<\/strong> ir <strong>T\u016bkstantis saul\u0117t\u0173<\/strong> laivai pagaminti i\u0161 auk\u0161tos kokyb\u0117s akrilo, tod\u0117l Luffy \u012fgulos magija atkeliauja \u012f j\u016bs\u0173 namus. \u2728<\/p>\n<p>\ud83c\udf1f <strong>Kod\u0117l jums patiks<\/strong>:<\/p>\n<ul>\n<li>\ud83d\udc8e <strong>I\u0161tikima replika:<\/strong> Puikiai detalizuoti legendiniai laivai.<\/li>\n<li>\ud83c\udf0a <strong>Vandenyno poj\u016btis:<\/strong> Pripildyta mineralinio aliejaus ir i\u0161gryninto vandens, kad patirt\u0173 svaiginan\u010di\u0105 patirt\u012f.<\/li>\n<li>\ud83d\udccf <strong>Puikus dydis:<\/strong> 14,6 x 5,2 x 5,3 cm dyd\u017eio - idealiai tinka j\u016bs\u0173 ekspozicijos lentynai!<\/li>\n<\/ul>\n<p>Nesvarbu, ar esate <strong>u\u017ekiet\u0117j\u0119s gerb\u0117jas<\/strong>, a <strong>kolektorius<\/strong>, arba tiesiog norite prid\u0117ti \u0161iek tiek <em>pirat\u0173 dvasia<\/em> \u012f savo erdv\u0119, \u0161is unikalus daiktas akimirksniu perkels jus \u012f \"Grand Line\"! \ud83d\udca5<\/p>\n<p>\ud83c\udf81 <strong>Dovanokite arba pasilikite sau!<\/strong> Tai privaloma \u012franga, kuri\u0105 turi tur\u0117ti bet kuris <strong>anime m\u0117g\u0117jas<\/strong> arba <em>Viena dalis<\/em> ventiliatorius. Padarykite j\u012f savo \u0161iandien arba nustebinkite draug\u0105 nuotykiu, kur\u012f jis brangins am\u017einai!<\/p>\n<p>\ud83d\udc49 <strong>\u012esigyk dabar ir prisijunk prie Luffy atviroje j\u016broje!<\/strong><\/p>\n<p>&nbsp;<\/p>","protected":false},"excerpt":{"rendered":"<p>Ar kada nors nor\u0117jote tur\u0117ti \"One Piece\" pasaulio dal\u012f savo rankose? \ud83c\udf1f M\u016bs\u0173 \"One Piece\" skys\u010di\u0173 buteliukas \"Drift<\/p>","protected":false},"featured_media":16764,"comment_status":"open","ping_status":"closed","template":"","meta":[],"product_brand":[],"product_cat":[696],"product_tag":[27,683],"class_list":{"0":"post-16855","1":"product","2":"type-product","3":"status-publish","4":"has-post-thumbnail","6":"product_cat-one-piece","7":"product_tag-upsell","8":"product_tag-one-piece","10":"first","11":"instock","12":"sale","13":"taxable","14":"shipping-taxable","15":"purchasable","16":"product-type-variable","17":"has-default-attributes"},"jetpack_sharing_enabled":true,"_links":{"self":[{"href":"https:\/\/standify.org\/lt\/wp-json\/wp\/v2\/product\/16855","targetHints":{"allow":["GET"]}}],"collection":[{"href":"https:\/\/standify.org\/lt\/wp-json\/wp\/v2\/product"}],"about":[{"href":"https:\/\/standify.org\/lt\/wp-json\/wp\/v2\/types\/product"}],"replies":[{"embeddable":true,"href":"https:\/\/standify.org\/lt\/wp-json\/wp\/v2\/comments?post=16855"}],"version-history":[{"count":2,"href":"https:\/\/standify.org\/lt\/wp-json\/wp\/v2\/product\/16855\/revisions"}],"predecessor-version":[{"id":16903,"href":"https:\/\/standify.org\/lt\/wp-json\/wp\/v2\/product\/16855\/revisions\/16903"}],"wp:featuredmedia":[{"embeddable":true,"href":"https:\/\/standify.org\/lt\/wp-json\/wp\/v2\/media\/16764"}],"wp:attachment":[{"href":"https:\/\/standify.org\/lt\/wp-json\/wp\/v2\/media?parent=16855"}],"wp:term":[{"taxonomy":"product_brand","embeddable":true,"href":"https:\/\/standify.org\/lt\/wp-json\/wp\/v2\/product_brand?post=16855"},{"taxonomy":"product_cat","embeddable":true,"href":"https:\/\/standify.org\/lt\/wp-json\/wp\/v2\/product_cat?post=16855"},{"taxonomy":"product_tag","embeddable":true,"href":"https:\/\/standify.org\/lt\/wp-json\/wp\/v2\/product_tag?post=16855"}],"curies":[{"name":"wp","href":"https:\/\/api.w.org\/{rel}","templated":true}]}}