{"id":1680,"date":"2023-11-07T15:13:49","date_gmt":"2023-11-07T15:13:49","guid":{"rendered":"https:\/\/standify.org\/?product=skull-controller-stand"},"modified":"2025-11-30T01:14:18","modified_gmt":"2025-11-29T15:14:18","slug":"cubone-controller-stand","status":"publish","type":"product","link":"https:\/\/standify.org\/lt\/parduotuve\/cubone-controller-stand\/","title":{"rendered":"\"Cubone\" valdiklio stovas"},"content":{"rendered":"<p>Matmenys: apie 75 mm<\/p>\n<p>Atraskite geriausi\u0105 savo \u017eaidim\u0173 arsenalo palydov\u0105 su \"Bone Controller Stand\"! \ud83c\udfae<\/p>\n<p><strong>\"Pok\u00e9-Perfect\" saugykla<\/strong> - \u0160is su meile pagamintas stovas, \u012fkv\u0117ptas kultinio animacinio filmo persona\u017eo, suteikia nostalgijos ir naudingumo. Puikiai tinka valdikliui laikyti, kai nekovojate skaitmenin\u0117je erdv\u0117je.<\/p>\n<p><strong>Visuotinai suderinamas<\/strong> - \u0160is stovas yra ideali vieta j\u016bs\u0173 valdikliui, pritaikyta universaliai.<\/p>\n<p><strong>Kompakti\u0161kas ir galingas<\/strong> - \u0160is patogaus dyd\u017eio stovas neu\u017eims brangios vietos, bet i\u0161siskirs i\u0161skirtiniu, \u017eaid\u0117jams patvirtintu dizainu.<\/p>\n<p>Privalomas daiktas kiekvienam \u017eaid\u0117jui, norin\u010diam, kad jo \u012franga b\u016bt\u0173 paruo\u0161ta m\u016b\u0161iui ir i\u0161did\u017eiai demonstruojama!<\/p>","protected":false},"excerpt":{"rendered":"<p>Matmenys: apie 75 mm Atraskite geriausi\u0105 savo \u017eaidim\u0173 arsenalo palydov\u0105 su \"Bone Controller Stand\"! \ud83c\udfae Pok\u00e9-Perfect Storage -<\/p>","protected":false},"featured_media":1686,"comment_status":"open","ping_status":"closed","template":"","meta":[],"product_brand":[],"product_cat":[16,25],"product_tag":[24],"class_list":{"0":"post-1680","1":"product","2":"type-product","3":"status-publish","4":"has-post-thumbnail","6":"product_cat-standify","7":"product_cat-controller-stand","8":"product_tag-controller-stand","10":"first","11":"instock","12":"taxable","13":"shipping-taxable","14":"purchasable","15":"product-type-variable"},"jetpack_sharing_enabled":true,"_links":{"self":[{"href":"https:\/\/standify.org\/lt\/wp-json\/wp\/v2\/product\/1680","targetHints":{"allow":["GET"]}}],"collection":[{"href":"https:\/\/standify.org\/lt\/wp-json\/wp\/v2\/product"}],"about":[{"href":"https:\/\/standify.org\/lt\/wp-json\/wp\/v2\/types\/product"}],"replies":[{"embeddable":true,"href":"https:\/\/standify.org\/lt\/wp-json\/wp\/v2\/comments?post=1680"}],"version-history":[{"count":1,"href":"https:\/\/standify.org\/lt\/wp-json\/wp\/v2\/product\/1680\/revisions"}],"predecessor-version":[{"id":34609,"href":"https:\/\/standify.org\/lt\/wp-json\/wp\/v2\/product\/1680\/revisions\/34609"}],"wp:featuredmedia":[{"embeddable":true,"href":"https:\/\/standify.org\/lt\/wp-json\/wp\/v2\/media\/1686"}],"wp:attachment":[{"href":"https:\/\/standify.org\/lt\/wp-json\/wp\/v2\/media?parent=1680"}],"wp:term":[{"taxonomy":"product_brand","embeddable":true,"href":"https:\/\/standify.org\/lt\/wp-json\/wp\/v2\/product_brand?post=1680"},{"taxonomy":"product_cat","embeddable":true,"href":"https:\/\/standify.org\/lt\/wp-json\/wp\/v2\/product_cat?post=1680"},{"taxonomy":"product_tag","embeddable":true,"href":"https:\/\/standify.org\/lt\/wp-json\/wp\/v2\/product_tag?post=1680"}],"curies":[{"name":"wp","href":"https:\/\/api.w.org\/{rel}","templated":true}]}}