{"id":16775,"date":"2024-10-16T22:43:30","date_gmt":"2024-10-16T12:43:30","guid":{"rendered":"https:\/\/standify.org\/shop\/monkey-d-luffy-gear-5-awakening-figurine\/"},"modified":"2026-03-29T18:34:10","modified_gmt":"2026-03-29T08:34:10","slug":"monkey-d-luffy-gear-5-awakening-figurine","status":"publish","type":"product","link":"https:\/\/standify.org\/lt\/parduotuve\/monkey-d-luffy-gear-5-awakening-figurine\/","title":{"rendered":"Monkey D. Luffy Gear 5 Awakening fig\u016br\u0117l\u0117"},"content":{"rendered":"<p>\ud83c\udf1f <strong>Prisijunkite prie \u012fgulos su Luffy's Gear 5 fig\u016br\u0117le!<\/strong> \ud83c\udf1f<\/p>\n<p>\ud83d\udca5 Pasiruo\u0161kite tapti nuotyki\u0173 dalimi su <strong>Be\u017ed\u017eion\u0117 D. Luffy<\/strong> - b\u016bsimasis pirat\u0173 karalius ir legendinio laivo kapitonas <strong>\u0160iaudini\u0173 skryb\u0117li\u0173 piratai<\/strong>! \ud83d\udcaa<\/p>\n<p>\u26a1 <strong>\u0160i \"Epic\" fig\u016br\u0117l\u0117 turi:<\/strong><\/p>\n<ul>\n<li>\ud83c\udf0a <strong>Luffy pavara 5 transformacija<\/strong> - Reinkarnacija <strong>D\u017eiaugsmo berniukas<\/strong> su neprilygstama galia!<\/li>\n<li>\ud83d\udd25 <strong>Ne\u012ftik\u0117tinas 10 cm dydis<\/strong> - Kompakti\u0161kas, bet pilnas veiksmo!<\/li>\n<li>\ud83c\udfa8 <strong>Auk\u0161tos klas\u0117s dizainas<\/strong> - Sukurtas taip, kad i\u0161likt\u0173 i\u0161tikimas <strong>Viena dalis<\/strong>.<\/li>\n<\/ul>\n<p><strong>Kod\u0117l \u0161i\u0105 fig\u016br\u0117l\u0119 b\u016btina tur\u0117ti:<\/strong> Luffy's <strong>Pavar\u0173 d\u0117\u017e\u0117 5<\/strong> forma debiutavo per kultin\u012f <strong>Oniga\u0161imos karas<\/strong>, atstovaujantis savo <strong>pa\u017eadintos velnio vaisi\u0173 galios.<\/strong>! Tai daugiau nei tik fig\u016br\u0117l\u0117 - tai dalel\u0117 <strong>One Piece visata<\/strong>! \ud83c\udf0d<\/p>\n<p>Prisijunkite prie t\u016bkstan\u010di\u0173 gerb\u0117j\u0173, kurie savo kambarius paver\u010dia <strong>\u0160onen \u0161ventyklos<\/strong>! \ud83c\udff4\u200d\u2620\ufe0f Pajuskite nuotyki\u0173 dvasi\u0105 kaip Luffy, padengtas <strong>Haki<\/strong> ir ry\u017etingai kovoja, kad i\u0161laisvint\u0173 j\u016bras. \ud83c\udf0a<\/p>\n<p>\ud83d\udd25 <strong>Ar esate pasireng\u0119 prisijungti prie komandos?<\/strong> Papildykite savo kolekcij\u0105 \u0161ia Luffy fig\u016br\u0117le ir tapkite pirat\u0173 legendos dalimi! \ud83c\udff4\u200d\u2620\ufe0f<\/p>","protected":false},"excerpt":{"rendered":"<p>\ud83c\udf1f Prisijunk prie \u012fgulos su Luffy's Gear 5 fig\u016br\u0117le! \ud83c\udf1f \ud83d\udca5 Pasiruo\u0161k tapti nuotyki\u0173 dalimi su<\/p>","protected":false},"featured_media":16726,"comment_status":"open","ping_status":"closed","template":"","meta":[],"product_brand":[],"product_cat":[696,18],"product_tag":[684,683],"class_list":{"0":"post-16775","1":"product","2":"type-product","3":"status-publish","4":"has-post-thumbnail","6":"product_cat-one-piece","7":"product_cat-action-figure","8":"product_tag-luffy","9":"product_tag-one-piece","11":"first","12":"instock","13":"sale","14":"taxable","15":"shipping-taxable","16":"purchasable","17":"product-type-simple"},"jetpack_sharing_enabled":true,"_links":{"self":[{"href":"https:\/\/standify.org\/lt\/wp-json\/wp\/v2\/product\/16775","targetHints":{"allow":["GET"]}}],"collection":[{"href":"https:\/\/standify.org\/lt\/wp-json\/wp\/v2\/product"}],"about":[{"href":"https:\/\/standify.org\/lt\/wp-json\/wp\/v2\/types\/product"}],"replies":[{"embeddable":true,"href":"https:\/\/standify.org\/lt\/wp-json\/wp\/v2\/comments?post=16775"}],"version-history":[{"count":2,"href":"https:\/\/standify.org\/lt\/wp-json\/wp\/v2\/product\/16775\/revisions"}],"predecessor-version":[{"id":16893,"href":"https:\/\/standify.org\/lt\/wp-json\/wp\/v2\/product\/16775\/revisions\/16893"}],"wp:featuredmedia":[{"embeddable":true,"href":"https:\/\/standify.org\/lt\/wp-json\/wp\/v2\/media\/16726"}],"wp:attachment":[{"href":"https:\/\/standify.org\/lt\/wp-json\/wp\/v2\/media?parent=16775"}],"wp:term":[{"taxonomy":"product_brand","embeddable":true,"href":"https:\/\/standify.org\/lt\/wp-json\/wp\/v2\/product_brand?post=16775"},{"taxonomy":"product_cat","embeddable":true,"href":"https:\/\/standify.org\/lt\/wp-json\/wp\/v2\/product_cat?post=16775"},{"taxonomy":"product_tag","embeddable":true,"href":"https:\/\/standify.org\/lt\/wp-json\/wp\/v2\/product_tag?post=16775"}],"curies":[{"name":"wp","href":"https:\/\/api.w.org\/{rel}","templated":true}]}}