{"id":1613,"date":"2023-10-05T16:47:25","date_gmt":"2023-10-05T16:47:25","guid":{"rendered":"https:\/\/standify.org\/?product=samurai-controller-stand"},"modified":"2026-03-01T19:52:50","modified_gmt":"2026-03-01T09:52:50","slug":"for-ghost-of-tsushima-gaming-controller-holder-one-more-life-controller-holder-figure-headphone-stand-for-ps5-ps4-ns-k7a5","status":"publish","type":"product","link":"https:\/\/standify.org\/lt\/parduotuve\/for-ghost-of-tsushima-gaming-controller-holder-one-more-life-controller-holder-figure-headphone-stand-for-ps5-ps4-ns-k7a5\/","title":{"rendered":"\"Ghost Tsushima\" valdiklio stovas"},"content":{"rendered":"<p>Pagerinkite savo \u017eaidim\u0173 s\u0105rank\u0105 su \u0161iuo i\u0161skirtiniu \"Samurai\" valdiklio laikikliu! \ud83c\udf8c Jis ne tik patikimai laikys j\u016bs\u0173 valdikl\u012f, bet ir taps patraukliu papuo\u0161alu, demonstruojan\u010diu j\u016bs\u0173 aistr\u0105 epiniam \u017eaidimui. \ud83d\udde1\ufe0f<\/p>\n<p><strong>\ud83c\udfa8 I\u0161skirtinis dizainas:<\/strong> \u012ekv\u0117ptas u\u017eburian\u010dio Cu\u0161imos gro\u017eio, \u0161is laikiklis perteikia \u017eaidimo esm\u0119.<br \/>\n<strong>\ud83d\udd04 Dviguba paskirtis:<\/strong> Prakti\u0161kas laikiklis ir dekoratyvinis elementas viename.<br \/>\n<strong>\ud83c\udf81 Paruo\u0161ta dovanoms:<\/strong> Idealiai tinka aistringam \u017eaid\u0117jui arba dovanai sau.<\/p>\n<p>Patirkite funkcionalumo ir meni\u0161kumo sintez\u0119. \ud83c\udf1f Pagerinkite savo \u017eaidim\u0173 erdv\u0119 su \"Samurai\" valdiklio laikikliu jau \u0161iandien! \u2694\ufe0f<\/p>\n<p>Universalus suderinamumas, \u012fskaitant \"PS5\/4\", \"Xbox\", \"Switch<\/p>\n<p>Pagrindo dydis: 13,8 x 8,5 x 7,0 cm (5,4 x 3,3 x 2,7)<\/p>","protected":false},"excerpt":{"rendered":"<p>Pagerinkite savo \u017eaidim\u0173 s\u0105rank\u0105 su \u0161iuo i\u0161skirtiniu \"Samurai\" valdiklio laikikliu! \ud83c\udf8c Jis ne tik patikimai laiko j\u016bs\u0173 valdikl\u012f, bet ir<\/p>","protected":false},"featured_media":1615,"comment_status":"open","ping_status":"closed","template":"","meta":[],"product_brand":[],"product_cat":[16,25],"product_tag":[24],"class_list":{"0":"post-1613","1":"product","2":"type-product","3":"status-publish","4":"has-post-thumbnail","6":"product_cat-standify","7":"product_cat-controller-stand","8":"product_tag-controller-stand","10":"first","11":"instock","12":"sale","13":"taxable","14":"shipping-taxable","15":"purchasable","16":"product-type-simple"},"jetpack_sharing_enabled":true,"_links":{"self":[{"href":"https:\/\/standify.org\/lt\/wp-json\/wp\/v2\/product\/1613","targetHints":{"allow":["GET"]}}],"collection":[{"href":"https:\/\/standify.org\/lt\/wp-json\/wp\/v2\/product"}],"about":[{"href":"https:\/\/standify.org\/lt\/wp-json\/wp\/v2\/types\/product"}],"replies":[{"embeddable":true,"href":"https:\/\/standify.org\/lt\/wp-json\/wp\/v2\/comments?post=1613"}],"version-history":[{"count":0,"href":"https:\/\/standify.org\/lt\/wp-json\/wp\/v2\/product\/1613\/revisions"}],"wp:featuredmedia":[{"embeddable":true,"href":"https:\/\/standify.org\/lt\/wp-json\/wp\/v2\/media\/1615"}],"wp:attachment":[{"href":"https:\/\/standify.org\/lt\/wp-json\/wp\/v2\/media?parent=1613"}],"wp:term":[{"taxonomy":"product_brand","embeddable":true,"href":"https:\/\/standify.org\/lt\/wp-json\/wp\/v2\/product_brand?post=1613"},{"taxonomy":"product_cat","embeddable":true,"href":"https:\/\/standify.org\/lt\/wp-json\/wp\/v2\/product_cat?post=1613"},{"taxonomy":"product_tag","embeddable":true,"href":"https:\/\/standify.org\/lt\/wp-json\/wp\/v2\/product_tag?post=1613"}],"curies":[{"name":"wp","href":"https:\/\/api.w.org\/{rel}","templated":true}]}}