{"id":15888,"date":"2024-07-11T23:53:35","date_gmt":"2024-07-11T13:53:35","guid":{"rendered":"https:\/\/standify.org\/?post_type=product&#038;p=15888"},"modified":"2025-11-30T00:51:45","modified_gmt":"2025-11-29T14:51:45","slug":"gold-goku-iphone-case","status":"publish","type":"product","link":"https:\/\/standify.org\/lt\/parduotuve\/gold-goku-iphone-case\/","title":{"rendered":"Auksinis Goku iPhone d\u0117klas"},"content":{"rendered":"<ul>\n<li>Pristatymas visame pasaulyje.<\/li>\n<li>Visos siuntos yra apdraustos ir turi sekimo numerius.<\/li>\n<li>Naudojant galvaninio sidabro technologij\u0105, jis yra patvarus ir kartu gra\u017eus.<\/li>\n<li><b>Standify\u2122 GARANTIJA<\/b><\/li>\n<\/ul>\n<ul>\n<li>Mes did\u017eiuojam\u0117s savo produkt\u0173 kokybe ir garantuojame, kad liksite patenkinti 100% bet kuo, k\u0105 \u012fsigysite.\u00a0<b>standify.org<\/b><\/li>\n<li>Jei d\u0117l koki\u0173 nors prie\u017eas\u010di\u0173 nesate visi\u0161kai patenkinti savo pirkiniu, pasir\u016bpinsime, kad per atitinkam\u0105 laikotarp\u012f atgautum\u0117te pinigus - be joki\u0173 klausim\u0173.<\/li>\n<\/ul>","protected":false},"excerpt":{"rendered":"<p>Pristatymas visame pasaulyje. Visos siuntos apdraustos ir turi sekimo numerius. Naudojant galvanizuoto sidabro technologij\u0105, jis yra patvarus ir gra\u017eus.<\/p>","protected":false},"featured_media":15889,"comment_status":"open","ping_status":"closed","template":"","meta":[],"product_brand":[],"product_cat":[658,641,20],"product_tag":[],"class_list":{"0":"post-15888","1":"product","2":"type-product","3":"status-publish","4":"has-post-thumbnail","6":"product_cat-phone-cases","7":"product_cat-dragon-ball-z-super-saiyan","8":"product_cat-apparel","10":"first","11":"instock","12":"sale","13":"taxable","14":"shipping-taxable","15":"purchasable","16":"product-type-variable","17":"has-default-attributes"},"jetpack_sharing_enabled":true,"_links":{"self":[{"href":"https:\/\/standify.org\/lt\/wp-json\/wp\/v2\/product\/15888","targetHints":{"allow":["GET"]}}],"collection":[{"href":"https:\/\/standify.org\/lt\/wp-json\/wp\/v2\/product"}],"about":[{"href":"https:\/\/standify.org\/lt\/wp-json\/wp\/v2\/types\/product"}],"replies":[{"embeddable":true,"href":"https:\/\/standify.org\/lt\/wp-json\/wp\/v2\/comments?post=15888"}],"version-history":[{"count":0,"href":"https:\/\/standify.org\/lt\/wp-json\/wp\/v2\/product\/15888\/revisions"}],"wp:featuredmedia":[{"embeddable":true,"href":"https:\/\/standify.org\/lt\/wp-json\/wp\/v2\/media\/15889"}],"wp:attachment":[{"href":"https:\/\/standify.org\/lt\/wp-json\/wp\/v2\/media?parent=15888"}],"wp:term":[{"taxonomy":"product_brand","embeddable":true,"href":"https:\/\/standify.org\/lt\/wp-json\/wp\/v2\/product_brand?post=15888"},{"taxonomy":"product_cat","embeddable":true,"href":"https:\/\/standify.org\/lt\/wp-json\/wp\/v2\/product_cat?post=15888"},{"taxonomy":"product_tag","embeddable":true,"href":"https:\/\/standify.org\/lt\/wp-json\/wp\/v2\/product_tag?post=15888"}],"curies":[{"name":"wp","href":"https:\/\/api.w.org\/{rel}","templated":true}]}}