{"id":1533,"date":"2024-02-28T13:11:58","date_gmt":"2024-02-28T13:11:58","guid":{"rendered":"https:\/\/standify.org\/?post_type=product&#038;p=1533"},"modified":"2024-11-19T03:38:16","modified_gmt":"2024-11-18T17:38:16","slug":"premium-goku-college-varsity-jacket","status":"publish","type":"product","link":"https:\/\/standify.org\/lt\/parduotuve\/premium-goku-college-varsity-jacket\/","title":{"rendered":"\"Premium Goku College Varsity\" striuk\u0117"},"content":{"rendered":"<p>Atskleiskite savo Sajan\u0173 stili\u0173 su m\u016bs\u0173 \"Premium DBZ Varsity\" striuke! \ud83d\udd25<\/p>\n<ul>\n<li><strong>Epin\u0117s DBZ emblemos:<\/strong> Priekyje ir gale, kad poveikis b\u016bt\u0173 maksimalus! \ud83d\udc09<\/li>\n<li><strong>Dr\u0105sios spalvos:<\/strong> Ak\u012f traukiantis oran\u017ein\u0117s ir m\u0117lynos spalvos derinys! \ud83c\udfa8<\/li>\n<li><strong>Auk\u0161\u010diausio lygio kokyb\u0117:<\/strong> Patvari ir patogi kasdieniam d\u0117v\u0117jimui! \ud83d\udcaa<\/li>\n<li><strong>Cool Varsity Vibe:<\/strong> Naudokite j\u012f mokykloje, \u017eaidimuose ar sirgali\u0173 susitikimuose! \ud83c\udfeb\ud83c\udfc8<\/li>\n<li><strong>Visiems gerb\u0117jams:<\/strong> Vieno modelio dizainas kiekvienam Sajan\u0173 kariui! \ud83d\udc55<\/li>\n<\/ul>\n<p><strong>Pasiimkite j\u012f!<\/strong> Ribotos atsargos! \ud83d\udecd\ufe0f<\/p>\n<ul>\n<li><strong>Lengva prie\u017ei\u016bra:<\/strong> Skalbkite ir d\u0117v\u0117kite be i\u0161blukimo. \ud83e\uddfc<\/li>\n<li><strong>\"Pocket-Plus\":<\/strong> Apsaugokite savo \u012frang\u0105 keliaudami. \ud83d\udcf1\ud83d\udcbc<\/li>\n<li><strong>Dydis - teisingas:<\/strong> Nuo S iki XL, kad puikiai tikt\u0173. \ud83d\udccf<\/li>\n<\/ul>\n<p><strong>Tapkite savo istorijos herojumi - griebkite \u0161i\u0105 striuk\u0119 dabar!<\/strong> \ud83d\uded2\ud83d\udca8<\/p>","protected":false},"excerpt":{"rendered":"<p>Atskleiskite savo Sajan\u0173 stili\u0173 su m\u016bs\u0173 \"Premium DBZ Varsity\" striuke! \ud83d\udd25 Epin\u0117s DBZ emblemos: Priekyje ir nugaroje - maksimaliam \u012fsp\u016bd\u017eiui!<\/p>","protected":false},"featured_media":1569,"comment_status":"open","ping_status":"closed","template":"","meta":[],"product_brand":[],"product_cat":[641,16,20],"product_tag":[19,27],"class_list":{"0":"post-1533","1":"product","2":"type-product","3":"status-publish","4":"has-post-thumbnail","6":"product_cat-dragon-ball-z-super-saiyan","7":"product_cat-standify","8":"product_cat-apparel","9":"product_tag-clothing","10":"product_tag-upsell","12":"first","13":"instock","14":"taxable","15":"shipping-taxable","16":"purchasable","17":"product-type-variable","18":"has-default-attributes"},"jetpack_sharing_enabled":true,"_links":{"self":[{"href":"https:\/\/standify.org\/lt\/wp-json\/wp\/v2\/product\/1533","targetHints":{"allow":["GET"]}}],"collection":[{"href":"https:\/\/standify.org\/lt\/wp-json\/wp\/v2\/product"}],"about":[{"href":"https:\/\/standify.org\/lt\/wp-json\/wp\/v2\/types\/product"}],"replies":[{"embeddable":true,"href":"https:\/\/standify.org\/lt\/wp-json\/wp\/v2\/comments?post=1533"}],"version-history":[{"count":0,"href":"https:\/\/standify.org\/lt\/wp-json\/wp\/v2\/product\/1533\/revisions"}],"wp:featuredmedia":[{"embeddable":true,"href":"https:\/\/standify.org\/lt\/wp-json\/wp\/v2\/media\/1569"}],"wp:attachment":[{"href":"https:\/\/standify.org\/lt\/wp-json\/wp\/v2\/media?parent=1533"}],"wp:term":[{"taxonomy":"product_brand","embeddable":true,"href":"https:\/\/standify.org\/lt\/wp-json\/wp\/v2\/product_brand?post=1533"},{"taxonomy":"product_cat","embeddable":true,"href":"https:\/\/standify.org\/lt\/wp-json\/wp\/v2\/product_cat?post=1533"},{"taxonomy":"product_tag","embeddable":true,"href":"https:\/\/standify.org\/lt\/wp-json\/wp\/v2\/product_tag?post=1533"}],"curies":[{"name":"wp","href":"https:\/\/api.w.org\/{rel}","templated":true}]}}