{"id":14281,"date":"2024-06-25T04:06:30","date_gmt":"2024-06-24T18:06:30","guid":{"rendered":"https:\/\/standify.org\/shop\/anime-gym-shorts\/"},"modified":"2026-05-03T06:15:16","modified_gmt":"2026-05-02T20:15:16","slug":"anime-gym-shorts","status":"publish","type":"product","link":"https:\/\/standify.org\/lt\/parduotuve\/anime-gym-shorts\/","title":{"rendered":"Anime sporto klubo \u0161ortai"},"content":{"rendered":"<p><strong>I\u0161skirtin\u0117 med\u017eiaga: \u0160ortai \"2 in 1\" pagaminti i\u0161 mink\u0161to ir patogaus poliesterio ir spandekso, o 4 kryp\u010di\u0173 ruo\u017eas skatina lanks\u010dius ir laisvus judesius. Greitai d\u017ei\u016bstantis audinys nesijaus perpildytas sportuojant, v\u0117sus, pralaidus orui ir patogus.<\/strong><\/p>\n<p>Puikus dizainas: Ties juosmeniu esantis rai\u0161telis gali b\u016bti reguliuojamas pagal j\u016bs\u0173 fig\u016br\u0105, o elastingas juosmuo suteikia maksimal\u0173 komfort\u0105. Dvi \u0161onin\u0117s ki\u0161en\u0117s, kuri\u0173 pakanka telefonui, piniginei ir kitiems smulkiems daiktams ne\u0161iotis.<\/p>\n<p>Atnaujinti pamu\u0161al\u0105: Vidinis pamu\u0161alas yra sustiprintas ir elastingesnis. Paliet\u0119 j\u012f galite pajusti skirtum\u0105 tarp jo ir paprast\u0173 \u0161ort\u0173, be to, jis pasi\u017eymi auk\u0161tesne kokybe. Audinys yra dailiai pagamintas, \u0161velnus ir patogus, jame n\u0117ra blogo poj\u016b\u010dio, pavyzd\u017eiui, trinties.<\/p>\n<p>Unikalus spausdinimas: \u012ekv\u0117ptas j\u016bs\u0173 m\u0117gstamo anime persona\u017eo, madingas ir kietas.<\/p>\n<p>Taikomi scenarijai: \u0160ortai \"2 viename\" tinka d\u0117v\u0117ti namuose, b\u0117gioti lauke, sportuoti, sportuoti sporto sal\u0117je, mank\u0161tintis, u\u017esiimti joga, papl\u016bdimyje ir kitomis progomis, pasi\u017eymi dideliu komfortu, klasikiniu ir madingu stiliumi.<\/p>\n<p>Skalbimo patarimai: Galima skalbti rankomis arba skalbimo ma\u0161ina. Po pakartotinio valymo spalva nei\u0161bluks. Nebalinti.<br \/>\n<img decoding=\"async\" src=\"https:\/\/ae01.alicdn.com\/kf\/S7696f4a1b2a7483fbbfa3933408d6b6fz.jpg?width=606&amp;height=340&amp;hash=946\" alt=\"Standify Anime Dragon Ball Z fig\u016br\u0117l\u0117s ir Goku ausini\u0173 stovas\"><br \/>\n<img decoding=\"async\" src=\"https:\/\/ae01.alicdn.com\/kf\/Sfdae12f0a0b54f5ea6f1c6e12f26aebbB.jpg?width=800&amp;height=800&amp;hash=1600\" alt=\"Standify Anime Dragon Ball Z fig\u016br\u0117l\u0117s ir Goku ausini\u0173 stovas\"><br \/>\n<strong>. <\/strong> <img decoding=\"async\" src=\"https:\/\/ae01.alicdn.com\/kf\/Sb9bc18c5b15d4a6f89911f7bb4a35161d.jpg?width=800&amp;height=800&amp;hash=1600\" alt=\"Standify Anime Dragon Ball Z fig\u016br\u0117l\u0117s ir Goku ausini\u0173 stovas\">\u00a0<img decoding=\"async\" src=\"https:\/\/ae01.alicdn.com\/kf\/Sdae5e77c1f224ec2a2765f75c49da18aQ.jpg?width=750&amp;height=1333&amp;hash=2083\" alt=\"Standify Anime Dragon Ball Z fig\u016br\u0117l\u0117s ir Goku ausini\u0173 stovas\"> <img decoding=\"async\" src=\"https:\/\/ae01.alicdn.com\/kf\/S2b118ff0eeff486c81e12e57f35b580eH.jpg?width=800&amp;height=800&amp;hash=1600\" alt=\"Standify Anime Dragon Ball Z fig\u016br\u0117l\u0117s ir Goku ausini\u0173 stovas\"> <img decoding=\"async\" src=\"https:\/\/ae01.alicdn.com\/kf\/S93043a3799ce48549641fa1c266d6e2eI.jpg?width=800&amp;height=800&amp;hash=1600\" alt=\"Standify Anime Dragon Ball Z fig\u016br\u0117l\u0117s ir Goku ausini\u0173 stovas\"> <img decoding=\"async\" src=\"https:\/\/ae01.alicdn.com\/kf\/Sf06bec503a9a47389f8fc3b8ec2d225eU.jpg?width=800&amp;height=800&amp;hash=1600\" alt=\"Standify Anime Dragon Ball Z fig\u016br\u0117l\u0117s ir Goku ausini\u0173 stovas\"> <img decoding=\"async\" src=\"https:\/\/ae01.alicdn.com\/kf\/S4a24b1b0b9bd45dca0d8c52cedde39eaW.jpg?width=800&amp;height=800&amp;hash=1600\" alt=\"Standify Anime Dragon Ball Z fig\u016br\u0117l\u0117s ir Goku ausini\u0173 stovas\"><\/p>","protected":false},"excerpt":{"rendered":"<p>I\u0161skirtin\u0117 med\u017eiaga: \u0160ortai 2 in 1 yra pagaminti i\u0161 poliesterio + spandekso, mink\u0161to ir patogaus audinio.<\/p>","protected":false},"featured_media":14227,"comment_status":"open","ping_status":"closed","template":"","meta":[],"product_brand":[],"product_cat":[641,16,20],"product_tag":[],"class_list":{"0":"post-14281","1":"product","2":"type-product","3":"status-publish","4":"has-post-thumbnail","6":"product_cat-dragon-ball-z-super-saiyan","7":"product_cat-standify","8":"product_cat-apparel","10":"first","11":"instock","12":"sale","13":"taxable","14":"shipping-taxable","15":"purchasable","16":"product-type-variable"},"jetpack_sharing_enabled":true,"_links":{"self":[{"href":"https:\/\/standify.org\/lt\/wp-json\/wp\/v2\/product\/14281","targetHints":{"allow":["GET"]}}],"collection":[{"href":"https:\/\/standify.org\/lt\/wp-json\/wp\/v2\/product"}],"about":[{"href":"https:\/\/standify.org\/lt\/wp-json\/wp\/v2\/types\/product"}],"replies":[{"embeddable":true,"href":"https:\/\/standify.org\/lt\/wp-json\/wp\/v2\/comments?post=14281"}],"version-history":[{"count":0,"href":"https:\/\/standify.org\/lt\/wp-json\/wp\/v2\/product\/14281\/revisions"}],"wp:featuredmedia":[{"embeddable":true,"href":"https:\/\/standify.org\/lt\/wp-json\/wp\/v2\/media\/14227"}],"wp:attachment":[{"href":"https:\/\/standify.org\/lt\/wp-json\/wp\/v2\/media?parent=14281"}],"wp:term":[{"taxonomy":"product_brand","embeddable":true,"href":"https:\/\/standify.org\/lt\/wp-json\/wp\/v2\/product_brand?post=14281"},{"taxonomy":"product_cat","embeddable":true,"href":"https:\/\/standify.org\/lt\/wp-json\/wp\/v2\/product_cat?post=14281"},{"taxonomy":"product_tag","embeddable":true,"href":"https:\/\/standify.org\/lt\/wp-json\/wp\/v2\/product_tag?post=14281"}],"curies":[{"name":"wp","href":"https:\/\/api.w.org\/{rel}","templated":true}]}}